{"id":13416,"date":"2020-09-14T11:33:53","date_gmt":"2020-09-14T14:33:53","guid":{"rendered":"https:\/\/vmisecurity.com\/raios-x-scanners-hospitais-imls\/"},"modified":"2023-10-06T19:34:08","modified_gmt":"2023-10-06T19:34:08","slug":"raios-x-scanners-hospitais-imls","status":"publish","type":"page","link":"https:\/\/vmisecurity.com\/de\/raios-x-scanners-hospitais-imls\/","title":{"rendered":"IML e Hospitais"},"content":{"rendered":"\t\t<div data-elementor-type=\"wp-page\" data-elementor-id=\"13416\" class=\"elementor elementor-13416 elementor-303\" data-elementor-post-type=\"page\">\n\t\t\t\t\t\t<section class=\"elementor-section elementor-top-section elementor-element elementor-element-c94054d elementor-section-stretched elementor-section-full_width elementor-section-height-default elementor-section-height-default\" data-id=\"c94054d\" data-element_type=\"section\" data-e-type=\"section\" data-settings=\"{&quot;stretch_section&quot;:&quot;section-stretched&quot;,&quot;background_background&quot;:&quot;classic&quot;}\">\n\t\t\t\t\t\t<div class=\"elementor-container elementor-column-gap-default\">\n\t\t\t\t\t<div class=\"elementor-column elementor-col-100 elementor-top-column elementor-element elementor-element-2b61ab8\" data-id=\"2b61ab8\" data-element_type=\"column\" data-e-type=\"column\">\n\t\t\t<div class=\"elementor-widget-wrap elementor-element-populated\">\n\t\t\t\t\t\t<section class=\"elementor-section elementor-inner-section elementor-element elementor-element-cb20985 elementor-section-boxed elementor-section-height-default elementor-section-height-default\" data-id=\"cb20985\" data-element_type=\"section\" data-e-type=\"section\">\n\t\t\t\t\t\t<div class=\"elementor-container elementor-column-gap-default\">\n\t\t\t\t\t<div class=\"elementor-column elementor-col-50 elementor-inner-column elementor-element elementor-element-801fa8c\" data-id=\"801fa8c\" data-element_type=\"column\" data-e-type=\"column\">\n\t\t\t<div class=\"elementor-widget-wrap elementor-element-populated\">\n\t\t\t\t\t\t<div class=\"elementor-element elementor-element-2c5f8fa elementor-widget elementor-widget-text-editor\" data-id=\"2c5f8fa\" data-element_type=\"widget\" data-e-type=\"widget\" data-widget_type=\"text-editor.default\">\n\t\t\t\t\t\t\t\t\t<div class=\"widget-title\"><span style=\"color: #ffffff;\"><a style=\"color: #ffffff;\" href=\"https:\/\/vmisecurity.com\/\/\/\">HOME<\/a> \/ IML E HOSPITAIS<\/span><\/div>\t\t\t\t\t\t\t\t<\/div>\n\t\t\t\t\t<\/div>\n\t\t<\/div>\n\t\t\t\t<div class=\"elementor-column elementor-col-50 elementor-inner-column elementor-element elementor-element-07b31ca\" data-id=\"07b31ca\" data-element_type=\"column\" data-e-type=\"column\">\n\t\t\t<div class=\"elementor-widget-wrap\">\n\t\t\t\t\t\t\t<\/div>\n\t\t<\/div>\n\t\t\t\t\t<\/div>\n\t\t<\/section>\n\t\t\t\t\t<\/div>\n\t\t<\/div>\n\t\t\t\t\t<\/div>\n\t\t<\/section>\n\t\t\t\t<section class=\"elementor-section elementor-top-section elementor-element elementor-element-2770f5e1 elementor-section-boxed elementor-section-height-default elementor-section-height-default\" data-id=\"2770f5e1\" data-element_type=\"section\" data-e-type=\"section\" data-settings=\"{&quot;background_background&quot;:&quot;classic&quot;}\">\n\t\t\t\t\t\t<div class=\"elementor-container elementor-column-gap-default\">\n\t\t\t\t\t<div class=\"elementor-column elementor-col-50 elementor-top-column elementor-element elementor-element-6dd68fa elementor-hidden-phone\" data-id=\"6dd68fa\" data-element_type=\"column\" data-e-type=\"column\">\n\t\t\t<div class=\"elementor-widget-wrap elementor-element-populated\">\n\t\t\t\t\t\t<div class=\"elementor-element elementor-element-4b0ad60 elementor-widget elementor-widget-text-editor\" data-id=\"4b0ad60\" data-element_type=\"widget\" data-e-type=\"widget\" data-widget_type=\"text-editor.default\">\n\t\t\t\t\t\t\t\t\t<div class=\"widget-title\"><span style=\"color: #242424;\"><strong>\u00c1REAS DE ATUA\u00c7\u00c3O<\/strong><\/span><\/div><div class=\"menu-atuacao-container\">\u00a0<\/div>\t\t\t\t\t\t\t\t<\/div>\n\t\t\t\t<div class=\"elementor-element elementor-element-612a179 elementor-widget elementor-widget-text-editor\" data-id=\"612a179\" data-element_type=\"widget\" data-e-type=\"widget\" data-widget_type=\"text-editor.default\">\n\t\t\t\t\t\t\t\t\t<div class=\"widget-title\"><p><span style=\"color: #6e6e6e;\"><a style=\"color: #6e6e6e;\" href=\"https:\/\/vmisecurity.com\/pt-br\/raios-x-scanners-portos-e-aduanas\/\" aria-current=\"page\">Portos e Aduanas<\/a><\/span><\/p><p><span style=\"color: #6e6e6e;\"><a style=\"color: #6e6e6e;\" href=\"https:\/\/vmisecurity.com\/pt-br\/scanners-raio-x-inspecao-aeroportos\/\">Aeroporto<\/a><\/span><\/p><p><span style=\"color: #6e6e6e;\"><a style=\"color: #6e6e6e;\" href=\"https:\/\/vmisecurity.com\/pt-br\/raios-x-scanners-seguranca-privada\/\">Setor Privado<\/a><\/span><\/p><p><span style=\"color: #6e6e6e;\"><a style=\"color: #6e6e6e;\" href=\"https:\/\/vmisecurity.com\/pt-br\/raios-x-scanners-sistema-prisional\/\">Sistema Prisional<\/a><\/span><\/p><p><span style=\"color: #6e6e6e;\"><a style=\"color: #6e6e6e;\" href=\"https:\/\/vmisecurity.com\/pt-br\/raios-x-scanners-uso-militar\/\">Militar<\/a><\/span><\/p><p><span style=\"color: #6e6e6e;\"><a style=\"color: #6e6e6e;\" href=\"https:\/\/vmisecurity.com\/pt-br\/raios-x-scanners-hospitais-imls\/\">IML e Hospitais<\/a><\/span><\/p><p><span style=\"color: #6e6e6e;\"><a style=\"color: #6e6e6e;\" href=\"https:\/\/vmisecurity.com\/pt-br\/raios-x-scanners-infraestruturas-criticas\/\">Infraestruturas Cr\u00edticas<\/a><\/span><\/p><p><span style=\"color: #6e6e6e;\"><a style=\"color: #6e6e6e;\" href=\"https:\/\/vmisecurity.com\/pt-br\/scanners-e-raios-x-para-seguranca-eventos-grandes\/\">Eventos<\/a><\/span><\/p><\/div>\t\t\t\t\t\t\t\t<\/div>\n\t\t\t\t\t<\/div>\n\t\t<\/div>\n\t\t\t\t<div class=\"elementor-column elementor-col-50 elementor-top-column elementor-element elementor-element-107480df\" data-id=\"107480df\" data-element_type=\"column\" data-e-type=\"column\">\n\t\t\t<div class=\"elementor-widget-wrap elementor-element-populated\">\n\t\t\t\t\t\t<section class=\"elementor-section elementor-inner-section elementor-element elementor-element-2f904622 elementor-section-content-middle elementor-section-boxed elementor-section-height-default elementor-section-height-default\" data-id=\"2f904622\" data-element_type=\"section\" data-e-type=\"section\">\n\t\t\t\t\t\t<div class=\"elementor-container elementor-column-gap-default\">\n\t\t\t\t\t<div class=\"elementor-column elementor-col-33 elementor-inner-column elementor-element elementor-element-14257f4b\" data-id=\"14257f4b\" data-element_type=\"column\" data-e-type=\"column\">\n\t\t\t<div class=\"elementor-widget-wrap elementor-element-populated\">\n\t\t\t\t\t\t<div class=\"elementor-element elementor-element-2e90c01 elementor-hidden-phone elementor-widget elementor-widget-text-editor\" data-id=\"2e90c01\" data-element_type=\"widget\" data-e-type=\"widget\" data-widget_type=\"text-editor.default\">\n\t\t\t\t\t\t\t\t\t<div class=\"wpb_column vc_column_container vc_col-sm-5\">\n<div class=\"vc_column-inner\">\n<div class=\"wpb_wrapper\">\n<div class=\"wpb_text_column wpb_content_element \">\n<div class=\"wpb_wrapper\">\n<h2 class=\"box two \" style=\"text-align: right;\"><span style=\"color: #000000;\">Scanners e raios-x de alta precis\u00e3o para situa\u00e7\u00f5es de alta sensibilidade em IML&#8217;s e hospitais.<\/span><\/h2>\n<\/div>\n<\/div>\n<\/div>\n<\/div>\n<\/div>\t\t\t\t\t\t\t\t<\/div>\n\t\t\t\t<div class=\"elementor-element elementor-element-3b5af64 elementor-hidden-desktop elementor-widget elementor-widget-text-editor\" data-id=\"3b5af64\" data-element_type=\"widget\" data-e-type=\"widget\" data-widget_type=\"text-editor.default\">\n\t\t\t\t\t\t\t\t\t<div class=\"wpb_column vc_column_container vc_col-sm-5\"><div class=\"vc_column-inner\"><div class=\"wpb_wrapper\"><div class=\"wpb_text_column wpb_content_element \"><div class=\"wpb_wrapper\"><h2 class=\"box two \" style=\"text-align: left;\"><span style=\"color: #000000;\">Mais precis\u00e3o em menos tempo para situa\u00e7\u00f5es de alta sensibilidade.<\/span><\/h2><\/div><\/div><\/div><\/div><\/div>\t\t\t\t\t\t\t\t<\/div>\n\t\t\t\t\t<\/div>\n\t\t<\/div>\n\t\t\t\t<div class=\"elementor-column elementor-col-33 elementor-inner-column elementor-element elementor-element-5cdd3d39\" data-id=\"5cdd3d39\" data-element_type=\"column\" data-e-type=\"column\">\n\t\t\t<div class=\"elementor-widget-wrap elementor-element-populated\">\n\t\t\t\t\t\t<div class=\"elementor-element elementor-element-42c8bdec elementor-hidden-phone elementor-widget elementor-widget-image\" data-id=\"42c8bdec\" data-element_type=\"widget\" data-e-type=\"widget\" data-widget_type=\"image.default\">\n\t\t\t\t\t\t\t\t\t\t\t\t\t\t\t<img decoding=\"async\" width=\"5\" height=\"221\" src=\"https:\/\/vmisecurity.com\/wp-content\/uploads\/2020\/09\/separator-vmi-1.png\" class=\"attachment-large size-large wp-image-12648\" alt=\"\" \/>\t\t\t\t\t\t\t\t\t\t\t\t\t\t\t<\/div>\n\t\t\t\t\t<\/div>\n\t\t<\/div>\n\t\t\t\t<div class=\"elementor-column elementor-col-33 elementor-inner-column elementor-element elementor-element-59149442\" data-id=\"59149442\" data-element_type=\"column\" data-e-type=\"column\">\n\t\t\t<div class=\"elementor-widget-wrap elementor-element-populated\">\n\t\t\t\t\t\t<div class=\"elementor-element elementor-element-4c9bf2a1 elementor-widget elementor-widget-text-editor\" data-id=\"4c9bf2a1\" data-element_type=\"widget\" data-e-type=\"widget\" data-widget_type=\"text-editor.default\">\n\t\t\t\t\t\t\t\t\t<h4>Uma linha completa de raios-x e scanners inteiramente blindados em chumbo, que reduzem o custo com infraestrutura espec\u00edfica contra radia\u00e7\u00e3o e oferecem maior prote\u00e7\u00e3o para os operadores e demais pessoas presentes.<\/h4>\t\t\t\t\t\t\t\t<\/div>\n\t\t\t\t\t<\/div>\n\t\t<\/div>\n\t\t\t\t\t<\/div>\n\t\t<\/section>\n\t\t\t\t<div class=\"elementor-element elementor-element-b32b66e elementor-posts--align-center elementor-grid-3 elementor-grid-tablet-2 elementor-grid-mobile-1 elementor-posts--thumbnail-top elementor-widget elementor-widget-posts\" data-id=\"b32b66e\" data-element_type=\"widget\" data-e-type=\"widget\" data-settings=\"{&quot;classic_columns&quot;:&quot;3&quot;,&quot;classic_columns_tablet&quot;:&quot;2&quot;,&quot;classic_columns_mobile&quot;:&quot;1&quot;,&quot;classic_row_gap&quot;:{&quot;unit&quot;:&quot;px&quot;,&quot;size&quot;:35,&quot;sizes&quot;:[]},&quot;classic_row_gap_tablet&quot;:{&quot;unit&quot;:&quot;px&quot;,&quot;size&quot;:&quot;&quot;,&quot;sizes&quot;:[]},&quot;classic_row_gap_mobile&quot;:{&quot;unit&quot;:&quot;px&quot;,&quot;size&quot;:&quot;&quot;,&quot;sizes&quot;:[]}}\" data-widget_type=\"posts.classic\">\n\t\t\t\t<div class=\"elementor-widget-container\">\n\t\t\t\t\t\t\t<div class=\"elementor-posts-container elementor-posts elementor-posts--skin-classic elementor-grid\" role=\"list\">\n\t\t\t\t<article class=\"elementor-post elementor-grid-item post-13436 post type-post status-publish format-standard has-post-thumbnail hentry category-iml-e-hospital-de\" role=\"listitem\">\n\t\t\t\t<a class=\"elementor-post__thumbnail__link\" href=\"https:\/\/vmisecurity.com\/de\/flatscan-df80\/\" tabindex=\"-1\" >\n\t\t\t<div class=\"elementor-post__thumbnail\"><img fetchpriority=\"high\" decoding=\"async\" width=\"500\" height=\"500\" src=\"https:\/\/vmisecurity.com\/wp-content\/uploads\/2020\/07\/img_24.png\" class=\"attachment-full size-full wp-image-12750\" alt=\"\" srcset=\"https:\/\/vmisecurity.com\/wp-content\/uploads\/2020\/07\/img_24.png 500w, https:\/\/vmisecurity.com\/wp-content\/uploads\/2020\/07\/img_24-300x300.png 300w, https:\/\/vmisecurity.com\/wp-content\/uploads\/2020\/07\/img_24-150x150.png 150w\" sizes=\"(max-width: 500px) 100vw, 500px\" \/><\/div>\n\t\t<\/a>\n\t\t\t\t<div class=\"elementor-post__text\">\n\t\t\t\t<h3 class=\"elementor-post__title\">\n\t\t\t<a href=\"https:\/\/vmisecurity.com\/de\/flatscan-df80\/\" >\n\t\t\t\tFLATSCAN DF80\t\t\t<\/a>\n\t\t<\/h3>\n\t\t\n\t\t<a class=\"elementor-post__read-more\" href=\"https:\/\/vmisecurity.com\/de\/flatscan-df80\/\" aria-label=\"Mehr \u00fcber FLATSCAN DF80\" tabindex=\"-1\" >\n\t\t\tVer produto \u00bb\t\t<\/a>\n\n\t\t\t\t<\/div>\n\t\t\t\t<\/article>\n\t\t\t\t<\/div>\n\t\t\n\t\t\t\t\t\t<\/div>\n\t\t\t\t<\/div>\n\t\t\t\t\t<\/div>\n\t\t<\/div>\n\t\t\t\t\t<\/div>\n\t\t<\/section>\n\t\t\t\t<section class=\"elementor-section elementor-top-section elementor-element elementor-element-1dbba57 elementor-section-boxed elementor-section-height-default elementor-section-height-default\" data-id=\"1dbba57\" data-element_type=\"section\" data-e-type=\"section\">\n\t\t\t\t\t\t<div class=\"elementor-container elementor-column-gap-default\">\n\t\t\t\t\t<div class=\"elementor-column elementor-col-100 elementor-top-column elementor-element elementor-element-7eb02ca elementor-hidden-desktop\" data-id=\"7eb02ca\" data-element_type=\"column\" data-e-type=\"column\">\n\t\t\t<div class=\"elementor-widget-wrap elementor-element-populated\">\n\t\t\t\t\t\t<div class=\"elementor-element elementor-element-0bdcd0d elementor-widget elementor-widget-text-editor\" data-id=\"0bdcd0d\" data-element_type=\"widget\" data-e-type=\"widget\" data-widget_type=\"text-editor.default\">\n\t\t\t\t\t\t\t\t\t<div class=\"widget-title\"><span style=\"color: #242424;\"><strong>\u00c1REAS DE ATUA\u00c7\u00c3O<\/strong><\/span><\/div><div class=\"menu-atuacao-container\">\u00a0<\/div>\t\t\t\t\t\t\t\t<\/div>\n\t\t\t\t<div class=\"elementor-element elementor-element-16daf0c elementor-widget elementor-widget-text-editor\" data-id=\"16daf0c\" data-element_type=\"widget\" data-e-type=\"widget\" data-widget_type=\"text-editor.default\">\n\t\t\t\t\t\t\t\t\t<div class=\"widget-title\"><p><span style=\"color: #6e6e6e;\"><a style=\"color: #6e6e6e;\" href=\"\/pt-br\/portos-e-aduanas\/\" aria-current=\"page\">Portos e Aduanas<\/a><\/span><\/p><p><span style=\"color: #6e6e6e;\"><a style=\"color: #6e6e6e;\" href=\"\/pt-br\/aeroporto\">Aeroporto<\/a><\/span><\/p><p><span style=\"color: #6e6e6e;\"><a style=\"color: #6e6e6e;\" href=\"\/pt-br\/setor-privado\/\">Setor Privado<\/a><\/span><\/p><p><span style=\"color: #6e6e6e;\"><a style=\"color: #6e6e6e;\" href=\"\/pt-br\/sistema-prisional\/\">Sistema Prisional<\/a><\/span><\/p><p><span style=\"color: #6e6e6e;\"><a style=\"color: #6e6e6e;\" href=\"\/pt-br\/militar\/\">Militar<\/a><\/span><\/p><p><span style=\"color: #6e6e6e;\"><a style=\"color: #6e6e6e;\" href=\"\/pt-br\/iml-e-hospitais\/\">IML e Hospitais<\/a><\/span><\/p><p><span style=\"color: #6e6e6e;\"><a style=\"color: #6e6e6e;\" href=\"\/pt-br\/infraestruturas-criticas\/\">Infraestruturas Cr\u00edticas<\/a><\/span><\/p><p><span style=\"color: #6e6e6e;\"><a style=\"color: #6e6e6e;\" href=\"\/pt-br\/eventos\/\">Eventos<\/a><\/span><\/p><\/div>\t\t\t\t\t\t\t\t<\/div>\n\t\t\t\t\t<\/div>\n\t\t<\/div>\n\t\t\t\t\t<\/div>\n\t\t<\/section>\n\t\t\t\t<\/div>\n\t\t","protected":false},"excerpt":{"rendered":"<p>HOME \/ IML E HOSPITAIS\u00c1REAS DE ATUA\u00c7\u00c3O\u00a0 Portos e Aduanas Aeroporto Setor Privado Sistema Prisional Militar IML e Hospitais Infraestruturas Cr\u00edticas Eventos Scanners e raios-x<\/p>\n","protected":false},"author":1,"featured_media":0,"parent":0,"menu_order":0,"comment_status":"closed","ping_status":"closed","template":"","meta":{"footnotes":""},"class_list":["post-13416","page","type-page","status-publish","hentry"],"yoast_head":"<!-- This site is optimized with the Yoast SEO plugin v27.3 - https:\/\/yoast.com\/product\/yoast-seo-wordpress\/ -->\n<title>VMI | Equipamentos de raios-x e scanners para hospitais e IML&#039;s<\/title>\n<meta name=\"description\" content=\"Raios-X e scanners ideais para hospitais e IML&#039;s; blindados em chumbo, proporcionam redu\u00e7\u00e3o de custo e ampla prote\u00e7\u00e3o aos operadores.\" \/>\n<meta name=\"robots\" content=\"index, follow, max-snippet:-1, max-image-preview:large, max-video-preview:-1\" \/>\n<link rel=\"canonical\" href=\"https:\/\/vmisecurity.com\/forensic-medicine-institutes-and-hospitals\/\" \/>\n<meta property=\"og:locale\" content=\"de_DE\" \/>\n<meta property=\"og:type\" content=\"article\" \/>\n<meta property=\"og:title\" content=\"VMI | Equipamentos de raios-x e scanners para hospitais e IML&#039;s\" \/>\n<meta property=\"og:description\" content=\"Raios-X e scanners ideais para hospitais e IML&#039;s; blindados em chumbo, proporcionam redu\u00e7\u00e3o de custo e ampla prote\u00e7\u00e3o aos operadores.\" \/>\n<meta property=\"og:url\" content=\"https:\/\/vmisecurity.com\/forensic-medicine-institutes-and-hospitals\/\" \/>\n<meta property=\"og:site_name\" content=\"VMI SECURITY\" \/>\n<meta property=\"article:modified_time\" content=\"2023-10-06T19:34:08+00:00\" \/>\n<meta property=\"og:image\" content=\"https:\/\/vmisecurity.com\/wp-content\/uploads\/2020\/09\/separator-vmi-1.png\" \/>\n<meta name=\"twitter:card\" content=\"summary_large_image\" \/>\n<meta name=\"twitter:label1\" content=\"Gesch\u00e4tzte Lesezeit\" \/>\n\t<meta name=\"twitter:data1\" content=\"2\u00a0Minuten\" \/>\n<script type=\"application\/ld+json\" class=\"yoast-schema-graph\">{\"@context\":\"https:\\\/\\\/schema.org\",\"@graph\":[{\"@type\":\"WebPage\",\"@id\":\"https:\\\/\\\/vmisecurity.com\\\/forensic-medicine-institutes-and-hospitals\\\/\",\"url\":\"https:\\\/\\\/vmisecurity.com\\\/forensic-medicine-institutes-and-hospitals\\\/\",\"name\":\"VMI | Equipamentos de raios-x e scanners para hospitais e IML's\",\"isPartOf\":{\"@id\":\"https:\\\/\\\/vmisecurity.com\\\/#website\"},\"primaryImageOfPage\":{\"@id\":\"https:\\\/\\\/vmisecurity.com\\\/forensic-medicine-institutes-and-hospitals\\\/#primaryimage\"},\"image\":{\"@id\":\"https:\\\/\\\/vmisecurity.com\\\/forensic-medicine-institutes-and-hospitals\\\/#primaryimage\"},\"thumbnailUrl\":\"https:\\\/\\\/vmisecurity.com\\\/wp-content\\\/uploads\\\/2020\\\/09\\\/separator-vmi-1.png\",\"datePublished\":\"2020-09-14T14:33:53+00:00\",\"dateModified\":\"2023-10-06T19:34:08+00:00\",\"description\":\"Raios-X e scanners ideais para hospitais e IML's; blindados em chumbo, proporcionam redu\u00e7\u00e3o de custo e ampla prote\u00e7\u00e3o aos operadores.\",\"breadcrumb\":{\"@id\":\"https:\\\/\\\/vmisecurity.com\\\/forensic-medicine-institutes-and-hospitals\\\/#breadcrumb\"},\"inLanguage\":\"de\",\"potentialAction\":[{\"@type\":\"ReadAction\",\"target\":[\"https:\\\/\\\/vmisecurity.com\\\/forensic-medicine-institutes-and-hospitals\\\/\"]}]},{\"@type\":\"ImageObject\",\"inLanguage\":\"de\",\"@id\":\"https:\\\/\\\/vmisecurity.com\\\/forensic-medicine-institutes-and-hospitals\\\/#primaryimage\",\"url\":\"https:\\\/\\\/vmisecurity.com\\\/wp-content\\\/uploads\\\/2020\\\/09\\\/separator-vmi-1.png\",\"contentUrl\":\"https:\\\/\\\/vmisecurity.com\\\/wp-content\\\/uploads\\\/2020\\\/09\\\/separator-vmi-1.png\"},{\"@type\":\"BreadcrumbList\",\"@id\":\"https:\\\/\\\/vmisecurity.com\\\/forensic-medicine-institutes-and-hospitals\\\/#breadcrumb\",\"itemListElement\":[{\"@type\":\"ListItem\",\"position\":1,\"name\":\"Home\",\"item\":\"https:\\\/\\\/vmisecurity.com\\\/de\\\/\"},{\"@type\":\"ListItem\",\"position\":2,\"name\":\"IML e Hospitais\"}]},{\"@type\":\"WebSite\",\"@id\":\"https:\\\/\\\/vmisecurity.com\\\/#website\",\"url\":\"https:\\\/\\\/vmisecurity.com\\\/\",\"name\":\"VMI SECURITY\",\"description\":\"\",\"publisher\":{\"@id\":\"https:\\\/\\\/vmisecurity.com\\\/#organization\"},\"potentialAction\":[{\"@type\":\"SearchAction\",\"target\":{\"@type\":\"EntryPoint\",\"urlTemplate\":\"https:\\\/\\\/vmisecurity.com\\\/?s={search_term_string}\"},\"query-input\":{\"@type\":\"PropertyValueSpecification\",\"valueRequired\":true,\"valueName\":\"search_term_string\"}}],\"inLanguage\":\"de\"},{\"@type\":\"Organization\",\"@id\":\"https:\\\/\\\/vmisecurity.com\\\/#organization\",\"name\":\"VMI SECURITY\",\"url\":\"https:\\\/\\\/vmisecurity.com\\\/\",\"logo\":{\"@type\":\"ImageObject\",\"inLanguage\":\"de\",\"@id\":\"https:\\\/\\\/vmisecurity.com\\\/#\\\/schema\\\/logo\\\/image\\\/\",\"url\":\"https:\\\/\\\/vmisecurity.com\\\/wp-content\\\/uploads\\\/2021\\\/11\\\/logo-vmi-trademark.png\",\"contentUrl\":\"https:\\\/\\\/vmisecurity.com\\\/wp-content\\\/uploads\\\/2021\\\/11\\\/logo-vmi-trademark.png\",\"width\":255,\"height\":169,\"caption\":\"VMI SECURITY\"},\"image\":{\"@id\":\"https:\\\/\\\/vmisecurity.com\\\/#\\\/schema\\\/logo\\\/image\\\/\"}}]}<\/script>\n<!-- \/ Yoast SEO plugin. -->","yoast_head_json":{"title":"VMI | Equipamentos de raios-x e scanners para hospitais e IML's","description":"Raios-X e scanners ideais para hospitais e IML's; blindados em chumbo, proporcionam redu\u00e7\u00e3o de custo e ampla prote\u00e7\u00e3o aos operadores.","robots":{"index":"index","follow":"follow","max-snippet":"max-snippet:-1","max-image-preview":"max-image-preview:large","max-video-preview":"max-video-preview:-1"},"canonical":"https:\/\/vmisecurity.com\/forensic-medicine-institutes-and-hospitals\/","og_locale":"de_DE","og_type":"article","og_title":"VMI | Equipamentos de raios-x e scanners para hospitais e IML's","og_description":"Raios-X e scanners ideais para hospitais e IML's; blindados em chumbo, proporcionam redu\u00e7\u00e3o de custo e ampla prote\u00e7\u00e3o aos operadores.","og_url":"https:\/\/vmisecurity.com\/forensic-medicine-institutes-and-hospitals\/","og_site_name":"VMI SECURITY","article_modified_time":"2023-10-06T19:34:08+00:00","og_image":[{"url":"https:\/\/vmisecurity.com\/wp-content\/uploads\/2020\/09\/separator-vmi-1.png","type":"","width":"","height":""}],"twitter_card":"summary_large_image","twitter_misc":{"Gesch\u00e4tzte Lesezeit":"2\u00a0Minuten"},"schema":{"@context":"https:\/\/schema.org","@graph":[{"@type":"WebPage","@id":"https:\/\/vmisecurity.com\/forensic-medicine-institutes-and-hospitals\/","url":"https:\/\/vmisecurity.com\/forensic-medicine-institutes-and-hospitals\/","name":"VMI | Equipamentos de raios-x e scanners para hospitais e IML's","isPartOf":{"@id":"https:\/\/vmisecurity.com\/#website"},"primaryImageOfPage":{"@id":"https:\/\/vmisecurity.com\/forensic-medicine-institutes-and-hospitals\/#primaryimage"},"image":{"@id":"https:\/\/vmisecurity.com\/forensic-medicine-institutes-and-hospitals\/#primaryimage"},"thumbnailUrl":"https:\/\/vmisecurity.com\/wp-content\/uploads\/2020\/09\/separator-vmi-1.png","datePublished":"2020-09-14T14:33:53+00:00","dateModified":"2023-10-06T19:34:08+00:00","description":"Raios-X e scanners ideais para hospitais e IML's; blindados em chumbo, proporcionam redu\u00e7\u00e3o de custo e ampla prote\u00e7\u00e3o aos operadores.","breadcrumb":{"@id":"https:\/\/vmisecurity.com\/forensic-medicine-institutes-and-hospitals\/#breadcrumb"},"inLanguage":"de","potentialAction":[{"@type":"ReadAction","target":["https:\/\/vmisecurity.com\/forensic-medicine-institutes-and-hospitals\/"]}]},{"@type":"ImageObject","inLanguage":"de","@id":"https:\/\/vmisecurity.com\/forensic-medicine-institutes-and-hospitals\/#primaryimage","url":"https:\/\/vmisecurity.com\/wp-content\/uploads\/2020\/09\/separator-vmi-1.png","contentUrl":"https:\/\/vmisecurity.com\/wp-content\/uploads\/2020\/09\/separator-vmi-1.png"},{"@type":"BreadcrumbList","@id":"https:\/\/vmisecurity.com\/forensic-medicine-institutes-and-hospitals\/#breadcrumb","itemListElement":[{"@type":"ListItem","position":1,"name":"Home","item":"https:\/\/vmisecurity.com\/de\/"},{"@type":"ListItem","position":2,"name":"IML e Hospitais"}]},{"@type":"WebSite","@id":"https:\/\/vmisecurity.com\/#website","url":"https:\/\/vmisecurity.com\/","name":"VMI SECURITY","description":"","publisher":{"@id":"https:\/\/vmisecurity.com\/#organization"},"potentialAction":[{"@type":"SearchAction","target":{"@type":"EntryPoint","urlTemplate":"https:\/\/vmisecurity.com\/?s={search_term_string}"},"query-input":{"@type":"PropertyValueSpecification","valueRequired":true,"valueName":"search_term_string"}}],"inLanguage":"de"},{"@type":"Organization","@id":"https:\/\/vmisecurity.com\/#organization","name":"VMI SECURITY","url":"https:\/\/vmisecurity.com\/","logo":{"@type":"ImageObject","inLanguage":"de","@id":"https:\/\/vmisecurity.com\/#\/schema\/logo\/image\/","url":"https:\/\/vmisecurity.com\/wp-content\/uploads\/2021\/11\/logo-vmi-trademark.png","contentUrl":"https:\/\/vmisecurity.com\/wp-content\/uploads\/2021\/11\/logo-vmi-trademark.png","width":255,"height":169,"caption":"VMI SECURITY"},"image":{"@id":"https:\/\/vmisecurity.com\/#\/schema\/logo\/image\/"}}]}},"_links":{"self":[{"href":"https:\/\/vmisecurity.com\/de\/wp-json\/wp\/v2\/pages\/13416","targetHints":{"allow":["GET"]}}],"collection":[{"href":"https:\/\/vmisecurity.com\/de\/wp-json\/wp\/v2\/pages"}],"about":[{"href":"https:\/\/vmisecurity.com\/de\/wp-json\/wp\/v2\/types\/page"}],"author":[{"embeddable":true,"href":"https:\/\/vmisecurity.com\/de\/wp-json\/wp\/v2\/users\/1"}],"replies":[{"embeddable":true,"href":"https:\/\/vmisecurity.com\/de\/wp-json\/wp\/v2\/comments?post=13416"}],"version-history":[{"count":9,"href":"https:\/\/vmisecurity.com\/de\/wp-json\/wp\/v2\/pages\/13416\/revisions"}],"predecessor-version":[{"id":18951,"href":"https:\/\/vmisecurity.com\/de\/wp-json\/wp\/v2\/pages\/13416\/revisions\/18951"}],"wp:attachment":[{"href":"https:\/\/vmisecurity.com\/de\/wp-json\/wp\/v2\/media?parent=13416"}],"curies":[{"name":"wp","href":"https:\/\/api.w.org\/{rel}","templated":true}]}}