{"id":13425,"date":"2020-09-14T10:59:57","date_gmt":"2020-09-14T10:59:57","guid":{"rendered":"https:\/\/vmisecurity.com\/valores-principios-vmi\/"},"modified":"2026-03-06T17:54:00","modified_gmt":"2026-03-06T17:54:00","slug":"unsere-werte","status":"publish","type":"page","link":"https:\/\/vmisecurity.com\/de\/unsere-werte\/","title":{"rendered":"UNSERE WERTE"},"content":{"rendered":"\t\t<div data-elementor-type=\"wp-page\" data-elementor-id=\"13425\" class=\"elementor elementor-13425 elementor-273\" data-elementor-post-type=\"page\">\n\t\t\t\t\t\t<section class=\"elementor-section elementor-top-section elementor-element elementor-element-3874608 elementor-section-stretched elementor-section-full_width elementor-section-height-default elementor-section-height-default\" data-id=\"3874608\" data-element_type=\"section\" data-e-type=\"section\" data-settings=\"{&quot;stretch_section&quot;:&quot;section-stretched&quot;,&quot;background_background&quot;:&quot;slideshow&quot;,&quot;background_slideshow_gallery&quot;:[],&quot;background_slideshow_loop&quot;:&quot;yes&quot;,&quot;background_slideshow_slide_duration&quot;:5000,&quot;background_slideshow_slide_transition&quot;:&quot;fade&quot;,&quot;background_slideshow_transition_duration&quot;:500}\">\n\t\t\t\t\t\t<div class=\"elementor-container elementor-column-gap-wide\">\n\t\t\t\t\t<div class=\"elementor-column elementor-col-33 elementor-top-column elementor-element elementor-element-f39cec4\" data-id=\"f39cec4\" data-element_type=\"column\" data-e-type=\"column\" data-settings=\"{&quot;background_background&quot;:&quot;classic&quot;}\">\n\t\t\t<div class=\"elementor-widget-wrap elementor-element-populated\">\n\t\t\t\t\t\t<div class=\"elementor-element elementor-element-6cb8275 elementor-widget elementor-widget-spacer\" data-id=\"6cb8275\" data-element_type=\"widget\" data-e-type=\"widget\" data-widget_type=\"spacer.default\">\n\t\t\t\t\t\t\t<div class=\"elementor-spacer\">\n\t\t\t<div class=\"elementor-spacer-inner\"><\/div>\n\t\t<\/div>\n\t\t\t\t\t\t<\/div>\n\t\t\t\t\t<\/div>\n\t\t<\/div>\n\t\t\t\t<div class=\"elementor-column elementor-col-33 elementor-top-column elementor-element elementor-element-7666f5d\" data-id=\"7666f5d\" data-element_type=\"column\" data-e-type=\"column\" data-settings=\"{&quot;background_background&quot;:&quot;classic&quot;}\">\n\t\t\t<div class=\"elementor-widget-wrap elementor-element-populated\">\n\t\t\t\t\t\t<div class=\"elementor-element elementor-element-15306c1 elementor-widget elementor-widget-text-editor\" data-id=\"15306c1\" data-element_type=\"widget\" data-e-type=\"widget\" data-widget_type=\"text-editor.default\">\n\t\t\t\t\t\t\t\t\t<h4><strong>VMI Sicherheitssysteme<\/strong> strebt kontinuierlich nach der Zufriedenheit seiner Gesch\u00e4ftspartner durch innovative L\u00f6sungen, einen agilen Service und kooperative Beziehungen, wobei es mit Umweltverantwortung handelt, Umweltverschmutzung vorbeugt und zur Minderung der Auswirkungen des Klimawandels beitr\u00e4gt. Wir gew\u00e4hrleisten die Informationssicherheit, indem wir die Vertraulichkeit, Integrit\u00e4t und Verf\u00fcgbarkeit der Daten bewahren, gesetzliche, normative und andere anwendbare Anforderungen erf\u00fcllen sowie Risiken und Chancen unserer Prozesse managen und die kontinuierliche Verbesserung des Integrierten Managementsystems f\u00f6rdern.<\/h4>\t\t\t\t\t\t\t\t<\/div>\n\t\t\t\t\t<\/div>\n\t\t<\/div>\n\t\t\t\t<div class=\"elementor-column elementor-col-33 elementor-top-column elementor-element elementor-element-82bc762\" data-id=\"82bc762\" data-element_type=\"column\" data-e-type=\"column\" data-settings=\"{&quot;background_background&quot;:&quot;classic&quot;}\">\n\t\t\t<div class=\"elementor-widget-wrap elementor-element-populated\">\n\t\t\t\t\t\t<div class=\"elementor-element elementor-element-a22dad9 elementor-widget elementor-widget-spacer\" data-id=\"a22dad9\" data-element_type=\"widget\" data-e-type=\"widget\" data-widget_type=\"spacer.default\">\n\t\t\t\t\t\t\t<div class=\"elementor-spacer\">\n\t\t\t<div class=\"elementor-spacer-inner\"><\/div>\n\t\t<\/div>\n\t\t\t\t\t\t<\/div>\n\t\t\t\t\t<\/div>\n\t\t<\/div>\n\t\t\t\t\t<\/div>\n\t\t<\/section>\n\t\t\t\t<section class=\"elementor-section elementor-top-section elementor-element elementor-element-7ec3b412 elementor-section-stretched elementor-section-full_width elementor-section-height-default elementor-section-height-default\" data-id=\"7ec3b412\" data-element_type=\"section\" data-e-type=\"section\" data-settings=\"{&quot;stretch_section&quot;:&quot;section-stretched&quot;,&quot;background_background&quot;:&quot;slideshow&quot;,&quot;background_slideshow_gallery&quot;:[{&quot;id&quot;:&quot;69&quot;,&quot;url&quot;:&quot;https:\\\/\\\/vmisecurity.com\\\/\\\/wp-content\\\/uploads\\\/2020\\\/09\\\/bg-vmi-inst_2-1-1.png&quot;}],&quot;background_slideshow_loop&quot;:&quot;yes&quot;,&quot;background_slideshow_slide_duration&quot;:5000,&quot;background_slideshow_slide_transition&quot;:&quot;fade&quot;,&quot;background_slideshow_transition_duration&quot;:500}\">\n\t\t\t\t\t\t<div class=\"elementor-container elementor-column-gap-wide\">\n\t\t\t\t\t<div class=\"elementor-column elementor-col-33 elementor-top-column elementor-element elementor-element-3c2c9c3f\" data-id=\"3c2c9c3f\" data-element_type=\"column\" data-e-type=\"column\" data-settings=\"{&quot;background_background&quot;:&quot;classic&quot;}\">\n\t\t\t<div class=\"elementor-widget-wrap elementor-element-populated\">\n\t\t\t\t\t\t<div class=\"elementor-element elementor-element-5c3cfe9f elementor-widget elementor-widget-spacer\" data-id=\"5c3cfe9f\" data-element_type=\"widget\" data-e-type=\"widget\" data-widget_type=\"spacer.default\">\n\t\t\t\t\t\t\t<div class=\"elementor-spacer\">\n\t\t\t<div class=\"elementor-spacer-inner\"><\/div>\n\t\t<\/div>\n\t\t\t\t\t\t<\/div>\n\t\t\t\t\t<\/div>\n\t\t<\/div>\n\t\t\t\t<div class=\"elementor-column elementor-col-33 elementor-top-column elementor-element elementor-element-e348024\" data-id=\"e348024\" data-element_type=\"column\" data-e-type=\"column\" data-settings=\"{&quot;background_background&quot;:&quot;classic&quot;}\">\n\t\t\t<div class=\"elementor-widget-wrap elementor-element-populated\">\n\t\t\t\t\t\t<div class=\"elementor-element elementor-element-7ae3e254 elementor-widget elementor-widget-spacer\" data-id=\"7ae3e254\" data-element_type=\"widget\" data-e-type=\"widget\" data-widget_type=\"spacer.default\">\n\t\t\t\t\t\t\t<div class=\"elementor-spacer\">\n\t\t\t<div class=\"elementor-spacer-inner\"><\/div>\n\t\t<\/div>\n\t\t\t\t\t\t<\/div>\n\t\t\t\t<div class=\"elementor-element elementor-element-66657712 elementor-widget elementor-widget-text-editor\" data-id=\"66657712\" data-element_type=\"widget\" data-e-type=\"widget\" data-widget_type=\"text-editor.default\">\n\t\t\t\t\t\t\t\t\t<h4 data-start=\"1787\" data-end=\"1931\"><strong data-start=\"1787\" data-end=\"1798\">Mission<\/strong><br data-start=\"1798\" data-end=\"1801\" \/>Einen bedeutenden Beitrag zu einer sichereren und effizienteren Gesellschaft durch technologische und innovative L\u00f6sungen leisten.<\/h4><h4 data-start=\"1933\" data-end=\"2026\"><strong data-start=\"1933\" data-end=\"1943\">Vision<\/strong><br data-start=\"1943\" data-end=\"1946\" \/>Der weltweit relevanteste und attraktivste Partner f\u00fcr Gesch\u00e4ftspartner zu sein.<\/h4><h4 data-start=\"2028\" data-end=\"2314\"><strong>Werte<\/strong><br data-start=\"2037\" data-end=\"2040\" \/>\u2022 Ethische Haltung: Respekt in zwischenmenschlichen Beziehungen;<br data-start=\"2104\" data-end=\"2107\" \/>\u2022 Pers\u00f6nliche und berufliche Weiterentwicklung des Teams;<br data-start=\"2164\" data-end=\"2167\" \/>\u2022 Innovative Haltung: einen Unterschied im Markt machen;<br data-start=\"2223\" data-end=\"2226\" \/>\u2022 Unternehmerisches Denken: Wir verpflichten uns pers\u00f6nlich zum Erfolg des Unternehmens.<\/h4>\t\t\t\t\t\t\t\t<\/div>\n\t\t\t\t<div class=\"elementor-element elementor-element-462748b7 elementor-widget elementor-widget-spacer\" data-id=\"462748b7\" data-element_type=\"widget\" data-e-type=\"widget\" data-widget_type=\"spacer.default\">\n\t\t\t\t\t\t\t<div class=\"elementor-spacer\">\n\t\t\t<div class=\"elementor-spacer-inner\"><\/div>\n\t\t<\/div>\n\t\t\t\t\t\t<\/div>\n\t\t\t\t\t<\/div>\n\t\t<\/div>\n\t\t\t\t<div class=\"elementor-column elementor-col-33 elementor-top-column elementor-element elementor-element-6698419e\" data-id=\"6698419e\" data-element_type=\"column\" data-e-type=\"column\">\n\t\t\t<div class=\"elementor-widget-wrap\">\n\t\t\t\t\t\t\t<\/div>\n\t\t<\/div>\n\t\t\t\t\t<\/div>\n\t\t<\/section>\n\t\t\t\t<\/div>\n\t\t","protected":false},"excerpt":{"rendered":"<p>VMI Sicherheitssysteme strebt kontinuierlich nach der Zufriedenheit seiner Gesch\u00e4ftspartner durch innovative L\u00f6sungen, einen agilen Service und kooperative Beziehungen, wobei es mit Umweltverantwortung handelt, Umweltverschmutzung vorbeugt und zur Minderung der Auswirkungen des Klimawandels beitr\u00e4gt. Wir gew\u00e4hrleisten die Informationssicherheit, indem wir die Vertraulichkeit, Integrit\u00e4t und Verf\u00fcgbarkeit der Daten bewahren, gesetzliche, normative und andere anwendbare Anforderungen erf\u00fcllen sowie [&hellip;]<\/p>\n","protected":false},"author":1,"featured_media":0,"parent":0,"menu_order":0,"comment_status":"closed","ping_status":"closed","template":"","meta":{"footnotes":""},"class_list":["post-13425","page","type-page","status-publish","hentry"],"yoast_head":"<!-- This site is optimized with the Yoast SEO plugin v27.3 - https:\/\/yoast.com\/product\/yoast-seo-wordpress\/ -->\n<title>VMI | Conhe\u00e7a nossos princ\u00edpios e valores coorporativos<\/title>\n<meta name=\"description\" content=\"Conhe\u00e7a os princ\u00edpios e valores que norteiam a atua\u00e7\u00e3o da VMI Security e que fazem da empresa brasileira uma l\u00edder global no seu segmento.\" \/>\n<meta name=\"robots\" content=\"index, follow, max-snippet:-1, max-image-preview:large, max-video-preview:-1\" \/>\n<link rel=\"canonical\" href=\"https:\/\/vmisecurity.com\/our-values\/\" \/>\n<meta property=\"og:locale\" content=\"de_DE\" \/>\n<meta property=\"og:type\" content=\"article\" \/>\n<meta property=\"og:title\" content=\"VMI | Conhe\u00e7a nossos princ\u00edpios e valores coorporativos\" \/>\n<meta property=\"og:description\" content=\"Conhe\u00e7a os princ\u00edpios e valores que norteiam a atua\u00e7\u00e3o da VMI Security e que fazem da empresa brasileira uma l\u00edder global no seu segmento.\" \/>\n<meta property=\"og:url\" content=\"https:\/\/vmisecurity.com\/our-values\/\" \/>\n<meta property=\"og:site_name\" content=\"VMI SECURITY\" \/>\n<meta property=\"article:modified_time\" content=\"2026-03-06T17:54:00+00:00\" \/>\n<meta name=\"twitter:card\" content=\"summary_large_image\" \/>\n<meta name=\"twitter:label1\" content=\"Gesch\u00e4tzte Lesezeit\" \/>\n\t<meta name=\"twitter:data1\" content=\"1\u00a0Minute\" \/>\n<script type=\"application\/ld+json\" class=\"yoast-schema-graph\">{\"@context\":\"https:\\\/\\\/schema.org\",\"@graph\":[{\"@type\":\"WebPage\",\"@id\":\"https:\\\/\\\/vmisecurity.com\\\/our-values\\\/\",\"url\":\"https:\\\/\\\/vmisecurity.com\\\/our-values\\\/\",\"name\":\"VMI | Conhe\u00e7a nossos princ\u00edpios e valores coorporativos\",\"isPartOf\":{\"@id\":\"https:\\\/\\\/vmisecurity.com\\\/#website\"},\"datePublished\":\"2020-09-14T10:59:57+00:00\",\"dateModified\":\"2026-03-06T17:54:00+00:00\",\"description\":\"Conhe\u00e7a os princ\u00edpios e valores que norteiam a atua\u00e7\u00e3o da VMI Security e que fazem da empresa brasileira uma l\u00edder global no seu segmento.\",\"breadcrumb\":{\"@id\":\"https:\\\/\\\/vmisecurity.com\\\/our-values\\\/#breadcrumb\"},\"inLanguage\":\"de\",\"potentialAction\":[{\"@type\":\"ReadAction\",\"target\":[\"https:\\\/\\\/vmisecurity.com\\\/our-values\\\/\"]}]},{\"@type\":\"BreadcrumbList\",\"@id\":\"https:\\\/\\\/vmisecurity.com\\\/our-values\\\/#breadcrumb\",\"itemListElement\":[{\"@type\":\"ListItem\",\"position\":1,\"name\":\"Home\",\"item\":\"https:\\\/\\\/vmisecurity.com\\\/de\\\/\"},{\"@type\":\"ListItem\",\"position\":2,\"name\":\"UNSERE WERTE\"}]},{\"@type\":\"WebSite\",\"@id\":\"https:\\\/\\\/vmisecurity.com\\\/#website\",\"url\":\"https:\\\/\\\/vmisecurity.com\\\/\",\"name\":\"VMI SECURITY\",\"description\":\"\",\"publisher\":{\"@id\":\"https:\\\/\\\/vmisecurity.com\\\/#organization\"},\"potentialAction\":[{\"@type\":\"SearchAction\",\"target\":{\"@type\":\"EntryPoint\",\"urlTemplate\":\"https:\\\/\\\/vmisecurity.com\\\/?s={search_term_string}\"},\"query-input\":{\"@type\":\"PropertyValueSpecification\",\"valueRequired\":true,\"valueName\":\"search_term_string\"}}],\"inLanguage\":\"de\"},{\"@type\":\"Organization\",\"@id\":\"https:\\\/\\\/vmisecurity.com\\\/#organization\",\"name\":\"VMI SECURITY\",\"url\":\"https:\\\/\\\/vmisecurity.com\\\/\",\"logo\":{\"@type\":\"ImageObject\",\"inLanguage\":\"de\",\"@id\":\"https:\\\/\\\/vmisecurity.com\\\/#\\\/schema\\\/logo\\\/image\\\/\",\"url\":\"https:\\\/\\\/vmisecurity.com\\\/wp-content\\\/uploads\\\/2021\\\/11\\\/logo-vmi-trademark.png\",\"contentUrl\":\"https:\\\/\\\/vmisecurity.com\\\/wp-content\\\/uploads\\\/2021\\\/11\\\/logo-vmi-trademark.png\",\"width\":255,\"height\":169,\"caption\":\"VMI SECURITY\"},\"image\":{\"@id\":\"https:\\\/\\\/vmisecurity.com\\\/#\\\/schema\\\/logo\\\/image\\\/\"}}]}<\/script>\n<!-- \/ Yoast SEO plugin. -->","yoast_head_json":{"title":"VMI | Conhe\u00e7a nossos princ\u00edpios e valores coorporativos","description":"Conhe\u00e7a os princ\u00edpios e valores que norteiam a atua\u00e7\u00e3o da VMI Security e que fazem da empresa brasileira uma l\u00edder global no seu segmento.","robots":{"index":"index","follow":"follow","max-snippet":"max-snippet:-1","max-image-preview":"max-image-preview:large","max-video-preview":"max-video-preview:-1"},"canonical":"https:\/\/vmisecurity.com\/our-values\/","og_locale":"de_DE","og_type":"article","og_title":"VMI | Conhe\u00e7a nossos princ\u00edpios e valores coorporativos","og_description":"Conhe\u00e7a os princ\u00edpios e valores que norteiam a atua\u00e7\u00e3o da VMI Security e que fazem da empresa brasileira uma l\u00edder global no seu segmento.","og_url":"https:\/\/vmisecurity.com\/our-values\/","og_site_name":"VMI SECURITY","article_modified_time":"2026-03-06T17:54:00+00:00","twitter_card":"summary_large_image","twitter_misc":{"Gesch\u00e4tzte Lesezeit":"1\u00a0Minute"},"schema":{"@context":"https:\/\/schema.org","@graph":[{"@type":"WebPage","@id":"https:\/\/vmisecurity.com\/our-values\/","url":"https:\/\/vmisecurity.com\/our-values\/","name":"VMI | Conhe\u00e7a nossos princ\u00edpios e valores coorporativos","isPartOf":{"@id":"https:\/\/vmisecurity.com\/#website"},"datePublished":"2020-09-14T10:59:57+00:00","dateModified":"2026-03-06T17:54:00+00:00","description":"Conhe\u00e7a os princ\u00edpios e valores que norteiam a atua\u00e7\u00e3o da VMI Security e que fazem da empresa brasileira uma l\u00edder global no seu segmento.","breadcrumb":{"@id":"https:\/\/vmisecurity.com\/our-values\/#breadcrumb"},"inLanguage":"de","potentialAction":[{"@type":"ReadAction","target":["https:\/\/vmisecurity.com\/our-values\/"]}]},{"@type":"BreadcrumbList","@id":"https:\/\/vmisecurity.com\/our-values\/#breadcrumb","itemListElement":[{"@type":"ListItem","position":1,"name":"Home","item":"https:\/\/vmisecurity.com\/de\/"},{"@type":"ListItem","position":2,"name":"UNSERE WERTE"}]},{"@type":"WebSite","@id":"https:\/\/vmisecurity.com\/#website","url":"https:\/\/vmisecurity.com\/","name":"VMI SECURITY","description":"","publisher":{"@id":"https:\/\/vmisecurity.com\/#organization"},"potentialAction":[{"@type":"SearchAction","target":{"@type":"EntryPoint","urlTemplate":"https:\/\/vmisecurity.com\/?s={search_term_string}"},"query-input":{"@type":"PropertyValueSpecification","valueRequired":true,"valueName":"search_term_string"}}],"inLanguage":"de"},{"@type":"Organization","@id":"https:\/\/vmisecurity.com\/#organization","name":"VMI SECURITY","url":"https:\/\/vmisecurity.com\/","logo":{"@type":"ImageObject","inLanguage":"de","@id":"https:\/\/vmisecurity.com\/#\/schema\/logo\/image\/","url":"https:\/\/vmisecurity.com\/wp-content\/uploads\/2021\/11\/logo-vmi-trademark.png","contentUrl":"https:\/\/vmisecurity.com\/wp-content\/uploads\/2021\/11\/logo-vmi-trademark.png","width":255,"height":169,"caption":"VMI SECURITY"},"image":{"@id":"https:\/\/vmisecurity.com\/#\/schema\/logo\/image\/"}}]}},"_links":{"self":[{"href":"https:\/\/vmisecurity.com\/de\/wp-json\/wp\/v2\/pages\/13425","targetHints":{"allow":["GET"]}}],"collection":[{"href":"https:\/\/vmisecurity.com\/de\/wp-json\/wp\/v2\/pages"}],"about":[{"href":"https:\/\/vmisecurity.com\/de\/wp-json\/wp\/v2\/types\/page"}],"author":[{"embeddable":true,"href":"https:\/\/vmisecurity.com\/de\/wp-json\/wp\/v2\/users\/1"}],"replies":[{"embeddable":true,"href":"https:\/\/vmisecurity.com\/de\/wp-json\/wp\/v2\/comments?post=13425"}],"version-history":[{"count":13,"href":"https:\/\/vmisecurity.com\/de\/wp-json\/wp\/v2\/pages\/13425\/revisions"}],"predecessor-version":[{"id":23035,"href":"https:\/\/vmisecurity.com\/de\/wp-json\/wp\/v2\/pages\/13425\/revisions\/23035"}],"wp:attachment":[{"href":"https:\/\/vmisecurity.com\/de\/wp-json\/wp\/v2\/media?parent=13425"}],"curies":[{"name":"wp","href":"https:\/\/api.w.org\/{rel}","templated":true}]}}