{"id":19689,"date":"2023-10-20T16:48:10","date_gmt":"2023-10-20T16:48:10","guid":{"rendered":"https:\/\/vmisecurity.com\/pessoal-en\/portal-pd-6500i\/"},"modified":"2023-10-24T17:20:40","modified_gmt":"2023-10-24T17:20:40","slug":"portal-pd-6500i","status":"publish","type":"page","link":"https:\/\/vmisecurity.com\/de\/persoenlich\/portal-pd-6500i\/","title":{"rendered":"PORTAL PD 6500I"},"content":{"rendered":"\t\t<div data-elementor-type=\"wp-page\" data-elementor-id=\"19689\" class=\"elementor elementor-19689 elementor-19263\" data-elementor-post-type=\"page\">\n\t\t\t\t\t\t<section class=\"elementor-section elementor-top-section elementor-element elementor-element-3685af1 elementor-section-stretched elementor-section-full_width elementor-section-height-default elementor-section-height-default\" data-id=\"3685af1\" data-element_type=\"section\" data-e-type=\"section\" data-settings=\"{&quot;stretch_section&quot;:&quot;section-stretched&quot;,&quot;background_background&quot;:&quot;classic&quot;}\">\n\t\t\t\t\t\t<div class=\"elementor-container elementor-column-gap-default\">\n\t\t\t\t\t<div class=\"elementor-column elementor-col-100 elementor-top-column elementor-element elementor-element-f946086\" data-id=\"f946086\" data-element_type=\"column\" data-e-type=\"column\">\n\t\t\t<div class=\"elementor-widget-wrap elementor-element-populated\">\n\t\t\t\t\t\t<section class=\"elementor-section elementor-inner-section elementor-element elementor-element-4113f31 elementor-section-boxed elementor-section-height-default elementor-section-height-default\" data-id=\"4113f31\" data-element_type=\"section\" data-e-type=\"section\">\n\t\t\t\t\t\t<div class=\"elementor-container elementor-column-gap-default\">\n\t\t\t\t\t<div class=\"elementor-column elementor-col-50 elementor-inner-column elementor-element elementor-element-153ef55\" data-id=\"153ef55\" data-element_type=\"column\" data-e-type=\"column\">\n\t\t\t<div class=\"elementor-widget-wrap elementor-element-populated\">\n\t\t\t\t\t\t\t<\/div>\n\t\t<\/div>\n\t\t\t\t<div class=\"elementor-column elementor-col-50 elementor-inner-column elementor-element elementor-element-c1e2b57\" data-id=\"c1e2b57\" data-element_type=\"column\" data-e-type=\"column\">\n\t\t\t<div class=\"elementor-widget-wrap\">\n\t\t\t\t\t\t\t<\/div>\n\t\t<\/div>\n\t\t\t\t\t<\/div>\n\t\t<\/section>\n\t\t\t\t\t<\/div>\n\t\t<\/div>\n\t\t\t\t\t<\/div>\n\t\t<\/section>\n\t\t\t\t<section class=\"elementor-section elementor-top-section elementor-element elementor-element-5fec5c1 elementor-section-stretched elementor-section-full_width elementor-section-height-default elementor-section-height-default\" data-id=\"5fec5c1\" data-element_type=\"section\" data-e-type=\"section\" data-settings=\"{&quot;stretch_section&quot;:&quot;section-stretched&quot;,&quot;background_background&quot;:&quot;classic&quot;}\">\n\t\t\t\t\t\t<div class=\"elementor-container elementor-column-gap-default\">\n\t\t\t\t\t<div class=\"elementor-column elementor-col-100 elementor-top-column elementor-element elementor-element-5d95d9f\" data-id=\"5d95d9f\" data-element_type=\"column\" data-e-type=\"column\">\n\t\t\t<div class=\"elementor-widget-wrap elementor-element-populated\">\n\t\t\t\t\t\t<section class=\"elementor-section elementor-inner-section elementor-element elementor-element-43f8cc8 elementor-section-content-middle elementor-section-boxed elementor-section-height-default elementor-section-height-default\" data-id=\"43f8cc8\" data-element_type=\"section\" data-e-type=\"section\">\n\t\t\t\t\t\t<div class=\"elementor-container elementor-column-gap-default\">\n\t\t\t\t\t<div class=\"elementor-column elementor-col-50 elementor-inner-column elementor-element elementor-element-b53dc15\" data-id=\"b53dc15\" data-element_type=\"column\" data-e-type=\"column\">\n\t\t\t<div class=\"elementor-widget-wrap elementor-element-populated\">\n\t\t\t\t\t\t<div class=\"elementor-element elementor-element-43313b6 elementor-widget elementor-widget-text-editor\" data-id=\"43313b6\" data-element_type=\"widget\" data-e-type=\"widget\" data-widget_type=\"text-editor.default\">\n\t\t\t\t\t\t\t\t\t<h2>Nicht-intrusive und sichere Inspektion<\/h2>\n<h4>Der PD 6500i ist ein WTMD-Metalldetektor (Walk-Through-Metalldetektor) mit mehreren im Inneren verteilten Empf\u00e4ngern, hochdichten Sendern mit geringer Strahlung und einer fortschrittlichen Programmierung, die eine Anpassung der Detektion und eine hohe Empfindlichkeit erm\u00f6glicht.<\/h4>\n<div id=\"gtx-trans\" style=\"position: absolute; left: -92px; top: -8.8px;\">\n<div class=\"gtx-trans-icon\"><\/div>\n<\/div>\t\t\t\t\t\t\t\t<\/div>\n\t\t\t\t<div class=\"elementor-element elementor-element-0ebc2e8 elementor-align-left elementor-widget elementor-widget-button\" data-id=\"0ebc2e8\" data-element_type=\"widget\" data-e-type=\"widget\" data-widget_type=\"button.default\">\n\t\t\t\t\t\t\t\t\t\t<a class=\"elementor-button elementor-button-link elementor-size-sm\" href=\"https:\/\/vmisecurity.com\/consultants\/\">\n\t\t\t\t\t\t<span class=\"elementor-button-content-wrapper\">\n\t\t\t\t\t\t<span class=\"elementor-button-icon\">\n\t\t\t\t<svg aria-hidden=\"true\" class=\"e-font-icon-svg e-fas-angle-right\" viewBox=\"0 0 256 512\" xmlns=\"http:\/\/www.w3.org\/2000\/svg\"><path d=\"M224.3 273l-136 136c-9.4 9.4-24.6 9.4-33.9 0l-22.6-22.6c-9.4-9.4-9.4-24.6 0-33.9l96.4-96.4-96.4-96.4c-9.4-9.4-9.4-24.6 0-33.9L54.3 103c9.4-9.4 24.6-9.4 33.9 0l136 136c9.5 9.4 9.5 24.6.1 34z\"><\/path><\/svg>\t\t\t<\/span>\n\t\t\t\t\t\t\t\t\t<span class=\"elementor-button-text\">Sprechen Sie mit unseren Beratern<\/span>\n\t\t\t\t\t<\/span>\n\t\t\t\t\t<\/a>\n\t\t\t\t\t\t\t\t<\/div>\n\t\t\t\t\t<\/div>\n\t\t<\/div>\n\t\t\t\t<div class=\"elementor-column elementor-col-50 elementor-inner-column elementor-element elementor-element-3acccf5\" data-id=\"3acccf5\" data-element_type=\"column\" data-e-type=\"column\">\n\t\t\t<div class=\"elementor-widget-wrap elementor-element-populated\">\n\t\t\t\t\t\t<div class=\"elementor-element elementor-element-f1edbc3 elementor-widget elementor-widget-image\" data-id=\"f1edbc3\" data-element_type=\"widget\" data-e-type=\"widget\" data-widget_type=\"image.default\">\n\t\t\t\t\t\t\t\t\t\t\t\t\t\t\t<img decoding=\"async\" src=\"https:\/\/vmisecurity.com\/\/wp-content\/uploads\/2020\/07\/WhatsApp-Image-2020-08-21-at-3.25.23-PM.jpeg\" title=\"\" alt=\"\" loading=\"lazy\" \/>\t\t\t\t\t\t\t\t\t\t\t\t\t\t\t<\/div>\n\t\t\t\t\t<\/div>\n\t\t<\/div>\n\t\t\t\t\t<\/div>\n\t\t<\/section>\n\t\t\t\t\t<\/div>\n\t\t<\/div>\n\t\t\t\t\t<\/div>\n\t\t<\/section>\n\t\t\t\t<section class=\"elementor-section elementor-top-section elementor-element elementor-element-4d3caf5 elementor-section-stretched elementor-section-full_width elementor-section-height-default elementor-section-height-default\" data-id=\"4d3caf5\" data-element_type=\"section\" data-e-type=\"section\" data-settings=\"{&quot;stretch_section&quot;:&quot;section-stretched&quot;,&quot;background_background&quot;:&quot;classic&quot;,&quot;shape_divider_top&quot;:&quot;triangle-asymmetrical&quot;,&quot;shape_divider_top_negative&quot;:&quot;yes&quot;}\">\n\t\t\t\t\t<div class=\"elementor-shape elementor-shape-top\" aria-hidden=\"true\" data-negative=\"true\">\n\t\t\t<svg xmlns=\"http:\/\/www.w3.org\/2000\/svg\" viewBox=\"0 0 1000 100\" preserveAspectRatio=\"none\">\n\t<path class=\"elementor-shape-fill\" d=\"M737.9,94.7L0,0v100h1000V0L737.9,94.7z\"\/>\n<\/svg>\t\t<\/div>\n\t\t\t\t\t<div class=\"elementor-container elementor-column-gap-default\">\n\t\t\t\t\t<div class=\"elementor-column elementor-col-100 elementor-top-column elementor-element elementor-element-11254ad\" data-id=\"11254ad\" data-element_type=\"column\" data-e-type=\"column\">\n\t\t\t<div class=\"elementor-widget-wrap elementor-element-populated\">\n\t\t\t\t\t\t<section class=\"elementor-section elementor-inner-section elementor-element elementor-element-e4ec417 elementor-section-content-middle elementor-section-boxed elementor-section-height-default elementor-section-height-default\" data-id=\"e4ec417\" data-element_type=\"section\" data-e-type=\"section\">\n\t\t\t\t\t\t<div class=\"elementor-container elementor-column-gap-default\">\n\t\t\t\t\t<div class=\"elementor-column elementor-col-50 elementor-inner-column elementor-element elementor-element-a29a50a\" data-id=\"a29a50a\" data-element_type=\"column\" data-e-type=\"column\">\n\t\t\t<div class=\"elementor-widget-wrap elementor-element-populated\">\n\t\t\t\t\t\t<div class=\"elementor-element elementor-element-259ca0c elementor-widget elementor-widget-image\" data-id=\"259ca0c\" data-element_type=\"widget\" data-e-type=\"widget\" data-widget_type=\"image.default\">\n\t\t\t\t\t\t\t\t\t\t\t\t\t\t\t<img fetchpriority=\"high\" decoding=\"async\" width=\"300\" height=\"500\" src=\"https:\/\/vmisecurity.com\/wp-content\/uploads\/2020\/09\/PD6500i_weapons-300x500-1-1.png\" class=\"attachment-large size-large wp-image-12885\" alt=\"\" srcset=\"https:\/\/vmisecurity.com\/wp-content\/uploads\/2020\/09\/PD6500i_weapons-300x500-1-1.png 300w, https:\/\/vmisecurity.com\/wp-content\/uploads\/2020\/09\/PD6500i_weapons-300x500-1-1-180x300.png 180w\" sizes=\"(max-width: 300px) 100vw, 300px\" \/>\t\t\t\t\t\t\t\t\t\t\t\t\t\t\t<\/div>\n\t\t\t\t\t<\/div>\n\t\t<\/div>\n\t\t\t\t<div class=\"elementor-column elementor-col-50 elementor-inner-column elementor-element elementor-element-fe99ecf\" data-id=\"fe99ecf\" data-element_type=\"column\" data-e-type=\"column\">\n\t\t\t<div class=\"elementor-widget-wrap elementor-element-populated\">\n\t\t\t\t\t\t<div class=\"elementor-element elementor-element-66d6b37 elementor-widget elementor-widget-text-editor\" data-id=\"66d6b37\" data-element_type=\"widget\" data-e-type=\"widget\" data-widget_type=\"text-editor.default\">\n\t\t\t\t\t\t\t\t\t<h2>Schnelle Bedrohungserkennung<\/h2>\n<h4>Das Ger\u00e4t verf\u00fcgt \u00fcber 33 unabh\u00e4ngige Erfassungszonen und eine Lichtleiste an beiden Seitenw\u00e4nden. Die Lichter gehen in der H\u00f6he und an der Seite an, an der das metallische Objekt erkannt wird, um den Inspektionsprozess zu optimieren. \n<\/h4>\t\t\t\t\t\t\t\t<\/div>\n\t\t\t\t\t<\/div>\n\t\t<\/div>\n\t\t\t\t\t<\/div>\n\t\t<\/section>\n\t\t\t\t\t<\/div>\n\t\t<\/div>\n\t\t\t\t\t<\/div>\n\t\t<\/section>\n\t\t\t\t<section class=\"elementor-section elementor-top-section elementor-element elementor-element-9887385 elementor-section-stretched elementor-section-boxed elementor-section-height-default elementor-section-height-default\" data-id=\"9887385\" data-element_type=\"section\" data-e-type=\"section\" data-settings=\"{&quot;stretch_section&quot;:&quot;section-stretched&quot;,&quot;background_background&quot;:&quot;classic&quot;}\">\n\t\t\t\t\t\t<div class=\"elementor-container elementor-column-gap-default\">\n\t\t\t\t\t<div class=\"elementor-column elementor-col-100 elementor-top-column elementor-element elementor-element-5dd5200\" data-id=\"5dd5200\" data-element_type=\"column\" data-e-type=\"column\">\n\t\t\t<div class=\"elementor-widget-wrap elementor-element-populated\">\n\t\t\t\t\t\t<div class=\"elementor-element elementor-element-4b96b71 elementor-widget elementor-widget-shortcode\" data-id=\"4b96b71\" data-element_type=\"widget\" data-e-type=\"widget\" data-widget_type=\"shortcode.default\">\n\t\t\t\t\t\t\t<div class=\"elementor-shortcode\"><\/div>\n\t\t\t\t\t\t<\/div>\n\t\t\t\t\t<\/div>\n\t\t<\/div>\n\t\t\t\t\t<\/div>\n\t\t<\/section>\n\t\t\t\t<section class=\"elementor-section elementor-top-section elementor-element elementor-element-9336f22 elementor-section-stretched elementor-section-boxed elementor-section-height-default elementor-section-height-default\" data-id=\"9336f22\" data-element_type=\"section\" data-e-type=\"section\" data-settings=\"{&quot;stretch_section&quot;:&quot;section-stretched&quot;,&quot;background_background&quot;:&quot;classic&quot;}\">\n\t\t\t\t\t\t<div class=\"elementor-container elementor-column-gap-default\">\n\t\t\t\t\t<div class=\"elementor-column elementor-col-100 elementor-top-column elementor-element elementor-element-dec02f7\" data-id=\"dec02f7\" data-element_type=\"column\" data-e-type=\"column\">\n\t\t\t<div class=\"elementor-widget-wrap elementor-element-populated\">\n\t\t\t\t\t\t<section class=\"elementor-section elementor-inner-section elementor-element elementor-element-9424b1b elementor-section-content-middle elementor-section-boxed elementor-section-height-default elementor-section-height-default\" data-id=\"9424b1b\" data-element_type=\"section\" data-e-type=\"section\" data-settings=\"{&quot;background_background&quot;:&quot;classic&quot;}\">\n\t\t\t\t\t\t<div class=\"elementor-container elementor-column-gap-default\">\n\t\t\t\t\t<div class=\"elementor-column elementor-col-100 elementor-inner-column elementor-element elementor-element-d7ba173\" data-id=\"d7ba173\" data-element_type=\"column\" data-e-type=\"column\">\n\t\t\t<div class=\"elementor-widget-wrap elementor-element-populated\">\n\t\t\t\t\t\t<div class=\"elementor-element elementor-element-ba0c3ff elementor-widget elementor-widget-text-editor\" data-id=\"ba0c3ff\" data-element_type=\"widget\" data-e-type=\"widget\" data-widget_type=\"text-editor.default\">\n\t\t\t\t\t\t\t\t\t<p style=\"text-align: center;\">Um die Effizienz Ihres Kontroll- und Sicherheitssystems aufrechtzuerhalten, sprechen Sie mit den Beratern von VMI Security.<\/p>\n\t\t\t\t\t\t\t\t<\/div>\n\t\t\t\t<div class=\"elementor-element elementor-element-1d6802e elementor-widget-divider--view-line elementor-widget elementor-widget-divider\" data-id=\"1d6802e\" data-element_type=\"widget\" data-e-type=\"widget\" data-widget_type=\"divider.default\">\n\t\t\t\t\t\t\t<div class=\"elementor-divider\">\n\t\t\t<span class=\"elementor-divider-separator\">\n\t\t\t\t\t\t<\/span>\n\t\t<\/div>\n\t\t\t\t\t\t<\/div>\n\t\t\t\t<div class=\"elementor-element elementor-element-0a9a235 elementor-align-center elementor-widget elementor-widget-button\" data-id=\"0a9a235\" data-element_type=\"widget\" data-e-type=\"widget\" data-widget_type=\"button.default\">\n\t\t\t\t\t\t\t\t\t\t<a class=\"elementor-button elementor-button-link elementor-size-sm\" href=\"https:\/\/vmisecurity.com\/consultants\/\">\n\t\t\t\t\t\t<span class=\"elementor-button-content-wrapper\">\n\t\t\t\t\t\t\t\t\t<span class=\"elementor-button-text\">Sprechen Sie mit dem Vertrieb<\/span>\n\t\t\t\t\t<\/span>\n\t\t\t\t\t<\/a>\n\t\t\t\t\t\t\t\t<\/div>\n\t\t\t\t\t<\/div>\n\t\t<\/div>\n\t\t\t\t\t<\/div>\n\t\t<\/section>\n\t\t\t\t\t<\/div>\n\t\t<\/div>\n\t\t\t\t\t<\/div>\n\t\t<\/section>\n\t\t\t\t<\/div>\n\t\t","protected":false},"excerpt":{"rendered":"<p>Nicht-intrusive und sichere Inspektion Der PD 6500i ist ein WTMD-Metalldetektor (Walk-Through-Metalldetektor) mit mehreren im Inneren verteilten Empf\u00e4ngern, hochdichten Sendern mit geringer Strahlung und einer fortschrittlichen Programmierung, die eine Anpassung der Detektion und eine hohe Empfindlichkeit erm\u00f6glicht. Sprechen Sie mit unseren Beratern Schnelle Bedrohungserkennung Das Ger\u00e4t verf\u00fcgt \u00fcber 33 unabh\u00e4ngige Erfassungszonen und eine Lichtleiste an beiden [&hellip;]<\/p>\n","protected":false},"author":1,"featured_media":13368,"parent":19687,"menu_order":0,"comment_status":"closed","ping_status":"closed","template":"","meta":{"footnotes":""},"class_list":["post-19689","page","type-page","status-publish","has-post-thumbnail","hentry"],"yoast_head":"<!-- This site is optimized with the Yoast SEO plugin v27.4 - https:\/\/yoast.com\/product\/yoast-seo-wordpress\/ -->\n<title>PORTAL PD 6500I - VMI SECURITY<\/title>\n<meta name=\"robots\" content=\"index, follow, max-snippet:-1, max-image-preview:large, max-video-preview:-1\" \/>\n<link rel=\"canonical\" href=\"https:\/\/vmisecurity.com\/de\/persoenlich\/portal-pd-6500i\/\" \/>\n<meta property=\"og:locale\" content=\"de_DE\" \/>\n<meta property=\"og:type\" content=\"article\" \/>\n<meta property=\"og:title\" content=\"PORTAL PD 6500I - VMI SECURITY\" \/>\n<meta property=\"og:description\" content=\"Nicht-intrusive und sichere Inspektion Der PD 6500i ist ein WTMD-Metalldetektor (Walk-Through-Metalldetektor) mit mehreren im Inneren verteilten Empf\u00e4ngern, hochdichten Sendern mit geringer Strahlung und einer fortschrittlichen Programmierung, die eine Anpassung der Detektion und eine hohe Empfindlichkeit erm\u00f6glicht. Sprechen Sie mit unseren Beratern Schnelle Bedrohungserkennung Das Ger\u00e4t verf\u00fcgt \u00fcber 33 unabh\u00e4ngige Erfassungszonen und eine Lichtleiste an beiden [&hellip;]\" \/>\n<meta property=\"og:url\" content=\"https:\/\/vmisecurity.com\/de\/persoenlich\/portal-pd-6500i\/\" \/>\n<meta property=\"og:site_name\" content=\"VMI SECURITY\" \/>\n<meta property=\"article:modified_time\" content=\"2023-10-24T17:20:40+00:00\" \/>\n<meta property=\"og:image\" content=\"https:\/\/vmisecurity.com\/wp-content\/uploads\/2020\/07\/84fb074b-07be-458f-846e-184d362c40bb.jpg\" \/>\n\t<meta property=\"og:image:width\" content=\"500\" \/>\n\t<meta property=\"og:image:height\" content=\"500\" \/>\n\t<meta property=\"og:image:type\" content=\"image\/jpeg\" \/>\n<meta name=\"twitter:card\" content=\"summary_large_image\" \/>\n<meta name=\"twitter:label1\" content=\"Gesch\u00e4tzte Lesezeit\" \/>\n\t<meta name=\"twitter:data1\" content=\"1\u00a0Minute\" \/>\n<script type=\"application\/ld+json\" class=\"yoast-schema-graph\">{\"@context\":\"https:\\\/\\\/schema.org\",\"@graph\":[{\"@type\":\"WebPage\",\"@id\":\"https:\\\/\\\/vmisecurity.com\\\/de\\\/persoenlich\\\/portal-pd-6500i\\\/\",\"url\":\"https:\\\/\\\/vmisecurity.com\\\/de\\\/persoenlich\\\/portal-pd-6500i\\\/\",\"name\":\"PORTAL PD 6500I - VMI SECURITY\",\"isPartOf\":{\"@id\":\"https:\\\/\\\/vmisecurity.com\\\/#website\"},\"primaryImageOfPage\":{\"@id\":\"https:\\\/\\\/vmisecurity.com\\\/de\\\/persoenlich\\\/portal-pd-6500i\\\/#primaryimage\"},\"image\":{\"@id\":\"https:\\\/\\\/vmisecurity.com\\\/de\\\/persoenlich\\\/portal-pd-6500i\\\/#primaryimage\"},\"thumbnailUrl\":\"https:\\\/\\\/vmisecurity.com\\\/wp-content\\\/uploads\\\/2020\\\/07\\\/84fb074b-07be-458f-846e-184d362c40bb.jpg\",\"datePublished\":\"2023-10-20T16:48:10+00:00\",\"dateModified\":\"2023-10-24T17:20:40+00:00\",\"breadcrumb\":{\"@id\":\"https:\\\/\\\/vmisecurity.com\\\/de\\\/persoenlich\\\/portal-pd-6500i\\\/#breadcrumb\"},\"inLanguage\":\"de\",\"potentialAction\":[{\"@type\":\"ReadAction\",\"target\":[\"https:\\\/\\\/vmisecurity.com\\\/de\\\/persoenlich\\\/portal-pd-6500i\\\/\"]}]},{\"@type\":\"ImageObject\",\"inLanguage\":\"de\",\"@id\":\"https:\\\/\\\/vmisecurity.com\\\/de\\\/persoenlich\\\/portal-pd-6500i\\\/#primaryimage\",\"url\":\"https:\\\/\\\/vmisecurity.com\\\/wp-content\\\/uploads\\\/2020\\\/07\\\/84fb074b-07be-458f-846e-184d362c40bb.jpg\",\"contentUrl\":\"https:\\\/\\\/vmisecurity.com\\\/wp-content\\\/uploads\\\/2020\\\/07\\\/84fb074b-07be-458f-846e-184d362c40bb.jpg\",\"width\":500,\"height\":500},{\"@type\":\"BreadcrumbList\",\"@id\":\"https:\\\/\\\/vmisecurity.com\\\/de\\\/persoenlich\\\/portal-pd-6500i\\\/#breadcrumb\",\"itemListElement\":[{\"@type\":\"ListItem\",\"position\":1,\"name\":\"Home\",\"item\":\"https:\\\/\\\/vmisecurity.com\\\/de\\\/\"},{\"@type\":\"ListItem\",\"position\":2,\"name\":\"PERS\u00d6NLICH\",\"item\":\"https:\\\/\\\/vmisecurity.com\\\/de\\\/persoenlich\\\/\"},{\"@type\":\"ListItem\",\"position\":3,\"name\":\"PORTAL PD 6500I\"}]},{\"@type\":\"WebSite\",\"@id\":\"https:\\\/\\\/vmisecurity.com\\\/#website\",\"url\":\"https:\\\/\\\/vmisecurity.com\\\/\",\"name\":\"VMI SECURITY\",\"description\":\"\",\"publisher\":{\"@id\":\"https:\\\/\\\/vmisecurity.com\\\/#organization\"},\"potentialAction\":[{\"@type\":\"SearchAction\",\"target\":{\"@type\":\"EntryPoint\",\"urlTemplate\":\"https:\\\/\\\/vmisecurity.com\\\/?s={search_term_string}\"},\"query-input\":{\"@type\":\"PropertyValueSpecification\",\"valueRequired\":true,\"valueName\":\"search_term_string\"}}],\"inLanguage\":\"de\"},{\"@type\":\"Organization\",\"@id\":\"https:\\\/\\\/vmisecurity.com\\\/#organization\",\"name\":\"VMI SECURITY\",\"url\":\"https:\\\/\\\/vmisecurity.com\\\/\",\"logo\":{\"@type\":\"ImageObject\",\"inLanguage\":\"de\",\"@id\":\"https:\\\/\\\/vmisecurity.com\\\/#\\\/schema\\\/logo\\\/image\\\/\",\"url\":\"https:\\\/\\\/vmisecurity.com\\\/wp-content\\\/uploads\\\/2021\\\/11\\\/logo-vmi-trademark.png\",\"contentUrl\":\"https:\\\/\\\/vmisecurity.com\\\/wp-content\\\/uploads\\\/2021\\\/11\\\/logo-vmi-trademark.png\",\"width\":255,\"height\":169,\"caption\":\"VMI SECURITY\"},\"image\":{\"@id\":\"https:\\\/\\\/vmisecurity.com\\\/#\\\/schema\\\/logo\\\/image\\\/\"}}]}<\/script>\n<!-- \/ Yoast SEO plugin. -->","yoast_head_json":{"title":"PORTAL PD 6500I - VMI SECURITY","robots":{"index":"index","follow":"follow","max-snippet":"max-snippet:-1","max-image-preview":"max-image-preview:large","max-video-preview":"max-video-preview:-1"},"canonical":"https:\/\/vmisecurity.com\/de\/persoenlich\/portal-pd-6500i\/","og_locale":"de_DE","og_type":"article","og_title":"PORTAL PD 6500I - VMI SECURITY","og_description":"Nicht-intrusive und sichere Inspektion Der PD 6500i ist ein WTMD-Metalldetektor (Walk-Through-Metalldetektor) mit mehreren im Inneren verteilten Empf\u00e4ngern, hochdichten Sendern mit geringer Strahlung und einer fortschrittlichen Programmierung, die eine Anpassung der Detektion und eine hohe Empfindlichkeit erm\u00f6glicht. Sprechen Sie mit unseren Beratern Schnelle Bedrohungserkennung Das Ger\u00e4t verf\u00fcgt \u00fcber 33 unabh\u00e4ngige Erfassungszonen und eine Lichtleiste an beiden [&hellip;]","og_url":"https:\/\/vmisecurity.com\/de\/persoenlich\/portal-pd-6500i\/","og_site_name":"VMI SECURITY","article_modified_time":"2023-10-24T17:20:40+00:00","og_image":[{"width":500,"height":500,"url":"https:\/\/vmisecurity.com\/wp-content\/uploads\/2020\/07\/84fb074b-07be-458f-846e-184d362c40bb.jpg","type":"image\/jpeg"}],"twitter_card":"summary_large_image","twitter_misc":{"Gesch\u00e4tzte Lesezeit":"1\u00a0Minute"},"schema":{"@context":"https:\/\/schema.org","@graph":[{"@type":"WebPage","@id":"https:\/\/vmisecurity.com\/de\/persoenlich\/portal-pd-6500i\/","url":"https:\/\/vmisecurity.com\/de\/persoenlich\/portal-pd-6500i\/","name":"PORTAL PD 6500I - VMI SECURITY","isPartOf":{"@id":"https:\/\/vmisecurity.com\/#website"},"primaryImageOfPage":{"@id":"https:\/\/vmisecurity.com\/de\/persoenlich\/portal-pd-6500i\/#primaryimage"},"image":{"@id":"https:\/\/vmisecurity.com\/de\/persoenlich\/portal-pd-6500i\/#primaryimage"},"thumbnailUrl":"https:\/\/vmisecurity.com\/wp-content\/uploads\/2020\/07\/84fb074b-07be-458f-846e-184d362c40bb.jpg","datePublished":"2023-10-20T16:48:10+00:00","dateModified":"2023-10-24T17:20:40+00:00","breadcrumb":{"@id":"https:\/\/vmisecurity.com\/de\/persoenlich\/portal-pd-6500i\/#breadcrumb"},"inLanguage":"de","potentialAction":[{"@type":"ReadAction","target":["https:\/\/vmisecurity.com\/de\/persoenlich\/portal-pd-6500i\/"]}]},{"@type":"ImageObject","inLanguage":"de","@id":"https:\/\/vmisecurity.com\/de\/persoenlich\/portal-pd-6500i\/#primaryimage","url":"https:\/\/vmisecurity.com\/wp-content\/uploads\/2020\/07\/84fb074b-07be-458f-846e-184d362c40bb.jpg","contentUrl":"https:\/\/vmisecurity.com\/wp-content\/uploads\/2020\/07\/84fb074b-07be-458f-846e-184d362c40bb.jpg","width":500,"height":500},{"@type":"BreadcrumbList","@id":"https:\/\/vmisecurity.com\/de\/persoenlich\/portal-pd-6500i\/#breadcrumb","itemListElement":[{"@type":"ListItem","position":1,"name":"Home","item":"https:\/\/vmisecurity.com\/de\/"},{"@type":"ListItem","position":2,"name":"PERS\u00d6NLICH","item":"https:\/\/vmisecurity.com\/de\/persoenlich\/"},{"@type":"ListItem","position":3,"name":"PORTAL PD 6500I"}]},{"@type":"WebSite","@id":"https:\/\/vmisecurity.com\/#website","url":"https:\/\/vmisecurity.com\/","name":"VMI SECURITY","description":"","publisher":{"@id":"https:\/\/vmisecurity.com\/#organization"},"potentialAction":[{"@type":"SearchAction","target":{"@type":"EntryPoint","urlTemplate":"https:\/\/vmisecurity.com\/?s={search_term_string}"},"query-input":{"@type":"PropertyValueSpecification","valueRequired":true,"valueName":"search_term_string"}}],"inLanguage":"de"},{"@type":"Organization","@id":"https:\/\/vmisecurity.com\/#organization","name":"VMI SECURITY","url":"https:\/\/vmisecurity.com\/","logo":{"@type":"ImageObject","inLanguage":"de","@id":"https:\/\/vmisecurity.com\/#\/schema\/logo\/image\/","url":"https:\/\/vmisecurity.com\/wp-content\/uploads\/2021\/11\/logo-vmi-trademark.png","contentUrl":"https:\/\/vmisecurity.com\/wp-content\/uploads\/2021\/11\/logo-vmi-trademark.png","width":255,"height":169,"caption":"VMI SECURITY"},"image":{"@id":"https:\/\/vmisecurity.com\/#\/schema\/logo\/image\/"}}]}},"_links":{"self":[{"href":"https:\/\/vmisecurity.com\/de\/wp-json\/wp\/v2\/pages\/19689","targetHints":{"allow":["GET"]}}],"collection":[{"href":"https:\/\/vmisecurity.com\/de\/wp-json\/wp\/v2\/pages"}],"about":[{"href":"https:\/\/vmisecurity.com\/de\/wp-json\/wp\/v2\/types\/page"}],"author":[{"embeddable":true,"href":"https:\/\/vmisecurity.com\/de\/wp-json\/wp\/v2\/users\/1"}],"replies":[{"embeddable":true,"href":"https:\/\/vmisecurity.com\/de\/wp-json\/wp\/v2\/comments?post=19689"}],"version-history":[{"count":3,"href":"https:\/\/vmisecurity.com\/de\/wp-json\/wp\/v2\/pages\/19689\/revisions"}],"predecessor-version":[{"id":19784,"href":"https:\/\/vmisecurity.com\/de\/wp-json\/wp\/v2\/pages\/19689\/revisions\/19784"}],"up":[{"embeddable":true,"href":"https:\/\/vmisecurity.com\/de\/wp-json\/wp\/v2\/pages\/19687"}],"wp:featuredmedia":[{"embeddable":true,"href":"https:\/\/vmisecurity.com\/de\/wp-json\/wp\/v2\/media\/13368"}],"wp:attachment":[{"href":"https:\/\/vmisecurity.com\/de\/wp-json\/wp\/v2\/media?parent=19689"}],"curies":[{"name":"wp","href":"https:\/\/api.w.org\/{rel}","templated":true}]}}