{"id":19701,"date":"2023-10-20T16:52:31","date_gmt":"2023-10-20T16:52:31","guid":{"rendered":"https:\/\/vmisecurity.com\/pessoal-en\/super-scanner-v\/"},"modified":"2023-10-24T17:29:28","modified_gmt":"2023-10-24T17:29:28","slug":"super-scanner-v","status":"publish","type":"page","link":"https:\/\/vmisecurity.com\/de\/persoenlich\/super-scanner-v\/","title":{"rendered":"SUPER SCANNER V"},"content":{"rendered":"\t\t<div data-elementor-type=\"wp-page\" data-elementor-id=\"19701\" class=\"elementor elementor-19701 elementor-19269\" data-elementor-post-type=\"page\">\n\t\t\t\t\t\t<section class=\"elementor-section elementor-top-section elementor-element elementor-element-7b4efb4 elementor-section-stretched elementor-section-full_width elementor-section-height-default elementor-section-height-default\" data-id=\"7b4efb4\" data-element_type=\"section\" data-e-type=\"section\" data-settings=\"{&quot;stretch_section&quot;:&quot;section-stretched&quot;,&quot;background_background&quot;:&quot;classic&quot;}\">\n\t\t\t\t\t\t<div class=\"elementor-container elementor-column-gap-default\">\n\t\t\t\t\t<div class=\"elementor-column elementor-col-100 elementor-top-column elementor-element elementor-element-bb99deb\" data-id=\"bb99deb\" data-element_type=\"column\" data-e-type=\"column\">\n\t\t\t<div class=\"elementor-widget-wrap elementor-element-populated\">\n\t\t\t\t\t\t<section class=\"elementor-section elementor-inner-section elementor-element elementor-element-e21e8c4 elementor-section-boxed elementor-section-height-default elementor-section-height-default\" data-id=\"e21e8c4\" data-element_type=\"section\" data-e-type=\"section\">\n\t\t\t\t\t\t<div class=\"elementor-container elementor-column-gap-default\">\n\t\t\t\t\t<div class=\"elementor-column elementor-col-50 elementor-inner-column elementor-element elementor-element-de17410\" data-id=\"de17410\" data-element_type=\"column\" data-e-type=\"column\">\n\t\t\t<div class=\"elementor-widget-wrap elementor-element-populated\">\n\t\t\t\t\t\t\t<\/div>\n\t\t<\/div>\n\t\t\t\t<div class=\"elementor-column elementor-col-50 elementor-inner-column elementor-element elementor-element-9743a13\" data-id=\"9743a13\" data-element_type=\"column\" data-e-type=\"column\">\n\t\t\t<div class=\"elementor-widget-wrap\">\n\t\t\t\t\t\t\t<\/div>\n\t\t<\/div>\n\t\t\t\t\t<\/div>\n\t\t<\/section>\n\t\t\t\t\t<\/div>\n\t\t<\/div>\n\t\t\t\t\t<\/div>\n\t\t<\/section>\n\t\t\t\t<section class=\"elementor-section elementor-top-section elementor-element elementor-element-428765f elementor-section-stretched elementor-section-full_width elementor-section-height-default elementor-section-height-default\" data-id=\"428765f\" data-element_type=\"section\" data-e-type=\"section\" data-settings=\"{&quot;stretch_section&quot;:&quot;section-stretched&quot;,&quot;background_background&quot;:&quot;classic&quot;}\">\n\t\t\t\t\t\t<div class=\"elementor-container elementor-column-gap-default\">\n\t\t\t\t\t<div class=\"elementor-column elementor-col-100 elementor-top-column elementor-element elementor-element-270d277\" data-id=\"270d277\" data-element_type=\"column\" data-e-type=\"column\">\n\t\t\t<div class=\"elementor-widget-wrap elementor-element-populated\">\n\t\t\t\t\t\t<section class=\"elementor-section elementor-inner-section elementor-element elementor-element-ccb60b5 elementor-section-content-middle elementor-section-boxed elementor-section-height-default elementor-section-height-default\" data-id=\"ccb60b5\" data-element_type=\"section\" data-e-type=\"section\">\n\t\t\t\t\t\t<div class=\"elementor-container elementor-column-gap-default\">\n\t\t\t\t\t<div class=\"elementor-column elementor-col-50 elementor-inner-column elementor-element elementor-element-543fd17\" data-id=\"543fd17\" data-element_type=\"column\" data-e-type=\"column\">\n\t\t\t<div class=\"elementor-widget-wrap elementor-element-populated\">\n\t\t\t\t\t\t<div class=\"elementor-element elementor-element-f07780d elementor-widget elementor-widget-text-editor\" data-id=\"f07780d\" data-element_type=\"widget\" data-e-type=\"widget\" data-widget_type=\"text-editor.default\">\n\t\t\t\t\t\t\t\t\t<h2>Hochempfindliche Metalldetektion<\/h2>\n<h4>Super Scanner \u00ae V ist ein manueller Metalldetektor mit einer 8 \u2033 (20,3cm) Oberfl\u00e4che, die Metalle durch die hohe Empfindlichkeit der Detektionsschaltung erkennen kann, wenn man sich dem zu untersuchenden Objekt oder K\u00f6rper n\u00e4hert.<\/h4>\n<div id=\"gtx-trans\" style=\"position: absolute; left: 185px; top: 145.625px;\">\n<div class=\"gtx-trans-icon\"><\/div>\n<\/div>\t\t\t\t\t\t\t\t<\/div>\n\t\t\t\t<div class=\"elementor-element elementor-element-5576a37 elementor-align-left elementor-widget elementor-widget-button\" data-id=\"5576a37\" data-element_type=\"widget\" data-e-type=\"widget\" data-widget_type=\"button.default\">\n\t\t\t\t\t\t\t\t\t\t<a class=\"elementor-button elementor-button-link elementor-size-sm\" href=\"https:\/\/vmisecurity.com\/consultants\/\">\n\t\t\t\t\t\t<span class=\"elementor-button-content-wrapper\">\n\t\t\t\t\t\t<span class=\"elementor-button-icon\">\n\t\t\t\t<svg aria-hidden=\"true\" class=\"e-font-icon-svg e-fas-angle-right\" viewBox=\"0 0 256 512\" xmlns=\"http:\/\/www.w3.org\/2000\/svg\"><path d=\"M224.3 273l-136 136c-9.4 9.4-24.6 9.4-33.9 0l-22.6-22.6c-9.4-9.4-9.4-24.6 0-33.9l96.4-96.4-96.4-96.4c-9.4-9.4-9.4-24.6 0-33.9L54.3 103c9.4-9.4 24.6-9.4 33.9 0l136 136c9.5 9.4 9.5 24.6.1 34z\"><\/path><\/svg>\t\t\t<\/span>\n\t\t\t\t\t\t\t\t\t<span class=\"elementor-button-text\">Sprechen Sie mit unseren Beratern<\/span>\n\t\t\t\t\t<\/span>\n\t\t\t\t\t<\/a>\n\t\t\t\t\t\t\t\t<\/div>\n\t\t\t\t\t<\/div>\n\t\t<\/div>\n\t\t\t\t<div class=\"elementor-column elementor-col-50 elementor-inner-column elementor-element elementor-element-1f2d069\" data-id=\"1f2d069\" data-element_type=\"column\" data-e-type=\"column\">\n\t\t\t<div class=\"elementor-widget-wrap elementor-element-populated\">\n\t\t\t\t\t\t<div class=\"elementor-element elementor-element-883cdc6 elementor-widget elementor-widget-image\" data-id=\"883cdc6\" data-element_type=\"widget\" data-e-type=\"widget\" data-widget_type=\"image.default\">\n\t\t\t\t\t\t\t\t\t\t\t\t\t\t\t<img fetchpriority=\"high\" decoding=\"async\" width=\"700\" height=\"600\" src=\"https:\/\/vmisecurity.com\/wp-content\/uploads\/2020\/07\/SuperScanner_V-1-1.jpg\" class=\"attachment-large size-large wp-image-12879\" alt=\"\" srcset=\"https:\/\/vmisecurity.com\/wp-content\/uploads\/2020\/07\/SuperScanner_V-1-1.jpg 700w, https:\/\/vmisecurity.com\/wp-content\/uploads\/2020\/07\/SuperScanner_V-1-1-300x257.jpg 300w\" sizes=\"(max-width: 700px) 100vw, 700px\" \/>\t\t\t\t\t\t\t\t\t\t\t\t\t\t\t<\/div>\n\t\t\t\t\t<\/div>\n\t\t<\/div>\n\t\t\t\t\t<\/div>\n\t\t<\/section>\n\t\t\t\t\t<\/div>\n\t\t<\/div>\n\t\t\t\t\t<\/div>\n\t\t<\/section>\n\t\t\t\t<section class=\"elementor-section elementor-top-section elementor-element elementor-element-ac5a21e elementor-section-stretched elementor-section-full_width elementor-section-height-default elementor-section-height-default\" data-id=\"ac5a21e\" data-element_type=\"section\" data-e-type=\"section\" data-settings=\"{&quot;stretch_section&quot;:&quot;section-stretched&quot;,&quot;background_background&quot;:&quot;classic&quot;,&quot;shape_divider_top&quot;:&quot;triangle-asymmetrical&quot;,&quot;shape_divider_top_negative&quot;:&quot;yes&quot;}\">\n\t\t\t\t\t<div class=\"elementor-shape elementor-shape-top\" aria-hidden=\"true\" data-negative=\"true\">\n\t\t\t<svg xmlns=\"http:\/\/www.w3.org\/2000\/svg\" viewBox=\"0 0 1000 100\" preserveAspectRatio=\"none\">\n\t<path class=\"elementor-shape-fill\" d=\"M737.9,94.7L0,0v100h1000V0L737.9,94.7z\"\/>\n<\/svg>\t\t<\/div>\n\t\t\t\t\t<div class=\"elementor-container elementor-column-gap-default\">\n\t\t\t\t\t<div class=\"elementor-column elementor-col-100 elementor-top-column elementor-element elementor-element-f272b0b\" data-id=\"f272b0b\" data-element_type=\"column\" data-e-type=\"column\">\n\t\t\t<div class=\"elementor-widget-wrap elementor-element-populated\">\n\t\t\t\t\t\t<section class=\"elementor-section elementor-inner-section elementor-element elementor-element-12defe9 elementor-section-content-middle elementor-section-boxed elementor-section-height-default elementor-section-height-default\" data-id=\"12defe9\" data-element_type=\"section\" data-e-type=\"section\">\n\t\t\t\t\t\t<div class=\"elementor-container elementor-column-gap-default\">\n\t\t\t\t\t<div class=\"elementor-column elementor-col-50 elementor-inner-column elementor-element elementor-element-d957fc7\" data-id=\"d957fc7\" data-element_type=\"column\" data-e-type=\"column\">\n\t\t\t<div class=\"elementor-widget-wrap elementor-element-populated\">\n\t\t\t\t\t\t<div class=\"elementor-element elementor-element-ecb85c4 elementor-widget elementor-widget-image\" data-id=\"ecb85c4\" data-element_type=\"widget\" data-e-type=\"widget\" data-widget_type=\"image.default\">\n\t\t\t\t\t\t\t\t\t\t\t\t\t\t\t<img decoding=\"async\" width=\"300\" height=\"450\" src=\"https:\/\/vmisecurity.com\/wp-content\/uploads\/2020\/09\/SuperScanner_V_vistas-otipj0pr20y0vp59s27zobr3pp571wo86ewpn6hqxg-1.png\" class=\"attachment-full size-full wp-image-12880\" alt=\"\" srcset=\"https:\/\/vmisecurity.com\/wp-content\/uploads\/2020\/09\/SuperScanner_V_vistas-otipj0pr20y0vp59s27zobr3pp571wo86ewpn6hqxg-1.png 300w, https:\/\/vmisecurity.com\/wp-content\/uploads\/2020\/09\/SuperScanner_V_vistas-otipj0pr20y0vp59s27zobr3pp571wo86ewpn6hqxg-1-200x300.png 200w\" sizes=\"(max-width: 300px) 100vw, 300px\" \/>\t\t\t\t\t\t\t\t\t\t\t\t\t\t\t<\/div>\n\t\t\t\t\t<\/div>\n\t\t<\/div>\n\t\t\t\t<div class=\"elementor-column elementor-col-50 elementor-inner-column elementor-element elementor-element-0bb0f47\" data-id=\"0bb0f47\" data-element_type=\"column\" data-e-type=\"column\">\n\t\t\t<div class=\"elementor-widget-wrap elementor-element-populated\">\n\t\t\t\t\t\t<div class=\"elementor-element elementor-element-1cef9df elementor-widget elementor-widget-text-editor\" data-id=\"1cef9df\" data-element_type=\"widget\" data-e-type=\"widget\" data-widget_type=\"text-editor.default\">\n\t\t\t\t\t\t\t\t\t<h2>Metalle verschiedener Formen und Gr\u00f6\u00dfen unter Schnellpr\u00fcfung<\/h2>\n<h4>Aufgrund der extremen Empfindlichkeit des Ger\u00e4ts k\u00f6nnen kleine Metallgegenst\u00e4nde wie Pistolen, Messer, Klingen und Stilettos, kleiner Schmuck und sogar in Alufolie verpackte Drogen zum Zeitpunkt der Kontrolle entdeckt werden.<\/h4>\n<div id=\"gtx-trans\" style=\"position: absolute; left: -188px; top: 37.8px;\">\n<div class=\"gtx-trans-icon\"><\/div>\n<\/div>\t\t\t\t\t\t\t\t<\/div>\n\t\t\t\t\t<\/div>\n\t\t<\/div>\n\t\t\t\t\t<\/div>\n\t\t<\/section>\n\t\t\t\t\t<\/div>\n\t\t<\/div>\n\t\t\t\t\t<\/div>\n\t\t<\/section>\n\t\t\t\t<section class=\"elementor-section elementor-top-section elementor-element elementor-element-253956e elementor-section-stretched elementor-section-boxed elementor-section-height-default elementor-section-height-default\" data-id=\"253956e\" data-element_type=\"section\" data-e-type=\"section\" data-settings=\"{&quot;stretch_section&quot;:&quot;section-stretched&quot;,&quot;background_background&quot;:&quot;classic&quot;}\">\n\t\t\t\t\t\t<div class=\"elementor-container elementor-column-gap-default\">\n\t\t\t\t\t<div class=\"elementor-column elementor-col-100 elementor-top-column elementor-element elementor-element-a3c35ee\" data-id=\"a3c35ee\" data-element_type=\"column\" data-e-type=\"column\">\n\t\t\t<div class=\"elementor-widget-wrap elementor-element-populated\">\n\t\t\t\t\t\t<div class=\"elementor-element elementor-element-836e840 elementor-widget elementor-widget-shortcode\" data-id=\"836e840\" data-element_type=\"widget\" data-e-type=\"widget\" data-widget_type=\"shortcode.default\">\n\t\t\t\t\t\t\t<div class=\"elementor-shortcode\"><\/div>\n\t\t\t\t\t\t<\/div>\n\t\t\t\t\t<\/div>\n\t\t<\/div>\n\t\t\t\t\t<\/div>\n\t\t<\/section>\n\t\t\t\t<section class=\"elementor-section elementor-top-section elementor-element elementor-element-84fa825 elementor-section-stretched elementor-section-boxed elementor-section-height-default elementor-section-height-default\" data-id=\"84fa825\" data-element_type=\"section\" data-e-type=\"section\" data-settings=\"{&quot;stretch_section&quot;:&quot;section-stretched&quot;,&quot;background_background&quot;:&quot;classic&quot;}\">\n\t\t\t\t\t\t<div class=\"elementor-container elementor-column-gap-default\">\n\t\t\t\t\t<div class=\"elementor-column elementor-col-100 elementor-top-column elementor-element elementor-element-670f7be\" data-id=\"670f7be\" data-element_type=\"column\" data-e-type=\"column\">\n\t\t\t<div class=\"elementor-widget-wrap elementor-element-populated\">\n\t\t\t\t\t\t<section class=\"elementor-section elementor-inner-section elementor-element elementor-element-90a562e elementor-section-content-middle elementor-section-boxed elementor-section-height-default elementor-section-height-default\" data-id=\"90a562e\" data-element_type=\"section\" data-e-type=\"section\" data-settings=\"{&quot;background_background&quot;:&quot;classic&quot;}\">\n\t\t\t\t\t\t<div class=\"elementor-container elementor-column-gap-default\">\n\t\t\t\t\t<div class=\"elementor-column elementor-col-100 elementor-inner-column elementor-element elementor-element-f1f7360\" data-id=\"f1f7360\" data-element_type=\"column\" data-e-type=\"column\">\n\t\t\t<div class=\"elementor-widget-wrap elementor-element-populated\">\n\t\t\t\t\t\t<div class=\"elementor-element elementor-element-f2a3a32 elementor-widget elementor-widget-text-editor\" data-id=\"f2a3a32\" data-element_type=\"widget\" data-e-type=\"widget\" data-widget_type=\"text-editor.default\">\n\t\t\t\t\t\t\t\t\t<p style=\"text-align: center;\">Um die Effizienz Ihres Kontroll- und Sicherheitssystems aufrechtzuerhalten, sprechen Sie mit den Beratern von VMI Security.<\/p>\n\t\t\t\t\t\t\t\t<\/div>\n\t\t\t\t<div class=\"elementor-element elementor-element-0cb39c1 elementor-widget-divider--view-line elementor-widget elementor-widget-divider\" data-id=\"0cb39c1\" data-element_type=\"widget\" data-e-type=\"widget\" data-widget_type=\"divider.default\">\n\t\t\t\t\t\t\t<div class=\"elementor-divider\">\n\t\t\t<span class=\"elementor-divider-separator\">\n\t\t\t\t\t\t<\/span>\n\t\t<\/div>\n\t\t\t\t\t\t<\/div>\n\t\t\t\t<div class=\"elementor-element elementor-element-bf31708 elementor-align-center elementor-widget elementor-widget-button\" data-id=\"bf31708\" data-element_type=\"widget\" data-e-type=\"widget\" data-widget_type=\"button.default\">\n\t\t\t\t\t\t\t\t\t\t<a class=\"elementor-button elementor-button-link elementor-size-sm\" href=\"https:\/\/vmisecurity.com\/consultants\/\">\n\t\t\t\t\t\t<span class=\"elementor-button-content-wrapper\">\n\t\t\t\t\t\t\t\t\t<span class=\"elementor-button-text\">Sprechen Sie mit dem Vertrieb<\/span>\n\t\t\t\t\t<\/span>\n\t\t\t\t\t<\/a>\n\t\t\t\t\t\t\t\t<\/div>\n\t\t\t\t\t<\/div>\n\t\t<\/div>\n\t\t\t\t\t<\/div>\n\t\t<\/section>\n\t\t\t\t\t<\/div>\n\t\t<\/div>\n\t\t\t\t\t<\/div>\n\t\t<\/section>\n\t\t\t\t<\/div>\n\t\t","protected":false},"excerpt":{"rendered":"<p>Hochempfindliche Metalldetektion Super Scanner \u00ae V ist ein manueller Metalldetektor mit einer 8 \u2033 (20,3cm) Oberfl\u00e4che, die Metalle durch die hohe Empfindlichkeit der Detektionsschaltung erkennen kann, wenn man sich dem zu untersuchenden Objekt oder K\u00f6rper n\u00e4hert. Sprechen Sie mit unseren Beratern Metalle verschiedener Formen und Gr\u00f6\u00dfen unter Schnellpr\u00fcfung Aufgrund der extremen Empfindlichkeit des Ger\u00e4ts k\u00f6nnen [&hellip;]<\/p>\n","protected":false},"author":1,"featured_media":12859,"parent":19687,"menu_order":0,"comment_status":"closed","ping_status":"closed","template":"","meta":{"footnotes":""},"class_list":["post-19701","page","type-page","status-publish","has-post-thumbnail","hentry"],"yoast_head":"<!-- This site is optimized with the Yoast SEO plugin v27.4 - https:\/\/yoast.com\/product\/yoast-seo-wordpress\/ -->\n<title>SUPER SCANNER V - VMI SECURITY<\/title>\n<meta name=\"robots\" content=\"index, follow, max-snippet:-1, max-image-preview:large, max-video-preview:-1\" \/>\n<link rel=\"canonical\" href=\"https:\/\/vmisecurity.com\/de\/persoenlich\/super-scanner-v\/\" \/>\n<meta property=\"og:locale\" content=\"de_DE\" \/>\n<meta property=\"og:type\" content=\"article\" \/>\n<meta property=\"og:title\" content=\"SUPER SCANNER V - VMI SECURITY\" \/>\n<meta property=\"og:description\" content=\"Hochempfindliche Metalldetektion Super Scanner \u00ae V ist ein manueller Metalldetektor mit einer 8 \u2033 (20,3cm) Oberfl\u00e4che, die Metalle durch die hohe Empfindlichkeit der Detektionsschaltung erkennen kann, wenn man sich dem zu untersuchenden Objekt oder K\u00f6rper n\u00e4hert. Sprechen Sie mit unseren Beratern Metalle verschiedener Formen und Gr\u00f6\u00dfen unter Schnellpr\u00fcfung Aufgrund der extremen Empfindlichkeit des Ger\u00e4ts k\u00f6nnen [&hellip;]\" \/>\n<meta property=\"og:url\" content=\"https:\/\/vmisecurity.com\/de\/persoenlich\/super-scanner-v\/\" \/>\n<meta property=\"og:site_name\" content=\"VMI SECURITY\" \/>\n<meta property=\"article:modified_time\" content=\"2023-10-24T17:29:28+00:00\" \/>\n<meta property=\"og:image\" content=\"https:\/\/vmisecurity.com\/wp-content\/uploads\/2020\/07\/img_02332-1.jpg\" \/>\n\t<meta property=\"og:image:width\" content=\"500\" \/>\n\t<meta property=\"og:image:height\" content=\"500\" \/>\n\t<meta property=\"og:image:type\" content=\"image\/jpeg\" \/>\n<meta name=\"twitter:card\" content=\"summary_large_image\" \/>\n<meta name=\"twitter:label1\" content=\"Gesch\u00e4tzte Lesezeit\" \/>\n\t<meta name=\"twitter:data1\" content=\"1\u00a0Minute\" \/>\n<script type=\"application\/ld+json\" class=\"yoast-schema-graph\">{\"@context\":\"https:\\\/\\\/schema.org\",\"@graph\":[{\"@type\":\"WebPage\",\"@id\":\"https:\\\/\\\/vmisecurity.com\\\/de\\\/persoenlich\\\/super-scanner-v\\\/\",\"url\":\"https:\\\/\\\/vmisecurity.com\\\/de\\\/persoenlich\\\/super-scanner-v\\\/\",\"name\":\"SUPER SCANNER V - VMI SECURITY\",\"isPartOf\":{\"@id\":\"https:\\\/\\\/vmisecurity.com\\\/#website\"},\"primaryImageOfPage\":{\"@id\":\"https:\\\/\\\/vmisecurity.com\\\/de\\\/persoenlich\\\/super-scanner-v\\\/#primaryimage\"},\"image\":{\"@id\":\"https:\\\/\\\/vmisecurity.com\\\/de\\\/persoenlich\\\/super-scanner-v\\\/#primaryimage\"},\"thumbnailUrl\":\"https:\\\/\\\/vmisecurity.com\\\/wp-content\\\/uploads\\\/2020\\\/07\\\/img_02332-1.jpg\",\"datePublished\":\"2023-10-20T16:52:31+00:00\",\"dateModified\":\"2023-10-24T17:29:28+00:00\",\"breadcrumb\":{\"@id\":\"https:\\\/\\\/vmisecurity.com\\\/de\\\/persoenlich\\\/super-scanner-v\\\/#breadcrumb\"},\"inLanguage\":\"de\",\"potentialAction\":[{\"@type\":\"ReadAction\",\"target\":[\"https:\\\/\\\/vmisecurity.com\\\/de\\\/persoenlich\\\/super-scanner-v\\\/\"]}]},{\"@type\":\"ImageObject\",\"inLanguage\":\"de\",\"@id\":\"https:\\\/\\\/vmisecurity.com\\\/de\\\/persoenlich\\\/super-scanner-v\\\/#primaryimage\",\"url\":\"https:\\\/\\\/vmisecurity.com\\\/wp-content\\\/uploads\\\/2020\\\/07\\\/img_02332-1.jpg\",\"contentUrl\":\"https:\\\/\\\/vmisecurity.com\\\/wp-content\\\/uploads\\\/2020\\\/07\\\/img_02332-1.jpg\",\"width\":500,\"height\":500},{\"@type\":\"BreadcrumbList\",\"@id\":\"https:\\\/\\\/vmisecurity.com\\\/de\\\/persoenlich\\\/super-scanner-v\\\/#breadcrumb\",\"itemListElement\":[{\"@type\":\"ListItem\",\"position\":1,\"name\":\"Home\",\"item\":\"https:\\\/\\\/vmisecurity.com\\\/de\\\/\"},{\"@type\":\"ListItem\",\"position\":2,\"name\":\"PERS\u00d6NLICH\",\"item\":\"https:\\\/\\\/vmisecurity.com\\\/de\\\/persoenlich\\\/\"},{\"@type\":\"ListItem\",\"position\":3,\"name\":\"SUPER SCANNER V\"}]},{\"@type\":\"WebSite\",\"@id\":\"https:\\\/\\\/vmisecurity.com\\\/#website\",\"url\":\"https:\\\/\\\/vmisecurity.com\\\/\",\"name\":\"VMI SECURITY\",\"description\":\"\",\"publisher\":{\"@id\":\"https:\\\/\\\/vmisecurity.com\\\/#organization\"},\"potentialAction\":[{\"@type\":\"SearchAction\",\"target\":{\"@type\":\"EntryPoint\",\"urlTemplate\":\"https:\\\/\\\/vmisecurity.com\\\/?s={search_term_string}\"},\"query-input\":{\"@type\":\"PropertyValueSpecification\",\"valueRequired\":true,\"valueName\":\"search_term_string\"}}],\"inLanguage\":\"de\"},{\"@type\":\"Organization\",\"@id\":\"https:\\\/\\\/vmisecurity.com\\\/#organization\",\"name\":\"VMI SECURITY\",\"url\":\"https:\\\/\\\/vmisecurity.com\\\/\",\"logo\":{\"@type\":\"ImageObject\",\"inLanguage\":\"de\",\"@id\":\"https:\\\/\\\/vmisecurity.com\\\/#\\\/schema\\\/logo\\\/image\\\/\",\"url\":\"https:\\\/\\\/vmisecurity.com\\\/wp-content\\\/uploads\\\/2021\\\/11\\\/logo-vmi-trademark.png\",\"contentUrl\":\"https:\\\/\\\/vmisecurity.com\\\/wp-content\\\/uploads\\\/2021\\\/11\\\/logo-vmi-trademark.png\",\"width\":255,\"height\":169,\"caption\":\"VMI SECURITY\"},\"image\":{\"@id\":\"https:\\\/\\\/vmisecurity.com\\\/#\\\/schema\\\/logo\\\/image\\\/\"}}]}<\/script>\n<!-- \/ Yoast SEO plugin. -->","yoast_head_json":{"title":"SUPER SCANNER V - VMI SECURITY","robots":{"index":"index","follow":"follow","max-snippet":"max-snippet:-1","max-image-preview":"max-image-preview:large","max-video-preview":"max-video-preview:-1"},"canonical":"https:\/\/vmisecurity.com\/de\/persoenlich\/super-scanner-v\/","og_locale":"de_DE","og_type":"article","og_title":"SUPER SCANNER V - VMI SECURITY","og_description":"Hochempfindliche Metalldetektion Super Scanner \u00ae V ist ein manueller Metalldetektor mit einer 8 \u2033 (20,3cm) Oberfl\u00e4che, die Metalle durch die hohe Empfindlichkeit der Detektionsschaltung erkennen kann, wenn man sich dem zu untersuchenden Objekt oder K\u00f6rper n\u00e4hert. Sprechen Sie mit unseren Beratern Metalle verschiedener Formen und Gr\u00f6\u00dfen unter Schnellpr\u00fcfung Aufgrund der extremen Empfindlichkeit des Ger\u00e4ts k\u00f6nnen [&hellip;]","og_url":"https:\/\/vmisecurity.com\/de\/persoenlich\/super-scanner-v\/","og_site_name":"VMI SECURITY","article_modified_time":"2023-10-24T17:29:28+00:00","og_image":[{"width":500,"height":500,"url":"https:\/\/vmisecurity.com\/wp-content\/uploads\/2020\/07\/img_02332-1.jpg","type":"image\/jpeg"}],"twitter_card":"summary_large_image","twitter_misc":{"Gesch\u00e4tzte Lesezeit":"1\u00a0Minute"},"schema":{"@context":"https:\/\/schema.org","@graph":[{"@type":"WebPage","@id":"https:\/\/vmisecurity.com\/de\/persoenlich\/super-scanner-v\/","url":"https:\/\/vmisecurity.com\/de\/persoenlich\/super-scanner-v\/","name":"SUPER SCANNER V - VMI SECURITY","isPartOf":{"@id":"https:\/\/vmisecurity.com\/#website"},"primaryImageOfPage":{"@id":"https:\/\/vmisecurity.com\/de\/persoenlich\/super-scanner-v\/#primaryimage"},"image":{"@id":"https:\/\/vmisecurity.com\/de\/persoenlich\/super-scanner-v\/#primaryimage"},"thumbnailUrl":"https:\/\/vmisecurity.com\/wp-content\/uploads\/2020\/07\/img_02332-1.jpg","datePublished":"2023-10-20T16:52:31+00:00","dateModified":"2023-10-24T17:29:28+00:00","breadcrumb":{"@id":"https:\/\/vmisecurity.com\/de\/persoenlich\/super-scanner-v\/#breadcrumb"},"inLanguage":"de","potentialAction":[{"@type":"ReadAction","target":["https:\/\/vmisecurity.com\/de\/persoenlich\/super-scanner-v\/"]}]},{"@type":"ImageObject","inLanguage":"de","@id":"https:\/\/vmisecurity.com\/de\/persoenlich\/super-scanner-v\/#primaryimage","url":"https:\/\/vmisecurity.com\/wp-content\/uploads\/2020\/07\/img_02332-1.jpg","contentUrl":"https:\/\/vmisecurity.com\/wp-content\/uploads\/2020\/07\/img_02332-1.jpg","width":500,"height":500},{"@type":"BreadcrumbList","@id":"https:\/\/vmisecurity.com\/de\/persoenlich\/super-scanner-v\/#breadcrumb","itemListElement":[{"@type":"ListItem","position":1,"name":"Home","item":"https:\/\/vmisecurity.com\/de\/"},{"@type":"ListItem","position":2,"name":"PERS\u00d6NLICH","item":"https:\/\/vmisecurity.com\/de\/persoenlich\/"},{"@type":"ListItem","position":3,"name":"SUPER SCANNER V"}]},{"@type":"WebSite","@id":"https:\/\/vmisecurity.com\/#website","url":"https:\/\/vmisecurity.com\/","name":"VMI SECURITY","description":"","publisher":{"@id":"https:\/\/vmisecurity.com\/#organization"},"potentialAction":[{"@type":"SearchAction","target":{"@type":"EntryPoint","urlTemplate":"https:\/\/vmisecurity.com\/?s={search_term_string}"},"query-input":{"@type":"PropertyValueSpecification","valueRequired":true,"valueName":"search_term_string"}}],"inLanguage":"de"},{"@type":"Organization","@id":"https:\/\/vmisecurity.com\/#organization","name":"VMI SECURITY","url":"https:\/\/vmisecurity.com\/","logo":{"@type":"ImageObject","inLanguage":"de","@id":"https:\/\/vmisecurity.com\/#\/schema\/logo\/image\/","url":"https:\/\/vmisecurity.com\/wp-content\/uploads\/2021\/11\/logo-vmi-trademark.png","contentUrl":"https:\/\/vmisecurity.com\/wp-content\/uploads\/2021\/11\/logo-vmi-trademark.png","width":255,"height":169,"caption":"VMI SECURITY"},"image":{"@id":"https:\/\/vmisecurity.com\/#\/schema\/logo\/image\/"}}]}},"_links":{"self":[{"href":"https:\/\/vmisecurity.com\/de\/wp-json\/wp\/v2\/pages\/19701","targetHints":{"allow":["GET"]}}],"collection":[{"href":"https:\/\/vmisecurity.com\/de\/wp-json\/wp\/v2\/pages"}],"about":[{"href":"https:\/\/vmisecurity.com\/de\/wp-json\/wp\/v2\/types\/page"}],"author":[{"embeddable":true,"href":"https:\/\/vmisecurity.com\/de\/wp-json\/wp\/v2\/users\/1"}],"replies":[{"embeddable":true,"href":"https:\/\/vmisecurity.com\/de\/wp-json\/wp\/v2\/comments?post=19701"}],"version-history":[{"count":3,"href":"https:\/\/vmisecurity.com\/de\/wp-json\/wp\/v2\/pages\/19701\/revisions"}],"predecessor-version":[{"id":19790,"href":"https:\/\/vmisecurity.com\/de\/wp-json\/wp\/v2\/pages\/19701\/revisions\/19790"}],"up":[{"embeddable":true,"href":"https:\/\/vmisecurity.com\/de\/wp-json\/wp\/v2\/pages\/19687"}],"wp:featuredmedia":[{"embeddable":true,"href":"https:\/\/vmisecurity.com\/de\/wp-json\/wp\/v2\/media\/12859"}],"wp:attachment":[{"href":"https:\/\/vmisecurity.com\/de\/wp-json\/wp\/v2\/media?parent=19701"}],"curies":[{"name":"wp","href":"https:\/\/api.w.org\/{rel}","templated":true}]}}