{"id":1497,"date":"2020-09-21T13:56:06","date_gmt":"2020-09-21T16:56:06","guid":{"rendered":"http:\/\/167.99.111.69\/codigo-de-etica\/"},"modified":"2025-06-25T14:54:53","modified_gmt":"2025-06-25T14:54:53","slug":"codigo-de-etica-2","status":"publish","type":"page","link":"https:\/\/vmisecurity.com\/es\/codigo-de-etica-2\/","title":{"rendered":"C\u00f3digo de \u00c9tica"},"content":{"rendered":"\t\t<div data-elementor-type=\"wp-page\" data-elementor-id=\"1497\" class=\"elementor elementor-1497 elementor-276\" data-elementor-post-type=\"page\">\n\t\t\t\t\t\t<section class=\"elementor-section elementor-top-section elementor-element elementor-element-b962d22 elementor-section-stretched elementor-section-full_width elementor-section-content-middle elementor-section-height-default elementor-section-height-default\" data-id=\"b962d22\" data-element_type=\"section\" data-e-type=\"section\" data-settings=\"{&quot;stretch_section&quot;:&quot;section-stretched&quot;}\">\n\t\t\t\t\t\t<div class=\"elementor-container elementor-column-gap-wide\">\n\t\t\t\t\t<div class=\"elementor-column elementor-col-25 elementor-top-column elementor-element elementor-element-4bce9bc3\" data-id=\"4bce9bc3\" data-element_type=\"column\" data-e-type=\"column\">\n\t\t\t<div class=\"elementor-widget-wrap\">\n\t\t\t\t\t\t\t<\/div>\n\t\t<\/div>\n\t\t\t\t<div class=\"elementor-column elementor-col-25 elementor-top-column elementor-element elementor-element-47ba1a09\" data-id=\"47ba1a09\" data-element_type=\"column\" data-e-type=\"column\">\n\t\t\t<div class=\"elementor-widget-wrap elementor-element-populated\">\n\t\t\t\t\t\t<div class=\"elementor-element elementor-element-6c39c35 elementor-widget elementor-widget-image\" data-id=\"6c39c35\" data-element_type=\"widget\" data-e-type=\"widget\" data-widget_type=\"image.default\">\n\t\t\t\t\t\t\t\t\t\t\t\t\t\t\t<img fetchpriority=\"high\" decoding=\"async\" width=\"433\" height=\"750\" src=\"https:\/\/vmisecurity.com\/wp-content\/uploads\/2020\/09\/codigo-etics-1-PT.png\" class=\"attachment-large size-large wp-image-8284\" alt=\"\" srcset=\"https:\/\/vmisecurity.com\/wp-content\/uploads\/2020\/09\/codigo-etics-1-PT.png 433w, https:\/\/vmisecurity.com\/wp-content\/uploads\/2020\/09\/codigo-etics-1-PT-173x300.png 173w\" sizes=\"(max-width: 433px) 100vw, 433px\" \/>\t\t\t\t\t\t\t\t\t\t\t\t\t\t\t<\/div>\n\t\t\t\t\t<\/div>\n\t\t<\/div>\n\t\t\t\t<div class=\"elementor-column elementor-col-25 elementor-top-column elementor-element elementor-element-2f23a114\" data-id=\"2f23a114\" data-element_type=\"column\" data-e-type=\"column\">\n\t\t\t<div class=\"elementor-widget-wrap elementor-element-populated\">\n\t\t\t\t\t\t<div class=\"elementor-element elementor-element-2afbaf3a elementor-widget elementor-widget-text-editor\" data-id=\"2afbaf3a\" data-element_type=\"widget\" data-e-type=\"widget\" data-widget_type=\"text-editor.default\">\n\t\t\t\t\t\t\t\t\t<p>Es a trav\u00e9s de su C\u00f3digo de \u00c9tica que VMI indica y aclara sus propias responsabilidades \u00e9ticas, sociales y ambientales, referente a la legislaci\u00f3n vigencia.<\/p>\n\t\t\t\t\t\t\t\t<\/div>\n\t\t\t\t<div class=\"elementor-element elementor-element-67b653f1 elementor-widget elementor-widget-text-editor\" data-id=\"67b653f1\" data-element_type=\"widget\" data-e-type=\"widget\" data-widget_type=\"text-editor.default\">\n\t\t\t\t\t\t\t\t\t<blockquote>\n<p>Su funci\u00f3n es impregnar las acciones de todos sus colaboradores, figurando como instrumento que permite al p\u00fablico conocer VMI, sus formas de actuaci\u00f3n y normas de conducta.<\/p>\n<\/blockquote>\n<p>Todos los funcionarios deben actuar con base en valores y objetivos comunes, siguiendo los est\u00e1ndares \u00e9ticos descritos en este C\u00f3digo. Es pol\u00edtica de VMI que sus colaboradores cumplan rigurosamente las leyes y reglamentos aplicables, as\u00ed como observen los m\u00e1s altos est\u00e1ndares de \u00e9tica empresarial.<\/p>\n\t\t\t\t\t\t\t\t<\/div>\n\t\t\t\t<div class=\"elementor-element elementor-element-4cda67e elementor-align-center elementor-widget elementor-widget-button\" data-id=\"4cda67e\" data-element_type=\"widget\" data-e-type=\"widget\" data-widget_type=\"button.default\">\n\t\t\t\t\t\t\t\t\t\t<a class=\"elementor-button elementor-button-link elementor-size-sm\" href=\"https:\/\/vmisecurity.com\/wp-content\/uploads\/2023\/06\/Codigo_de_etica-VMI-Security-ES.pdf\">\n\t\t\t\t\t\t<span class=\"elementor-button-content-wrapper\">\n\t\t\t\t\t\t\t\t\t<span class=\"elementor-button-text\">Download<\/span>\n\t\t\t\t\t<\/span>\n\t\t\t\t\t<\/a>\n\t\t\t\t\t\t\t\t<\/div>\n\t\t\t\t\t<\/div>\n\t\t<\/div>\n\t\t\t\t<div class=\"elementor-column elementor-col-25 elementor-top-column elementor-element elementor-element-460e2424\" data-id=\"460e2424\" data-element_type=\"column\" data-e-type=\"column\">\n\t\t\t<div class=\"elementor-widget-wrap\">\n\t\t\t\t\t\t\t<\/div>\n\t\t<\/div>\n\t\t\t\t\t<\/div>\n\t\t<\/section>\n\t\t\t\t<section class=\"elementor-section elementor-top-section elementor-element elementor-element-b91bf20 elementor-section-boxed elementor-section-height-default elementor-section-height-default\" data-id=\"b91bf20\" data-element_type=\"section\" data-e-type=\"section\">\n\t\t\t\t\t\t<div class=\"elementor-container elementor-column-gap-default\">\n\t\t\t\t\t<div class=\"elementor-column elementor-col-100 elementor-top-column elementor-element elementor-element-7371c36\" data-id=\"7371c36\" data-element_type=\"column\" data-e-type=\"column\">\n\t\t\t<div class=\"elementor-widget-wrap\">\n\t\t\t\t\t\t\t<\/div>\n\t\t<\/div>\n\t\t\t\t\t<\/div>\n\t\t<\/section>\n\t\t\t\t<section class=\"elementor-section elementor-top-section elementor-element elementor-element-7995956 elementor-section-boxed elementor-section-height-default elementor-section-height-default\" data-id=\"7995956\" data-element_type=\"section\" data-e-type=\"section\">\n\t\t\t\t\t\t<div class=\"elementor-container elementor-column-gap-default\">\n\t\t\t\t\t<div class=\"elementor-column elementor-col-33 elementor-top-column elementor-element elementor-element-7caf892\" data-id=\"7caf892\" data-element_type=\"column\" data-e-type=\"column\">\n\t\t\t<div class=\"elementor-widget-wrap\">\n\t\t\t\t\t\t\t<\/div>\n\t\t<\/div>\n\t\t\t\t<div class=\"elementor-column elementor-col-33 elementor-top-column elementor-element elementor-element-9790612\" data-id=\"9790612\" data-element_type=\"column\" data-e-type=\"column\">\n\t\t\t<div class=\"elementor-widget-wrap elementor-element-populated\">\n\t\t\t\t\t\t<div class=\"elementor-element elementor-element-8fc186c elementor-widget elementor-widget-heading\" data-id=\"8fc186c\" data-element_type=\"widget\" data-e-type=\"widget\" data-widget_type=\"heading.default\">\n\t\t\t\t\t<h3 class=\"elementor-heading-title elementor-size-default\">Realizar una denuncia<\/h3>\t\t\t\t<\/div>\n\t\t\t\t<div class=\"elementor-element elementor-element-3853464 elementor-widget elementor-widget-text-editor\" data-id=\"3853464\" data-element_type=\"widget\" data-e-type=\"widget\" data-widget_type=\"text-editor.default\">\n\t\t\t\t\t\t\t\t\t<p style=\"text-align: center;\">Nos tomamos en serio nuestra responsabilidad de crear un ambiente c\u00f3modo y abierto a denuncias relacionadas con cualquier acci\u00f3n u omisi\u00f3n que genere perturbaciones o amenace la salud del entorno laboral de VMI Security.<\/p>\t\t\t\t\t\t\t\t<\/div>\n\t\t\t\t<div class=\"elementor-element elementor-element-cf2cd6f elementor-button-warning elementor-align-center elementor-widget elementor-widget-button\" data-id=\"cf2cd6f\" data-element_type=\"widget\" data-e-type=\"widget\" data-widget_type=\"button.default\">\n\t\t\t\t\t\t\t\t\t\t<a class=\"elementor-button elementor-button-link elementor-size-md\" href=\"http:\/\/wecomply.com.br\/eticavmis\" target=\"_blank\">\n\t\t\t\t\t\t<span class=\"elementor-button-content-wrapper\">\n\t\t\t\t\t\t\t\t\t<span class=\"elementor-button-text\">Haga una denuncia<\/span>\n\t\t\t\t\t<\/span>\n\t\t\t\t\t<\/a>\n\t\t\t\t\t\t\t\t<\/div>\n\t\t\t\t\t<\/div>\n\t\t<\/div>\n\t\t\t\t<div class=\"elementor-column elementor-col-33 elementor-top-column elementor-element elementor-element-a21c9ea\" data-id=\"a21c9ea\" data-element_type=\"column\" data-e-type=\"column\">\n\t\t\t<div class=\"elementor-widget-wrap\">\n\t\t\t\t\t\t\t<\/div>\n\t\t<\/div>\n\t\t\t\t\t<\/div>\n\t\t<\/section>\n\t\t\t\t<\/div>\n\t\t","protected":false},"excerpt":{"rendered":"<p>Es a trav\u00e9s de su C\u00f3digo de \u00c9tica que VMI indica y aclara sus propias responsabilidades \u00e9ticas, sociales y ambientales, referente a la legislaci\u00f3n vigencia. Su funci\u00f3n es impregnar las acciones de todos sus colaboradores, figurando como instrumento que permite al p\u00fablico conocer VMI, sus formas de actuaci\u00f3n y normas de conducta. Todos los funcionarios [&hellip;]<\/p>\n","protected":false},"author":1,"featured_media":0,"parent":0,"menu_order":0,"comment_status":"closed","ping_status":"closed","template":"","meta":{"footnotes":""},"class_list":["post-1497","page","type-page","status-publish","hentry"],"yoast_head":"<!-- This site is optimized with the Yoast SEO plugin v27.3 - https:\/\/yoast.com\/product\/yoast-seo-wordpress\/ -->\n<title>C\u00f3digo de \u00c9tica - VMI SECURITY<\/title>\n<meta name=\"robots\" content=\"index, follow, max-snippet:-1, max-image-preview:large, max-video-preview:-1\" \/>\n<link rel=\"canonical\" href=\"https:\/\/vmisecurity.com\/code-of-ethics\/\" \/>\n<meta property=\"og:locale\" content=\"es_ES\" \/>\n<meta property=\"og:type\" content=\"article\" \/>\n<meta property=\"og:title\" content=\"C\u00f3digo de \u00c9tica - VMI SECURITY\" \/>\n<meta property=\"og:description\" content=\"Es a trav\u00e9s de su C\u00f3digo de \u00c9tica que VMI indica y aclara sus propias responsabilidades \u00e9ticas, sociales y ambientales, referente a la legislaci\u00f3n vigencia. Su funci\u00f3n es impregnar las acciones de todos sus colaboradores, figurando como instrumento que permite al p\u00fablico conocer VMI, sus formas de actuaci\u00f3n y normas de conducta. Todos los funcionarios [&hellip;]\" \/>\n<meta property=\"og:url\" content=\"https:\/\/vmisecurity.com\/code-of-ethics\/\" \/>\n<meta property=\"og:site_name\" content=\"VMI SECURITY\" \/>\n<meta property=\"article:modified_time\" content=\"2025-06-25T14:54:53+00:00\" \/>\n<meta property=\"og:image\" content=\"https:\/\/vmisecurity.com\/wp-content\/uploads\/2020\/09\/codigo-etics-1-PT.png\" \/>\n<meta name=\"twitter:card\" content=\"summary_large_image\" \/>\n<meta name=\"twitter:label1\" content=\"Tiempo de lectura\" \/>\n\t<meta name=\"twitter:data1\" content=\"1 minuto\" \/>\n<script type=\"application\/ld+json\" class=\"yoast-schema-graph\">{\"@context\":\"https:\\\/\\\/schema.org\",\"@graph\":[{\"@type\":\"WebPage\",\"@id\":\"https:\\\/\\\/vmisecurity.com\\\/code-of-ethics\\\/\",\"url\":\"https:\\\/\\\/vmisecurity.com\\\/code-of-ethics\\\/\",\"name\":\"C\u00f3digo de \u00c9tica - VMI SECURITY\",\"isPartOf\":{\"@id\":\"https:\\\/\\\/vmisecurity.com\\\/#website\"},\"primaryImageOfPage\":{\"@id\":\"https:\\\/\\\/vmisecurity.com\\\/code-of-ethics\\\/#primaryimage\"},\"image\":{\"@id\":\"https:\\\/\\\/vmisecurity.com\\\/code-of-ethics\\\/#primaryimage\"},\"thumbnailUrl\":\"https:\\\/\\\/vmisecurity.com\\\/wp-content\\\/uploads\\\/2020\\\/09\\\/codigo-etics-1-PT.png\",\"datePublished\":\"2020-09-21T16:56:06+00:00\",\"dateModified\":\"2025-06-25T14:54:53+00:00\",\"breadcrumb\":{\"@id\":\"https:\\\/\\\/vmisecurity.com\\\/code-of-ethics\\\/#breadcrumb\"},\"inLanguage\":\"es\",\"potentialAction\":[{\"@type\":\"ReadAction\",\"target\":[\"https:\\\/\\\/vmisecurity.com\\\/code-of-ethics\\\/\"]}]},{\"@type\":\"ImageObject\",\"inLanguage\":\"es\",\"@id\":\"https:\\\/\\\/vmisecurity.com\\\/code-of-ethics\\\/#primaryimage\",\"url\":\"https:\\\/\\\/vmisecurity.com\\\/wp-content\\\/uploads\\\/2020\\\/09\\\/codigo-etics-1-PT.png\",\"contentUrl\":\"https:\\\/\\\/vmisecurity.com\\\/wp-content\\\/uploads\\\/2020\\\/09\\\/codigo-etics-1-PT.png\"},{\"@type\":\"BreadcrumbList\",\"@id\":\"https:\\\/\\\/vmisecurity.com\\\/code-of-ethics\\\/#breadcrumb\",\"itemListElement\":[{\"@type\":\"ListItem\",\"position\":1,\"name\":\"Home\",\"item\":\"https:\\\/\\\/vmisecurity.com\\\/es\\\/\"},{\"@type\":\"ListItem\",\"position\":2,\"name\":\"C\u00f3digo de \u00c9tica\"}]},{\"@type\":\"WebSite\",\"@id\":\"https:\\\/\\\/vmisecurity.com\\\/#website\",\"url\":\"https:\\\/\\\/vmisecurity.com\\\/\",\"name\":\"VMI SECURITY\",\"description\":\"\",\"publisher\":{\"@id\":\"https:\\\/\\\/vmisecurity.com\\\/#organization\"},\"potentialAction\":[{\"@type\":\"SearchAction\",\"target\":{\"@type\":\"EntryPoint\",\"urlTemplate\":\"https:\\\/\\\/vmisecurity.com\\\/?s={search_term_string}\"},\"query-input\":{\"@type\":\"PropertyValueSpecification\",\"valueRequired\":true,\"valueName\":\"search_term_string\"}}],\"inLanguage\":\"es\"},{\"@type\":\"Organization\",\"@id\":\"https:\\\/\\\/vmisecurity.com\\\/#organization\",\"name\":\"VMI SECURITY\",\"url\":\"https:\\\/\\\/vmisecurity.com\\\/\",\"logo\":{\"@type\":\"ImageObject\",\"inLanguage\":\"es\",\"@id\":\"https:\\\/\\\/vmisecurity.com\\\/#\\\/schema\\\/logo\\\/image\\\/\",\"url\":\"https:\\\/\\\/vmisecurity.com\\\/wp-content\\\/uploads\\\/2021\\\/11\\\/logo-vmi-trademark.png\",\"contentUrl\":\"https:\\\/\\\/vmisecurity.com\\\/wp-content\\\/uploads\\\/2021\\\/11\\\/logo-vmi-trademark.png\",\"width\":255,\"height\":169,\"caption\":\"VMI SECURITY\"},\"image\":{\"@id\":\"https:\\\/\\\/vmisecurity.com\\\/#\\\/schema\\\/logo\\\/image\\\/\"}}]}<\/script>\n<!-- \/ Yoast SEO plugin. -->","yoast_head_json":{"title":"C\u00f3digo de \u00c9tica - VMI SECURITY","robots":{"index":"index","follow":"follow","max-snippet":"max-snippet:-1","max-image-preview":"max-image-preview:large","max-video-preview":"max-video-preview:-1"},"canonical":"https:\/\/vmisecurity.com\/code-of-ethics\/","og_locale":"es_ES","og_type":"article","og_title":"C\u00f3digo de \u00c9tica - VMI SECURITY","og_description":"Es a trav\u00e9s de su C\u00f3digo de \u00c9tica que VMI indica y aclara sus propias responsabilidades \u00e9ticas, sociales y ambientales, referente a la legislaci\u00f3n vigencia. Su funci\u00f3n es impregnar las acciones de todos sus colaboradores, figurando como instrumento que permite al p\u00fablico conocer VMI, sus formas de actuaci\u00f3n y normas de conducta. Todos los funcionarios [&hellip;]","og_url":"https:\/\/vmisecurity.com\/code-of-ethics\/","og_site_name":"VMI SECURITY","article_modified_time":"2025-06-25T14:54:53+00:00","og_image":[{"url":"https:\/\/vmisecurity.com\/wp-content\/uploads\/2020\/09\/codigo-etics-1-PT.png","type":"","width":"","height":""}],"twitter_card":"summary_large_image","twitter_misc":{"Tiempo de lectura":"1 minuto"},"schema":{"@context":"https:\/\/schema.org","@graph":[{"@type":"WebPage","@id":"https:\/\/vmisecurity.com\/code-of-ethics\/","url":"https:\/\/vmisecurity.com\/code-of-ethics\/","name":"C\u00f3digo de \u00c9tica - VMI SECURITY","isPartOf":{"@id":"https:\/\/vmisecurity.com\/#website"},"primaryImageOfPage":{"@id":"https:\/\/vmisecurity.com\/code-of-ethics\/#primaryimage"},"image":{"@id":"https:\/\/vmisecurity.com\/code-of-ethics\/#primaryimage"},"thumbnailUrl":"https:\/\/vmisecurity.com\/wp-content\/uploads\/2020\/09\/codigo-etics-1-PT.png","datePublished":"2020-09-21T16:56:06+00:00","dateModified":"2025-06-25T14:54:53+00:00","breadcrumb":{"@id":"https:\/\/vmisecurity.com\/code-of-ethics\/#breadcrumb"},"inLanguage":"es","potentialAction":[{"@type":"ReadAction","target":["https:\/\/vmisecurity.com\/code-of-ethics\/"]}]},{"@type":"ImageObject","inLanguage":"es","@id":"https:\/\/vmisecurity.com\/code-of-ethics\/#primaryimage","url":"https:\/\/vmisecurity.com\/wp-content\/uploads\/2020\/09\/codigo-etics-1-PT.png","contentUrl":"https:\/\/vmisecurity.com\/wp-content\/uploads\/2020\/09\/codigo-etics-1-PT.png"},{"@type":"BreadcrumbList","@id":"https:\/\/vmisecurity.com\/code-of-ethics\/#breadcrumb","itemListElement":[{"@type":"ListItem","position":1,"name":"Home","item":"https:\/\/vmisecurity.com\/es\/"},{"@type":"ListItem","position":2,"name":"C\u00f3digo de \u00c9tica"}]},{"@type":"WebSite","@id":"https:\/\/vmisecurity.com\/#website","url":"https:\/\/vmisecurity.com\/","name":"VMI SECURITY","description":"","publisher":{"@id":"https:\/\/vmisecurity.com\/#organization"},"potentialAction":[{"@type":"SearchAction","target":{"@type":"EntryPoint","urlTemplate":"https:\/\/vmisecurity.com\/?s={search_term_string}"},"query-input":{"@type":"PropertyValueSpecification","valueRequired":true,"valueName":"search_term_string"}}],"inLanguage":"es"},{"@type":"Organization","@id":"https:\/\/vmisecurity.com\/#organization","name":"VMI SECURITY","url":"https:\/\/vmisecurity.com\/","logo":{"@type":"ImageObject","inLanguage":"es","@id":"https:\/\/vmisecurity.com\/#\/schema\/logo\/image\/","url":"https:\/\/vmisecurity.com\/wp-content\/uploads\/2021\/11\/logo-vmi-trademark.png","contentUrl":"https:\/\/vmisecurity.com\/wp-content\/uploads\/2021\/11\/logo-vmi-trademark.png","width":255,"height":169,"caption":"VMI SECURITY"},"image":{"@id":"https:\/\/vmisecurity.com\/#\/schema\/logo\/image\/"}}]}},"_links":{"self":[{"href":"https:\/\/vmisecurity.com\/es\/wp-json\/wp\/v2\/pages\/1497","targetHints":{"allow":["GET"]}}],"collection":[{"href":"https:\/\/vmisecurity.com\/es\/wp-json\/wp\/v2\/pages"}],"about":[{"href":"https:\/\/vmisecurity.com\/es\/wp-json\/wp\/v2\/types\/page"}],"author":[{"embeddable":true,"href":"https:\/\/vmisecurity.com\/es\/wp-json\/wp\/v2\/users\/1"}],"replies":[{"embeddable":true,"href":"https:\/\/vmisecurity.com\/es\/wp-json\/wp\/v2\/comments?post=1497"}],"version-history":[{"count":16,"href":"https:\/\/vmisecurity.com\/es\/wp-json\/wp\/v2\/pages\/1497\/revisions"}],"predecessor-version":[{"id":22017,"href":"https:\/\/vmisecurity.com\/es\/wp-json\/wp\/v2\/pages\/1497\/revisions\/22017"}],"wp:attachment":[{"href":"https:\/\/vmisecurity.com\/es\/wp-json\/wp\/v2\/media?parent=1497"}],"curies":[{"name":"wp","href":"https:\/\/api.w.org\/{rel}","templated":true}]}}