{"id":1524,"date":"2020-09-21T16:16:10","date_gmt":"2020-09-21T19:16:10","guid":{"rendered":"http:\/\/167.99.111.69\/iml-e-hospitales\/"},"modified":"2023-10-09T17:05:43","modified_gmt":"2023-10-09T17:05:43","slug":"iml-e-hospitales","status":"publish","type":"page","link":"https:\/\/vmisecurity.com\/es\/iml-e-hospitales\/","title":{"rendered":"IML e Hospitales"},"content":{"rendered":"\t\t<div data-elementor-type=\"wp-page\" data-elementor-id=\"1524\" class=\"elementor elementor-1524 elementor-303\" data-elementor-post-type=\"page\">\n\t\t\t\t\t\t<section class=\"elementor-section elementor-top-section elementor-element elementor-element-c94054d elementor-section-stretched elementor-section-full_width elementor-section-height-default elementor-section-height-default\" data-id=\"c94054d\" data-element_type=\"section\" data-e-type=\"section\" data-settings=\"{&quot;stretch_section&quot;:&quot;section-stretched&quot;,&quot;background_background&quot;:&quot;classic&quot;}\">\n\t\t\t\t\t\t<div class=\"elementor-container elementor-column-gap-default\">\n\t\t\t\t\t<div class=\"elementor-column elementor-col-100 elementor-top-column elementor-element elementor-element-2b61ab8\" data-id=\"2b61ab8\" data-element_type=\"column\" data-e-type=\"column\">\n\t\t\t<div class=\"elementor-widget-wrap elementor-element-populated\">\n\t\t\t\t\t\t<section class=\"elementor-section elementor-inner-section elementor-element elementor-element-cb20985 elementor-section-boxed elementor-section-height-default elementor-section-height-default\" data-id=\"cb20985\" data-element_type=\"section\" data-e-type=\"section\">\n\t\t\t\t\t\t<div class=\"elementor-container elementor-column-gap-default\">\n\t\t\t\t\t<div class=\"elementor-column elementor-col-50 elementor-inner-column elementor-element elementor-element-801fa8c\" data-id=\"801fa8c\" data-element_type=\"column\" data-e-type=\"column\">\n\t\t\t<div class=\"elementor-widget-wrap elementor-element-populated\">\n\t\t\t\t\t\t<div class=\"elementor-element elementor-element-2c5f8fa elementor-widget elementor-widget-text-editor\" data-id=\"2c5f8fa\" data-element_type=\"widget\" data-e-type=\"widget\" data-widget_type=\"text-editor.default\">\n\t\t\t\t\t\t\t\t\t<div class=\"widget-title\"><span style=\"color: #ffffff;\"><a style=\"color: #ffffff;\" href=\"https:\/\/vmisecurity.com\/\/es\/\">HOME<\/a> \/ IML E HOSPITALES<\/span><\/div>\n\t\t\t\t\t\t\t\t<\/div>\n\t\t\t\t\t<\/div>\n\t\t<\/div>\n\t\t\t\t<div class=\"elementor-column elementor-col-50 elementor-inner-column elementor-element elementor-element-07b31ca\" data-id=\"07b31ca\" data-element_type=\"column\" data-e-type=\"column\">\n\t\t\t<div class=\"elementor-widget-wrap\">\n\t\t\t\t\t\t\t<\/div>\n\t\t<\/div>\n\t\t\t\t\t<\/div>\n\t\t<\/section>\n\t\t\t\t\t<\/div>\n\t\t<\/div>\n\t\t\t\t\t<\/div>\n\t\t<\/section>\n\t\t\t\t<section class=\"elementor-section elementor-top-section elementor-element elementor-element-2770f5e1 elementor-section-boxed elementor-section-height-default elementor-section-height-default\" data-id=\"2770f5e1\" data-element_type=\"section\" data-e-type=\"section\" data-settings=\"{&quot;background_background&quot;:&quot;classic&quot;}\">\n\t\t\t\t\t\t<div class=\"elementor-container elementor-column-gap-default\">\n\t\t\t\t\t<div class=\"elementor-column elementor-col-50 elementor-top-column elementor-element elementor-element-6dd68fa elementor-hidden-phone\" data-id=\"6dd68fa\" data-element_type=\"column\" data-e-type=\"column\">\n\t\t\t<div class=\"elementor-widget-wrap elementor-element-populated\">\n\t\t\t\t\t\t<div class=\"elementor-element elementor-element-4b0ad60 elementor-widget elementor-widget-text-editor\" data-id=\"4b0ad60\" data-element_type=\"widget\" data-e-type=\"widget\" data-widget_type=\"text-editor.default\">\n\t\t\t\t\t\t\t\t\t<div class=\"widget-title\"><span style=\"color: #242424;\"><strong>\u00c1REAS DE ATUACI\u00d3N<\/strong><\/span><\/div>\n<div class=\"menu-atuacao-container\">\u00a0<\/div>\n\t\t\t\t\t\t\t\t<\/div>\n\t\t\t\t<div class=\"elementor-element elementor-element-cd7f74e elementor-widget elementor-widget-text-editor\" data-id=\"cd7f74e\" data-element_type=\"widget\" data-e-type=\"widget\" data-widget_type=\"text-editor.default\">\n\t\t\t\t\t\t\t\t\t<div class=\"widget-title\"><p><span style=\"color: #6e6e6e;\"><a style=\"color: #6e6e6e;\" href=\"\/es\/puertos-y-aduanera\/\" aria-current=\"page\">Puertos y Aduanera<\/a><\/span><\/p><p><span style=\"color: #6e6e6e;\"><a style=\"color: #6e6e6e;\" href=\"\/es\/aeropuertos\/\">Aeropuertos<\/a><\/span><\/p><p><span style=\"color: #6e6e6e;\"><a style=\"color: #6e6e6e;\" href=\"\/es\/sector-privado\/\">Sector Privado<\/a><\/span><\/p><p><span style=\"color: #6e6e6e;\"><a style=\"color: #6e6e6e;\" href=\"\/es\/sistema-penitenciario\/\">Sistema Penitenciario<\/a><\/span><\/p><p><span style=\"color: #6e6e6e;\"><a style=\"color: #6e6e6e;\" href=\"\/es\/militar\/\">Militar<\/a><\/span><\/p><p><span style=\"color: #6e6e6e;\"><a style=\"color: #6e6e6e;\" href=\"\/es\/iml-e-hospitales\/\">IML e Hospitales<\/a><\/span><\/p><p><span style=\"color: #6e6e6e;\"><a style=\"color: #6e6e6e;\" href=\"\/es\/infraestructuras-criticas\/\">Infraestructuras Cr\u00edticas<\/a><\/span><\/p><p><span style=\"color: #6e6e6e;\"><a style=\"color: #6e6e6e;\" href=\"\/es\/eventos\/\">Eventos<\/a><\/span><\/p><\/div>\t\t\t\t\t\t\t\t<\/div>\n\t\t\t\t\t<\/div>\n\t\t<\/div>\n\t\t\t\t<div class=\"elementor-column elementor-col-50 elementor-top-column elementor-element elementor-element-107480df\" data-id=\"107480df\" data-element_type=\"column\" data-e-type=\"column\">\n\t\t\t<div class=\"elementor-widget-wrap elementor-element-populated\">\n\t\t\t\t\t\t<section class=\"elementor-section elementor-inner-section elementor-element elementor-element-2f904622 elementor-section-content-middle elementor-section-boxed elementor-section-height-default elementor-section-height-default\" data-id=\"2f904622\" data-element_type=\"section\" data-e-type=\"section\">\n\t\t\t\t\t\t<div class=\"elementor-container elementor-column-gap-default\">\n\t\t\t\t\t<div class=\"elementor-column elementor-col-33 elementor-inner-column elementor-element elementor-element-14257f4b\" data-id=\"14257f4b\" data-element_type=\"column\" data-e-type=\"column\">\n\t\t\t<div class=\"elementor-widget-wrap elementor-element-populated\">\n\t\t\t\t\t\t<div class=\"elementor-element elementor-element-2e90c01 elementor-hidden-phone elementor-widget elementor-widget-text-editor\" data-id=\"2e90c01\" data-element_type=\"widget\" data-e-type=\"widget\" data-widget_type=\"text-editor.default\">\n\t\t\t\t\t\t\t\t\t<h2 style=\"text-align: right;\">Mayor precisi\u00f3n en menos tiempo para situaciones altamente sensibles<\/h2>\t\t\t\t\t\t\t\t<\/div>\n\t\t\t\t<div class=\"elementor-element elementor-element-ab09107 elementor-hidden-desktop elementor-widget elementor-widget-text-editor\" data-id=\"ab09107\" data-element_type=\"widget\" data-e-type=\"widget\" data-widget_type=\"text-editor.default\">\n\t\t\t\t\t\t\t\t\t<h2 style=\"text-align: left;\">Mayor precisi\u00f3n en menos tiempo para situaciones altamente sensibles<\/h2>\t\t\t\t\t\t\t\t<\/div>\n\t\t\t\t\t<\/div>\n\t\t<\/div>\n\t\t\t\t<div class=\"elementor-column elementor-col-33 elementor-inner-column elementor-element elementor-element-5cdd3d39 elementor-hidden-phone\" data-id=\"5cdd3d39\" data-element_type=\"column\" data-e-type=\"column\">\n\t\t\t<div class=\"elementor-widget-wrap elementor-element-populated\">\n\t\t\t\t\t\t<div class=\"elementor-element elementor-element-42c8bdec elementor-widget elementor-widget-image\" data-id=\"42c8bdec\" data-element_type=\"widget\" data-e-type=\"widget\" data-widget_type=\"image.default\">\n\t\t\t\t\t\t\t\t\t\t\t\t\t\t\t<img decoding=\"async\" src=\"https:\/\/vmisecurity.com\/\/wp-content\/uploads\/2020\/09\/separator-vmi-1.png\" title=\"\" alt=\"\" loading=\"lazy\" \/>\t\t\t\t\t\t\t\t\t\t\t\t\t\t\t<\/div>\n\t\t\t\t\t<\/div>\n\t\t<\/div>\n\t\t\t\t<div class=\"elementor-column elementor-col-33 elementor-inner-column elementor-element elementor-element-59149442\" data-id=\"59149442\" data-element_type=\"column\" data-e-type=\"column\">\n\t\t\t<div class=\"elementor-widget-wrap elementor-element-populated\">\n\t\t\t\t\t\t<div class=\"elementor-element elementor-element-4c9bf2a1 elementor-widget elementor-widget-text-editor\" data-id=\"4c9bf2a1\" data-element_type=\"widget\" data-e-type=\"widget\" data-widget_type=\"text-editor.default\">\n\t\t\t\t\t\t\t\t\t<h4>Desarrollamos equipamientos exclusivos para Instituciones de Medicina Legal y Hospitales, que tienen como objetivo ayudar al legista forense con la elaboraci\u00f3n de dict\u00e1menes periciales, reduciendo el tiempo de investigaci\u00f3n y aumentando la precisi\u00f3n de sus an\u00e1lisis. Son equipamientos enteramente blindados con plomo, que reducen el costo de la infraestructura necesaria contra la radiaci\u00f3n y ofrecen mayor protecci\u00f3n para los operadores y otras personas presentes.<\/h4>\t\t\t\t\t\t\t\t<\/div>\n\t\t\t\t\t<\/div>\n\t\t<\/div>\n\t\t\t\t\t<\/div>\n\t\t<\/section>\n\t\t\t\t<div class=\"elementor-element elementor-element-4d8ae44 elementor-posts--align-center elementor-grid-3 elementor-grid-tablet-2 elementor-grid-mobile-1 elementor-posts--thumbnail-top elementor-widget elementor-widget-posts\" data-id=\"4d8ae44\" data-element_type=\"widget\" data-e-type=\"widget\" data-settings=\"{&quot;classic_columns&quot;:&quot;3&quot;,&quot;classic_columns_tablet&quot;:&quot;2&quot;,&quot;classic_columns_mobile&quot;:&quot;1&quot;,&quot;classic_row_gap&quot;:{&quot;unit&quot;:&quot;px&quot;,&quot;size&quot;:35,&quot;sizes&quot;:[]},&quot;classic_row_gap_tablet&quot;:{&quot;unit&quot;:&quot;px&quot;,&quot;size&quot;:&quot;&quot;,&quot;sizes&quot;:[]},&quot;classic_row_gap_mobile&quot;:{&quot;unit&quot;:&quot;px&quot;,&quot;size&quot;:&quot;&quot;,&quot;sizes&quot;:[]}}\" data-widget_type=\"posts.classic\">\n\t\t\t\t<div class=\"elementor-widget-container\">\n\t\t\t\t\t\t\t<div class=\"elementor-posts-container elementor-posts elementor-posts--skin-classic elementor-grid\" role=\"list\">\n\t\t\t\t<article class=\"elementor-post elementor-grid-item post-1991 post type-post status-publish format-standard has-post-thumbnail hentry category-blog-es category-pericial-es-2\" role=\"listitem\">\n\t\t\t\t<a class=\"elementor-post__thumbnail__link\" href=\"https:\/\/vmisecurity.com\/es\/flatscan-df80-3\/\" tabindex=\"-1\" >\n\t\t\t<div class=\"elementor-post__thumbnail\"><img fetchpriority=\"high\" decoding=\"async\" width=\"500\" height=\"500\" src=\"https:\/\/vmisecurity.com\/wp-content\/uploads\/2020\/07\/img_24-1.png\" class=\"attachment-full size-full wp-image-1612\" alt=\"\" srcset=\"https:\/\/vmisecurity.com\/wp-content\/uploads\/2020\/07\/img_24-1.png 500w, https:\/\/vmisecurity.com\/wp-content\/uploads\/2020\/07\/img_24-1-300x300.png 300w, https:\/\/vmisecurity.com\/wp-content\/uploads\/2020\/07\/img_24-1-150x150.png 150w\" sizes=\"(max-width: 500px) 100vw, 500px\" \/><\/div>\n\t\t<\/a>\n\t\t\t\t<div class=\"elementor-post__text\">\n\t\t\t\t<h3 class=\"elementor-post__title\">\n\t\t\t<a href=\"https:\/\/vmisecurity.com\/es\/flatscan-df80-3\/\" >\n\t\t\t\tFLATSCAN DF80\t\t\t<\/a>\n\t\t<\/h3>\n\t\t\n\t\t<a class=\"elementor-post__read-more\" href=\"https:\/\/vmisecurity.com\/es\/flatscan-df80-3\/\" aria-label=\"M\u00e1s informaci\u00f3n sobre FLATSCAN DF80\" tabindex=\"-1\" >\n\t\t\tVer producto \u00bb\t\t<\/a>\n\n\t\t\t\t<\/div>\n\t\t\t\t<\/article>\n\t\t\t\t<\/div>\n\t\t\n\t\t\t\t\t\t<\/div>\n\t\t\t\t<\/div>\n\t\t\t\t\t<\/div>\n\t\t<\/div>\n\t\t\t\t\t<\/div>\n\t\t<\/section>\n\t\t\t\t<section class=\"elementor-section elementor-top-section elementor-element elementor-element-13d65e3 elementor-section-boxed elementor-section-height-default elementor-section-height-default\" data-id=\"13d65e3\" data-element_type=\"section\" data-e-type=\"section\" data-settings=\"{&quot;background_background&quot;:&quot;classic&quot;}\">\n\t\t\t\t\t\t<div class=\"elementor-container elementor-column-gap-default\">\n\t\t\t\t\t<div class=\"elementor-column elementor-col-100 elementor-top-column elementor-element elementor-element-1dfd255 elementor-hidden-desktop elementor-hidden-tablet\" data-id=\"1dfd255\" data-element_type=\"column\" data-e-type=\"column\">\n\t\t\t<div class=\"elementor-widget-wrap elementor-element-populated\">\n\t\t\t\t\t\t<div class=\"elementor-element elementor-element-9f2ee92 elementor-widget elementor-widget-text-editor\" data-id=\"9f2ee92\" data-element_type=\"widget\" data-e-type=\"widget\" data-widget_type=\"text-editor.default\">\n\t\t\t\t\t\t\t\t\t<div class=\"widget-title\"><span style=\"color: #242424;\"><strong>\u00c1REAS DE ATUACI\u00d3N<\/strong><\/span><\/div>\n<div class=\"menu-atuacao-container\">\u00a0<\/div>\n\t\t\t\t\t\t\t\t<\/div>\n\t\t\t\t<div class=\"elementor-element elementor-element-4049e78 elementor-widget elementor-widget-text-editor\" data-id=\"4049e78\" data-element_type=\"widget\" data-e-type=\"widget\" data-widget_type=\"text-editor.default\">\n\t\t\t\t\t\t\t\t\t<div class=\"widget-title\"><p><span style=\"color: #6e6e6e;\"><a style=\"color: #6e6e6e;\" href=\"\/es\/puertos-y-aduanera\/\" aria-current=\"page\">Puertos y Aduanera<\/a><\/span><\/p><p><span style=\"color: #6e6e6e;\"><a style=\"color: #6e6e6e;\" href=\"\/es\/aeropuertos\/\">Aeropuertos<\/a><\/span><\/p><p><span style=\"color: #6e6e6e;\"><a style=\"color: #6e6e6e;\" href=\"\/es\/sector-privado\/\">Sector Privado<\/a><\/span><\/p><p><span style=\"color: #6e6e6e;\"><a style=\"color: #6e6e6e;\" href=\"\/es\/sistema-penitenciario\/\">Sistema Penitenciario<\/a><\/span><\/p><p><span style=\"color: #6e6e6e;\"><a style=\"color: #6e6e6e;\" href=\"\/es\/militar\/\">Militar<\/a><\/span><\/p><p><span style=\"color: #6e6e6e;\"><a style=\"color: #6e6e6e;\" href=\"\/es\/iml-e-hospitales\/\">IML e Hospitales<\/a><\/span><\/p><p><span style=\"color: #6e6e6e;\"><a style=\"color: #6e6e6e;\" href=\"\/es\/infraestructuras-criticas\/\">Infraestructuras Cr\u00edticas<\/a><\/span><\/p><p><span style=\"color: #6e6e6e;\"><a style=\"color: #6e6e6e;\" href=\"\/es\/eventos\/\">Eventos<\/a><\/span><\/p><\/div>\t\t\t\t\t\t\t\t<\/div>\n\t\t\t\t\t<\/div>\n\t\t<\/div>\n\t\t\t\t\t<\/div>\n\t\t<\/section>\n\t\t\t\t<\/div>\n\t\t","protected":false},"excerpt":{"rendered":"<p>HOME \/ IML E HOSPITALES \u00c1REAS DE ATUACI\u00d3N \u00a0 Puertos y Aduanera Aeropuertos Sector Privado Sistema Penitenciario Militar IML e Hospitales Infraestructuras Cr\u00edticas Eventos Mayor<\/p>\n","protected":false},"author":1,"featured_media":0,"parent":0,"menu_order":0,"comment_status":"closed","ping_status":"closed","template":"","meta":{"footnotes":""},"class_list":["post-1524","page","type-page","status-publish","hentry"],"yoast_head":"<!-- This site is optimized with the Yoast SEO plugin v27.3 - https:\/\/yoast.com\/product\/yoast-seo-wordpress\/ -->\n<title>IML e Hospitales - VMI SECURITY<\/title>\n<meta name=\"robots\" content=\"index, follow, max-snippet:-1, max-image-preview:large, max-video-preview:-1\" \/>\n<link rel=\"canonical\" href=\"https:\/\/vmisecurity.com\/forensic-medicine-institutes-and-hospitals\/\" \/>\n<meta property=\"og:locale\" content=\"es_ES\" \/>\n<meta property=\"og:type\" content=\"article\" \/>\n<meta property=\"og:title\" content=\"IML e Hospitales - VMI SECURITY\" \/>\n<meta property=\"og:description\" content=\"HOME \/ IML E HOSPITALES \u00c1REAS DE ATUACI\u00d3N \u00a0 Puertos y Aduanera Aeropuertos Sector Privado Sistema Penitenciario Militar IML e Hospitales Infraestructuras Cr\u00edticas Eventos Mayor\" \/>\n<meta property=\"og:url\" content=\"https:\/\/vmisecurity.com\/forensic-medicine-institutes-and-hospitals\/\" \/>\n<meta property=\"og:site_name\" content=\"VMI SECURITY\" \/>\n<meta property=\"article:modified_time\" content=\"2023-10-09T17:05:43+00:00\" \/>\n<meta property=\"og:image\" content=\"https:\/\/vmisecurity.com\/\/wp-content\/uploads\/2020\/09\/separator-vmi-1.png\" \/>\n<meta name=\"twitter:card\" content=\"summary_large_image\" \/>\n<meta name=\"twitter:label1\" content=\"Tiempo de lectura\" \/>\n\t<meta name=\"twitter:data1\" content=\"1 minuto\" \/>\n<script type=\"application\/ld+json\" class=\"yoast-schema-graph\">{\"@context\":\"https:\\\/\\\/schema.org\",\"@graph\":[{\"@type\":\"WebPage\",\"@id\":\"https:\\\/\\\/vmisecurity.com\\\/forensic-medicine-institutes-and-hospitals\\\/\",\"url\":\"https:\\\/\\\/vmisecurity.com\\\/forensic-medicine-institutes-and-hospitals\\\/\",\"name\":\"IML e Hospitales - VMI SECURITY\",\"isPartOf\":{\"@id\":\"https:\\\/\\\/vmisecurity.com\\\/#website\"},\"primaryImageOfPage\":{\"@id\":\"https:\\\/\\\/vmisecurity.com\\\/forensic-medicine-institutes-and-hospitals\\\/#primaryimage\"},\"image\":{\"@id\":\"https:\\\/\\\/vmisecurity.com\\\/forensic-medicine-institutes-and-hospitals\\\/#primaryimage\"},\"thumbnailUrl\":\"https:\\\/\\\/vmisecurity.com\\\/\\\/wp-content\\\/uploads\\\/2020\\\/09\\\/separator-vmi-1.png\",\"datePublished\":\"2020-09-21T19:16:10+00:00\",\"dateModified\":\"2023-10-09T17:05:43+00:00\",\"breadcrumb\":{\"@id\":\"https:\\\/\\\/vmisecurity.com\\\/forensic-medicine-institutes-and-hospitals\\\/#breadcrumb\"},\"inLanguage\":\"es\",\"potentialAction\":[{\"@type\":\"ReadAction\",\"target\":[\"https:\\\/\\\/vmisecurity.com\\\/forensic-medicine-institutes-and-hospitals\\\/\"]}]},{\"@type\":\"ImageObject\",\"inLanguage\":\"es\",\"@id\":\"https:\\\/\\\/vmisecurity.com\\\/forensic-medicine-institutes-and-hospitals\\\/#primaryimage\",\"url\":\"https:\\\/\\\/vmisecurity.com\\\/\\\/wp-content\\\/uploads\\\/2020\\\/09\\\/separator-vmi-1.png\",\"contentUrl\":\"https:\\\/\\\/vmisecurity.com\\\/\\\/wp-content\\\/uploads\\\/2020\\\/09\\\/separator-vmi-1.png\"},{\"@type\":\"BreadcrumbList\",\"@id\":\"https:\\\/\\\/vmisecurity.com\\\/forensic-medicine-institutes-and-hospitals\\\/#breadcrumb\",\"itemListElement\":[{\"@type\":\"ListItem\",\"position\":1,\"name\":\"Home\",\"item\":\"https:\\\/\\\/vmisecurity.com\\\/es\\\/\"},{\"@type\":\"ListItem\",\"position\":2,\"name\":\"IML e Hospitales\"}]},{\"@type\":\"WebSite\",\"@id\":\"https:\\\/\\\/vmisecurity.com\\\/#website\",\"url\":\"https:\\\/\\\/vmisecurity.com\\\/\",\"name\":\"VMI SECURITY\",\"description\":\"\",\"publisher\":{\"@id\":\"https:\\\/\\\/vmisecurity.com\\\/#organization\"},\"potentialAction\":[{\"@type\":\"SearchAction\",\"target\":{\"@type\":\"EntryPoint\",\"urlTemplate\":\"https:\\\/\\\/vmisecurity.com\\\/?s={search_term_string}\"},\"query-input\":{\"@type\":\"PropertyValueSpecification\",\"valueRequired\":true,\"valueName\":\"search_term_string\"}}],\"inLanguage\":\"es\"},{\"@type\":\"Organization\",\"@id\":\"https:\\\/\\\/vmisecurity.com\\\/#organization\",\"name\":\"VMI SECURITY\",\"url\":\"https:\\\/\\\/vmisecurity.com\\\/\",\"logo\":{\"@type\":\"ImageObject\",\"inLanguage\":\"es\",\"@id\":\"https:\\\/\\\/vmisecurity.com\\\/#\\\/schema\\\/logo\\\/image\\\/\",\"url\":\"https:\\\/\\\/vmisecurity.com\\\/wp-content\\\/uploads\\\/2021\\\/11\\\/logo-vmi-trademark.png\",\"contentUrl\":\"https:\\\/\\\/vmisecurity.com\\\/wp-content\\\/uploads\\\/2021\\\/11\\\/logo-vmi-trademark.png\",\"width\":255,\"height\":169,\"caption\":\"VMI SECURITY\"},\"image\":{\"@id\":\"https:\\\/\\\/vmisecurity.com\\\/#\\\/schema\\\/logo\\\/image\\\/\"}}]}<\/script>\n<!-- \/ Yoast SEO plugin. -->","yoast_head_json":{"title":"IML e Hospitales - VMI SECURITY","robots":{"index":"index","follow":"follow","max-snippet":"max-snippet:-1","max-image-preview":"max-image-preview:large","max-video-preview":"max-video-preview:-1"},"canonical":"https:\/\/vmisecurity.com\/forensic-medicine-institutes-and-hospitals\/","og_locale":"es_ES","og_type":"article","og_title":"IML e Hospitales - VMI SECURITY","og_description":"HOME \/ IML E HOSPITALES \u00c1REAS DE ATUACI\u00d3N \u00a0 Puertos y Aduanera Aeropuertos Sector Privado Sistema Penitenciario Militar IML e Hospitales Infraestructuras Cr\u00edticas Eventos Mayor","og_url":"https:\/\/vmisecurity.com\/forensic-medicine-institutes-and-hospitals\/","og_site_name":"VMI SECURITY","article_modified_time":"2023-10-09T17:05:43+00:00","og_image":[{"url":"https:\/\/vmisecurity.com\/\/wp-content\/uploads\/2020\/09\/separator-vmi-1.png","type":"","width":"","height":""}],"twitter_card":"summary_large_image","twitter_misc":{"Tiempo de lectura":"1 minuto"},"schema":{"@context":"https:\/\/schema.org","@graph":[{"@type":"WebPage","@id":"https:\/\/vmisecurity.com\/forensic-medicine-institutes-and-hospitals\/","url":"https:\/\/vmisecurity.com\/forensic-medicine-institutes-and-hospitals\/","name":"IML e Hospitales - VMI SECURITY","isPartOf":{"@id":"https:\/\/vmisecurity.com\/#website"},"primaryImageOfPage":{"@id":"https:\/\/vmisecurity.com\/forensic-medicine-institutes-and-hospitals\/#primaryimage"},"image":{"@id":"https:\/\/vmisecurity.com\/forensic-medicine-institutes-and-hospitals\/#primaryimage"},"thumbnailUrl":"https:\/\/vmisecurity.com\/\/wp-content\/uploads\/2020\/09\/separator-vmi-1.png","datePublished":"2020-09-21T19:16:10+00:00","dateModified":"2023-10-09T17:05:43+00:00","breadcrumb":{"@id":"https:\/\/vmisecurity.com\/forensic-medicine-institutes-and-hospitals\/#breadcrumb"},"inLanguage":"es","potentialAction":[{"@type":"ReadAction","target":["https:\/\/vmisecurity.com\/forensic-medicine-institutes-and-hospitals\/"]}]},{"@type":"ImageObject","inLanguage":"es","@id":"https:\/\/vmisecurity.com\/forensic-medicine-institutes-and-hospitals\/#primaryimage","url":"https:\/\/vmisecurity.com\/\/wp-content\/uploads\/2020\/09\/separator-vmi-1.png","contentUrl":"https:\/\/vmisecurity.com\/\/wp-content\/uploads\/2020\/09\/separator-vmi-1.png"},{"@type":"BreadcrumbList","@id":"https:\/\/vmisecurity.com\/forensic-medicine-institutes-and-hospitals\/#breadcrumb","itemListElement":[{"@type":"ListItem","position":1,"name":"Home","item":"https:\/\/vmisecurity.com\/es\/"},{"@type":"ListItem","position":2,"name":"IML e Hospitales"}]},{"@type":"WebSite","@id":"https:\/\/vmisecurity.com\/#website","url":"https:\/\/vmisecurity.com\/","name":"VMI SECURITY","description":"","publisher":{"@id":"https:\/\/vmisecurity.com\/#organization"},"potentialAction":[{"@type":"SearchAction","target":{"@type":"EntryPoint","urlTemplate":"https:\/\/vmisecurity.com\/?s={search_term_string}"},"query-input":{"@type":"PropertyValueSpecification","valueRequired":true,"valueName":"search_term_string"}}],"inLanguage":"es"},{"@type":"Organization","@id":"https:\/\/vmisecurity.com\/#organization","name":"VMI SECURITY","url":"https:\/\/vmisecurity.com\/","logo":{"@type":"ImageObject","inLanguage":"es","@id":"https:\/\/vmisecurity.com\/#\/schema\/logo\/image\/","url":"https:\/\/vmisecurity.com\/wp-content\/uploads\/2021\/11\/logo-vmi-trademark.png","contentUrl":"https:\/\/vmisecurity.com\/wp-content\/uploads\/2021\/11\/logo-vmi-trademark.png","width":255,"height":169,"caption":"VMI SECURITY"},"image":{"@id":"https:\/\/vmisecurity.com\/#\/schema\/logo\/image\/"}}]}},"_links":{"self":[{"href":"https:\/\/vmisecurity.com\/es\/wp-json\/wp\/v2\/pages\/1524","targetHints":{"allow":["GET"]}}],"collection":[{"href":"https:\/\/vmisecurity.com\/es\/wp-json\/wp\/v2\/pages"}],"about":[{"href":"https:\/\/vmisecurity.com\/es\/wp-json\/wp\/v2\/types\/page"}],"author":[{"embeddable":true,"href":"https:\/\/vmisecurity.com\/es\/wp-json\/wp\/v2\/users\/1"}],"replies":[{"embeddable":true,"href":"https:\/\/vmisecurity.com\/es\/wp-json\/wp\/v2\/comments?post=1524"}],"version-history":[{"count":6,"href":"https:\/\/vmisecurity.com\/es\/wp-json\/wp\/v2\/pages\/1524\/revisions"}],"predecessor-version":[{"id":19015,"href":"https:\/\/vmisecurity.com\/es\/wp-json\/wp\/v2\/pages\/1524\/revisions\/19015"}],"wp:attachment":[{"href":"https:\/\/vmisecurity.com\/es\/wp-json\/wp\/v2\/media?parent=1524"}],"curies":[{"name":"wp","href":"https:\/\/api.w.org\/{rel}","templated":true}]}}