{"id":18081,"date":"2023-06-28T13:36:11","date_gmt":"2023-06-28T13:36:11","guid":{"rendered":"https:\/\/vmisecurity.com\/lgpd\/"},"modified":"2023-06-28T13:36:11","modified_gmt":"2023-06-28T13:36:11","slug":"lgpd","status":"publish","type":"page","link":"https:\/\/vmisecurity.com\/fr\/lgpd\/","title":{"rendered":"LGPD"},"content":{"rendered":"\t\t<div data-elementor-type=\"wp-page\" data-elementor-id=\"18081\" class=\"elementor elementor-18081 elementor-18061\" data-elementor-post-type=\"page\">\n\t\t\t\t\t\t<section class=\"elementor-section elementor-top-section elementor-element elementor-element-6d6a5cb elementor-section-boxed elementor-section-height-default elementor-section-height-default\" data-id=\"6d6a5cb\" data-element_type=\"section\" data-e-type=\"section\">\n\t\t\t\t\t\t<div class=\"elementor-container elementor-column-gap-default\">\n\t\t\t\t\t<div class=\"elementor-column elementor-col-100 elementor-top-column elementor-element elementor-element-b66f345\" data-id=\"b66f345\" data-element_type=\"column\" data-e-type=\"column\">\n\t\t\t<div class=\"elementor-widget-wrap elementor-element-populated\">\n\t\t\t\t\t\t<div class=\"elementor-element elementor-element-6822e55 elementor-widget elementor-widget-text-editor\" data-id=\"6822e55\" data-element_type=\"widget\" data-e-type=\"widget\" data-widget_type=\"text-editor.default\">\n\t\t\t\t\t\t\t\t\t<p>POL\u00cdTICA DE COOKIES<br \/>Este website utiliza cookies!<br \/>Os cookies s\u00e3o pequenos arquivos de texto que podem ser utilizados por websites para tornar a experi\u00eancia do utilizador mais eficiente.<br \/>N\u00f3s utilizamos cookies para analisar o tr\u00e1fego no nosso website e fornecer a melhor experi\u00eancia de navega\u00e7\u00e3o para voc\u00ea atrav\u00e9s de personaliza\u00e7\u00e3o de conte\u00fado e an\u00fancios, al\u00e9m de captar as informa\u00e7\u00f5es obtidas pelos curr\u00edculos encaminhados por interm\u00e9dio do site. Tamb\u00e9m utilizamos cookies para gerenciamento de idiomas no site.<br \/>Se voc\u00ea continuar a utilizar o nosso website, sem se manifestar sobre o termo de cookies, voc\u00ea concordar\u00e1 automaticamente com a utiliza\u00e7\u00e3o deles.<br \/>Alguns cookies poder\u00e3o ser colocados por servi\u00e7os independentes que aparecem nas nossas p\u00e1ginas.<br \/>Voc\u00ea pode a qualquer momento alterar ou retirar o seu consentimento da Declara\u00e7\u00e3o de Cookies atrav\u00e9s das configura\u00e7\u00f5es de seguran\u00e7a do website, mas lembre-se que, por usarmos apenas cookies anal\u00edticos, n\u00e3o recomendamos que voc\u00ea bloqueie ou os remova, pois isso poder\u00e1 resultar na impossibilidade de acessar o site.<br \/>O seu consentimento aplica-se exclusivamente ao seguinte dom\u00ednio: https:\/\/vmisecurity.com\/<br \/>Leia tamb\u00e9m nosso <a href=\"https:\/\/vmisecurity.com\/pt-br\/termos-de-uso-e-politicas-de-privacidade\/\">Aviso de Privacidade<\/a>.<br \/>D\u00favidas poder\u00e3o ser enviadas ao nosso Encarregado de Dados (DPO) atrav\u00e9s dos contatos abaixo:<br \/>E-mail: lgpd@vmis.com.br<br \/>Telefone: +55 31 3622-0470<\/p>\n\t\t\t\t\t\t\t\t<\/div>\n\t\t\t\t\t<\/div>\n\t\t<\/div>\n\t\t\t\t\t<\/div>\n\t\t<\/section>\n\t\t\t\t<\/div>\n\t\t","protected":false},"excerpt":{"rendered":"<p>POL\u00cdTICA DE COOKIESEste website utiliza cookies!Os cookies s\u00e3o pequenos arquivos de texto que podem ser utilizados por websites para tornar a experi\u00eancia do utilizador mais eficiente.N\u00f3s utilizamos cookies para analisar o tr\u00e1fego no nosso website e fornecer a melhor experi\u00eancia de navega\u00e7\u00e3o para voc\u00ea atrav\u00e9s de personaliza\u00e7\u00e3o de conte\u00fado e an\u00fancios, al\u00e9m de captar as [&hellip;]<\/p>\n","protected":false},"author":1,"featured_media":0,"parent":0,"menu_order":0,"comment_status":"closed","ping_status":"closed","template":"","meta":{"footnotes":""},"class_list":["post-18081","page","type-page","status-publish","hentry"],"yoast_head":"<!-- This site is optimized with the Yoast SEO plugin v27.3 - https:\/\/yoast.com\/product\/yoast-seo-wordpress\/ -->\n<title>LGPD - VMI SECURITY<\/title>\n<meta name=\"robots\" content=\"index, follow, max-snippet:-1, max-image-preview:large, max-video-preview:-1\" \/>\n<link rel=\"canonical\" href=\"https:\/\/vmisecurity.com\/lgpd\/\" \/>\n<meta property=\"og:locale\" content=\"fr_FR\" \/>\n<meta property=\"og:type\" content=\"article\" \/>\n<meta property=\"og:title\" content=\"LGPD - VMI SECURITY\" \/>\n<meta property=\"og:description\" content=\"POL\u00cdTICA DE COOKIESEste website utiliza cookies!Os cookies s\u00e3o pequenos arquivos de texto que podem ser utilizados por websites para tornar a experi\u00eancia do utilizador mais eficiente.N\u00f3s utilizamos cookies para analisar o tr\u00e1fego no nosso website e fornecer a melhor experi\u00eancia de navega\u00e7\u00e3o para voc\u00ea atrav\u00e9s de personaliza\u00e7\u00e3o de conte\u00fado e an\u00fancios, al\u00e9m de captar as [&hellip;]\" \/>\n<meta property=\"og:url\" content=\"https:\/\/vmisecurity.com\/lgpd\/\" \/>\n<meta property=\"og:site_name\" content=\"VMI SECURITY\" \/>\n<meta name=\"twitter:card\" content=\"summary_large_image\" \/>\n<meta name=\"twitter:label1\" content=\"Dur\u00e9e de lecture estim\u00e9e\" \/>\n\t<meta name=\"twitter:data1\" content=\"1 minute\" \/>\n<script type=\"application\/ld+json\" class=\"yoast-schema-graph\">{\"@context\":\"https:\\\/\\\/schema.org\",\"@graph\":[{\"@type\":\"WebPage\",\"@id\":\"https:\\\/\\\/vmisecurity.com\\\/lgpd\\\/\",\"url\":\"https:\\\/\\\/vmisecurity.com\\\/lgpd\\\/\",\"name\":\"LGPD - VMI SECURITY\",\"isPartOf\":{\"@id\":\"https:\\\/\\\/vmisecurity.com\\\/#website\"},\"datePublished\":\"2023-06-28T13:36:11+00:00\",\"breadcrumb\":{\"@id\":\"https:\\\/\\\/vmisecurity.com\\\/lgpd\\\/#breadcrumb\"},\"inLanguage\":\"fr-FR\",\"potentialAction\":[{\"@type\":\"ReadAction\",\"target\":[\"https:\\\/\\\/vmisecurity.com\\\/lgpd\\\/\"]}]},{\"@type\":\"BreadcrumbList\",\"@id\":\"https:\\\/\\\/vmisecurity.com\\\/lgpd\\\/#breadcrumb\",\"itemListElement\":[{\"@type\":\"ListItem\",\"position\":1,\"name\":\"Home\",\"item\":\"https:\\\/\\\/vmisecurity.com\\\/fr\\\/\"},{\"@type\":\"ListItem\",\"position\":2,\"name\":\"LGPD\"}]},{\"@type\":\"WebSite\",\"@id\":\"https:\\\/\\\/vmisecurity.com\\\/#website\",\"url\":\"https:\\\/\\\/vmisecurity.com\\\/\",\"name\":\"VMI SECURITY\",\"description\":\"\",\"publisher\":{\"@id\":\"https:\\\/\\\/vmisecurity.com\\\/#organization\"},\"potentialAction\":[{\"@type\":\"SearchAction\",\"target\":{\"@type\":\"EntryPoint\",\"urlTemplate\":\"https:\\\/\\\/vmisecurity.com\\\/?s={search_term_string}\"},\"query-input\":{\"@type\":\"PropertyValueSpecification\",\"valueRequired\":true,\"valueName\":\"search_term_string\"}}],\"inLanguage\":\"fr-FR\"},{\"@type\":\"Organization\",\"@id\":\"https:\\\/\\\/vmisecurity.com\\\/#organization\",\"name\":\"VMI SECURITY\",\"url\":\"https:\\\/\\\/vmisecurity.com\\\/\",\"logo\":{\"@type\":\"ImageObject\",\"inLanguage\":\"fr-FR\",\"@id\":\"https:\\\/\\\/vmisecurity.com\\\/#\\\/schema\\\/logo\\\/image\\\/\",\"url\":\"https:\\\/\\\/vmisecurity.com\\\/wp-content\\\/uploads\\\/2021\\\/11\\\/logo-vmi-trademark.png\",\"contentUrl\":\"https:\\\/\\\/vmisecurity.com\\\/wp-content\\\/uploads\\\/2021\\\/11\\\/logo-vmi-trademark.png\",\"width\":255,\"height\":169,\"caption\":\"VMI SECURITY\"},\"image\":{\"@id\":\"https:\\\/\\\/vmisecurity.com\\\/#\\\/schema\\\/logo\\\/image\\\/\"}}]}<\/script>\n<!-- \/ Yoast SEO plugin. -->","yoast_head_json":{"title":"LGPD - VMI SECURITY","robots":{"index":"index","follow":"follow","max-snippet":"max-snippet:-1","max-image-preview":"max-image-preview:large","max-video-preview":"max-video-preview:-1"},"canonical":"https:\/\/vmisecurity.com\/lgpd\/","og_locale":"fr_FR","og_type":"article","og_title":"LGPD - VMI SECURITY","og_description":"POL\u00cdTICA DE COOKIESEste website utiliza cookies!Os cookies s\u00e3o pequenos arquivos de texto que podem ser utilizados por websites para tornar a experi\u00eancia do utilizador mais eficiente.N\u00f3s utilizamos cookies para analisar o tr\u00e1fego no nosso website e fornecer a melhor experi\u00eancia de navega\u00e7\u00e3o para voc\u00ea atrav\u00e9s de personaliza\u00e7\u00e3o de conte\u00fado e an\u00fancios, al\u00e9m de captar as [&hellip;]","og_url":"https:\/\/vmisecurity.com\/lgpd\/","og_site_name":"VMI SECURITY","twitter_card":"summary_large_image","twitter_misc":{"Dur\u00e9e de lecture estim\u00e9e":"1 minute"},"schema":{"@context":"https:\/\/schema.org","@graph":[{"@type":"WebPage","@id":"https:\/\/vmisecurity.com\/lgpd\/","url":"https:\/\/vmisecurity.com\/lgpd\/","name":"LGPD - VMI SECURITY","isPartOf":{"@id":"https:\/\/vmisecurity.com\/#website"},"datePublished":"2023-06-28T13:36:11+00:00","breadcrumb":{"@id":"https:\/\/vmisecurity.com\/lgpd\/#breadcrumb"},"inLanguage":"fr-FR","potentialAction":[{"@type":"ReadAction","target":["https:\/\/vmisecurity.com\/lgpd\/"]}]},{"@type":"BreadcrumbList","@id":"https:\/\/vmisecurity.com\/lgpd\/#breadcrumb","itemListElement":[{"@type":"ListItem","position":1,"name":"Home","item":"https:\/\/vmisecurity.com\/fr\/"},{"@type":"ListItem","position":2,"name":"LGPD"}]},{"@type":"WebSite","@id":"https:\/\/vmisecurity.com\/#website","url":"https:\/\/vmisecurity.com\/","name":"VMI SECURITY","description":"","publisher":{"@id":"https:\/\/vmisecurity.com\/#organization"},"potentialAction":[{"@type":"SearchAction","target":{"@type":"EntryPoint","urlTemplate":"https:\/\/vmisecurity.com\/?s={search_term_string}"},"query-input":{"@type":"PropertyValueSpecification","valueRequired":true,"valueName":"search_term_string"}}],"inLanguage":"fr-FR"},{"@type":"Organization","@id":"https:\/\/vmisecurity.com\/#organization","name":"VMI SECURITY","url":"https:\/\/vmisecurity.com\/","logo":{"@type":"ImageObject","inLanguage":"fr-FR","@id":"https:\/\/vmisecurity.com\/#\/schema\/logo\/image\/","url":"https:\/\/vmisecurity.com\/wp-content\/uploads\/2021\/11\/logo-vmi-trademark.png","contentUrl":"https:\/\/vmisecurity.com\/wp-content\/uploads\/2021\/11\/logo-vmi-trademark.png","width":255,"height":169,"caption":"VMI SECURITY"},"image":{"@id":"https:\/\/vmisecurity.com\/#\/schema\/logo\/image\/"}}]}},"_links":{"self":[{"href":"https:\/\/vmisecurity.com\/fr\/wp-json\/wp\/v2\/pages\/18081","targetHints":{"allow":["GET"]}}],"collection":[{"href":"https:\/\/vmisecurity.com\/fr\/wp-json\/wp\/v2\/pages"}],"about":[{"href":"https:\/\/vmisecurity.com\/fr\/wp-json\/wp\/v2\/types\/page"}],"author":[{"embeddable":true,"href":"https:\/\/vmisecurity.com\/fr\/wp-json\/wp\/v2\/users\/1"}],"replies":[{"embeddable":true,"href":"https:\/\/vmisecurity.com\/fr\/wp-json\/wp\/v2\/comments?post=18081"}],"version-history":[{"count":1,"href":"https:\/\/vmisecurity.com\/fr\/wp-json\/wp\/v2\/pages\/18081\/revisions"}],"predecessor-version":[{"id":18082,"href":"https:\/\/vmisecurity.com\/fr\/wp-json\/wp\/v2\/pages\/18081\/revisions\/18082"}],"wp:attachment":[{"href":"https:\/\/vmisecurity.com\/fr\/wp-json\/wp\/v2\/media?parent=18081"}],"curies":[{"name":"wp","href":"https:\/\/api.w.org\/{rel}","templated":true}]}}