{"id":12144,"date":"2022-04-08T16:43:33","date_gmt":"2022-04-08T16:43:33","guid":{"rendered":"https:\/\/vmisecurity.com\/our-values\/"},"modified":"2026-03-06T17:54:19","modified_gmt":"2026-03-06T17:54:19","slug":"i-nostri-valori","status":"publish","type":"page","link":"https:\/\/vmisecurity.com\/it\/i-nostri-valori\/","title":{"rendered":"I Nostri Valori"},"content":{"rendered":"\t\t<div data-elementor-type=\"wp-page\" data-elementor-id=\"12144\" class=\"elementor elementor-12144 elementor-273\" data-elementor-post-type=\"page\">\n\t\t\t\t\t\t<section class=\"elementor-section elementor-top-section elementor-element elementor-element-611634e elementor-section-stretched elementor-section-full_width elementor-section-height-default elementor-section-height-default\" data-id=\"611634e\" data-element_type=\"section\" data-e-type=\"section\" data-settings=\"{&quot;stretch_section&quot;:&quot;section-stretched&quot;,&quot;background_background&quot;:&quot;slideshow&quot;,&quot;background_slideshow_gallery&quot;:[],&quot;background_slideshow_loop&quot;:&quot;yes&quot;,&quot;background_slideshow_slide_duration&quot;:5000,&quot;background_slideshow_slide_transition&quot;:&quot;fade&quot;,&quot;background_slideshow_transition_duration&quot;:500}\">\n\t\t\t\t\t\t<div class=\"elementor-container elementor-column-gap-wide\">\n\t\t\t\t\t<div class=\"elementor-column elementor-col-33 elementor-top-column elementor-element elementor-element-b238ece\" data-id=\"b238ece\" data-element_type=\"column\" data-e-type=\"column\" data-settings=\"{&quot;background_background&quot;:&quot;classic&quot;}\">\n\t\t\t<div class=\"elementor-widget-wrap elementor-element-populated\">\n\t\t\t\t\t\t<div class=\"elementor-element elementor-element-19c2afb elementor-widget elementor-widget-spacer\" data-id=\"19c2afb\" data-element_type=\"widget\" data-e-type=\"widget\" data-widget_type=\"spacer.default\">\n\t\t\t\t\t\t\t<div class=\"elementor-spacer\">\n\t\t\t<div class=\"elementor-spacer-inner\"><\/div>\n\t\t<\/div>\n\t\t\t\t\t\t<\/div>\n\t\t\t\t\t<\/div>\n\t\t<\/div>\n\t\t\t\t<div class=\"elementor-column elementor-col-33 elementor-top-column elementor-element elementor-element-6e98061\" data-id=\"6e98061\" data-element_type=\"column\" data-e-type=\"column\" data-settings=\"{&quot;background_background&quot;:&quot;classic&quot;}\">\n\t\t\t<div class=\"elementor-widget-wrap elementor-element-populated\">\n\t\t\t\t\t\t<div class=\"elementor-element elementor-element-79a185b elementor-widget elementor-widget-text-editor\" data-id=\"79a185b\" data-element_type=\"widget\" data-e-type=\"widget\" data-widget_type=\"text-editor.default\">\n\t\t\t\t\t\t\t\t\t<h4>La <strong>VMI Sistemi di Sicurezza<\/strong> ricerca continuamente la soddisfazione dei propri partner commerciali attraverso soluzioni innovative, un servizio agile e relazioni collaborative, operando con responsabilit\u00e0 ambientale, prevenendo l&#8217;inquinamento e contribuendo alla mitigazione degli effetti dei cambiamenti climatici. Garantiamo la sicurezza delle informazioni preservando la riservatezza, l&#8217;integrit\u00e0 e la disponibilit\u00e0 dei dati, rispettando i requisiti legali, normativi e altri requisiti applicabili, nonch\u00e9 gestendo i rischi e le opportunit\u00e0 dei nostri processi e promuovendo il miglioramento continuo del Sistema di Gestione Integrato.<\/h4>\t\t\t\t\t\t\t\t<\/div>\n\t\t\t\t\t<\/div>\n\t\t<\/div>\n\t\t\t\t<div class=\"elementor-column elementor-col-33 elementor-top-column elementor-element elementor-element-bd32625\" data-id=\"bd32625\" data-element_type=\"column\" data-e-type=\"column\" data-settings=\"{&quot;background_background&quot;:&quot;classic&quot;}\">\n\t\t\t<div class=\"elementor-widget-wrap elementor-element-populated\">\n\t\t\t\t\t\t<div class=\"elementor-element elementor-element-37cda5e elementor-widget elementor-widget-spacer\" data-id=\"37cda5e\" data-element_type=\"widget\" data-e-type=\"widget\" data-widget_type=\"spacer.default\">\n\t\t\t\t\t\t\t<div class=\"elementor-spacer\">\n\t\t\t<div class=\"elementor-spacer-inner\"><\/div>\n\t\t<\/div>\n\t\t\t\t\t\t<\/div>\n\t\t\t\t\t<\/div>\n\t\t<\/div>\n\t\t\t\t\t<\/div>\n\t\t<\/section>\n\t\t\t\t<section class=\"elementor-section elementor-top-section elementor-element elementor-element-7ec3b412 elementor-section-stretched elementor-section-full_width elementor-section-height-default elementor-section-height-default\" data-id=\"7ec3b412\" data-element_type=\"section\" data-e-type=\"section\" data-settings=\"{&quot;stretch_section&quot;:&quot;section-stretched&quot;,&quot;background_background&quot;:&quot;slideshow&quot;,&quot;background_slideshow_gallery&quot;:[{&quot;id&quot;:&quot;69&quot;,&quot;url&quot;:&quot;https:\\\/\\\/vmisecurity.com\\\/\\\/wp-content\\\/uploads\\\/2020\\\/09\\\/bg-vmi-inst_2-1-1.png&quot;}],&quot;background_slideshow_loop&quot;:&quot;yes&quot;,&quot;background_slideshow_slide_duration&quot;:5000,&quot;background_slideshow_slide_transition&quot;:&quot;fade&quot;,&quot;background_slideshow_transition_duration&quot;:500}\">\n\t\t\t\t\t\t<div class=\"elementor-container elementor-column-gap-wide\">\n\t\t\t\t\t<div class=\"elementor-column elementor-col-33 elementor-top-column elementor-element elementor-element-3c2c9c3f\" data-id=\"3c2c9c3f\" data-element_type=\"column\" data-e-type=\"column\" data-settings=\"{&quot;background_background&quot;:&quot;classic&quot;}\">\n\t\t\t<div class=\"elementor-widget-wrap elementor-element-populated\">\n\t\t\t\t\t\t<div class=\"elementor-element elementor-element-5c3cfe9f elementor-widget elementor-widget-spacer\" data-id=\"5c3cfe9f\" data-element_type=\"widget\" data-e-type=\"widget\" data-widget_type=\"spacer.default\">\n\t\t\t\t\t\t\t<div class=\"elementor-spacer\">\n\t\t\t<div class=\"elementor-spacer-inner\"><\/div>\n\t\t<\/div>\n\t\t\t\t\t\t<\/div>\n\t\t\t\t\t<\/div>\n\t\t<\/div>\n\t\t\t\t<div class=\"elementor-column elementor-col-33 elementor-top-column elementor-element elementor-element-e348024\" data-id=\"e348024\" data-element_type=\"column\" data-e-type=\"column\" data-settings=\"{&quot;background_background&quot;:&quot;classic&quot;}\">\n\t\t\t<div class=\"elementor-widget-wrap elementor-element-populated\">\n\t\t\t\t\t\t<div class=\"elementor-element elementor-element-7ae3e254 elementor-widget elementor-widget-spacer\" data-id=\"7ae3e254\" data-element_type=\"widget\" data-e-type=\"widget\" data-widget_type=\"spacer.default\">\n\t\t\t\t\t\t\t<div class=\"elementor-spacer\">\n\t\t\t<div class=\"elementor-spacer-inner\"><\/div>\n\t\t<\/div>\n\t\t\t\t\t\t<\/div>\n\t\t\t\t<div class=\"elementor-element elementor-element-66657712 elementor-widget elementor-widget-text-editor\" data-id=\"66657712\" data-element_type=\"widget\" data-e-type=\"widget\" data-widget_type=\"text-editor.default\">\n\t\t\t\t\t\t\t\t\t<h4 data-start=\"165\" data-end=\"298\"><strong data-start=\"165\" data-end=\"177\">Missione<\/strong><br data-start=\"177\" data-end=\"180\" \/>Contribuire in modo significativo a una societ\u00e0 pi\u00f9 sicura ed efficiente attraverso soluzioni tecnologiche innovative.<\/h4><h4 data-start=\"300\" data-end=\"392\"><strong data-start=\"300\" data-end=\"311\">Visione<\/strong><br data-start=\"311\" data-end=\"314\" \/>Essere il player globale pi\u00f9 rilevante e attrattivo per i partner commerciali.<\/h4><h4 data-start=\"394\" data-end=\"667\"><strong data-start=\"394\" data-end=\"404\">Valori<\/strong><br data-start=\"404\" data-end=\"407\" \/>\u2022 Atteggiamento etico: rispetto nelle relazioni interpersonali;<br data-start=\"470\" data-end=\"473\" \/>\u2022 Sviluppo personale e professionale del team;<br data-start=\"519\" data-end=\"522\" \/>\u2022 Attitudine innovativa: fare la differenza nel mercato;<br data-start=\"578\" data-end=\"581\" \/>\u2022 Mentalit\u00e0 da proprietario: ci impegniamo personalmente per i risultati dell\u2019azienda.<\/h4>\t\t\t\t\t\t\t\t<\/div>\n\t\t\t\t<div class=\"elementor-element elementor-element-462748b7 elementor-widget elementor-widget-spacer\" data-id=\"462748b7\" data-element_type=\"widget\" data-e-type=\"widget\" data-widget_type=\"spacer.default\">\n\t\t\t\t\t\t\t<div class=\"elementor-spacer\">\n\t\t\t<div class=\"elementor-spacer-inner\"><\/div>\n\t\t<\/div>\n\t\t\t\t\t\t<\/div>\n\t\t\t\t\t<\/div>\n\t\t<\/div>\n\t\t\t\t<div class=\"elementor-column elementor-col-33 elementor-top-column elementor-element elementor-element-6698419e\" data-id=\"6698419e\" data-element_type=\"column\" data-e-type=\"column\">\n\t\t\t<div class=\"elementor-widget-wrap\">\n\t\t\t\t\t\t\t<\/div>\n\t\t<\/div>\n\t\t\t\t\t<\/div>\n\t\t<\/section>\n\t\t\t\t<\/div>\n\t\t","protected":false},"excerpt":{"rendered":"<p>La VMI Sistemi di Sicurezza ricerca continuamente la soddisfazione dei propri partner commerciali attraverso soluzioni innovative, un servizio agile e relazioni collaborative, operando con responsabilit\u00e0 ambientale, prevenendo l&#8217;inquinamento e contribuendo alla mitigazione degli effetti dei cambiamenti climatici. Garantiamo la sicurezza delle informazioni preservando la riservatezza, l&#8217;integrit\u00e0 e la disponibilit\u00e0 dei dati, rispettando i requisiti legali, [&hellip;]<\/p>\n","protected":false},"author":1,"featured_media":0,"parent":0,"menu_order":0,"comment_status":"closed","ping_status":"closed","template":"","meta":{"footnotes":""},"class_list":["post-12144","page","type-page","status-publish","hentry"],"yoast_head":"<!-- This site is optimized with the Yoast SEO plugin v27.4 - https:\/\/yoast.com\/product\/yoast-seo-wordpress\/ -->\n<title>I Nostri Valori - VMI SECURITY<\/title>\n<meta name=\"robots\" content=\"index, follow, max-snippet:-1, max-image-preview:large, max-video-preview:-1\" \/>\n<link rel=\"canonical\" href=\"https:\/\/vmisecurity.com\/our-values\/\" \/>\n<meta property=\"og:locale\" content=\"it_IT\" \/>\n<meta property=\"og:type\" content=\"article\" \/>\n<meta property=\"og:title\" content=\"I Nostri Valori - VMI SECURITY\" \/>\n<meta property=\"og:description\" content=\"La VMI Sistemi di Sicurezza ricerca continuamente la soddisfazione dei propri partner commerciali attraverso soluzioni innovative, un servizio agile e relazioni collaborative, operando con responsabilit\u00e0 ambientale, prevenendo l&#8217;inquinamento e contribuendo alla mitigazione degli effetti dei cambiamenti climatici. Garantiamo la sicurezza delle informazioni preservando la riservatezza, l&#8217;integrit\u00e0 e la disponibilit\u00e0 dei dati, rispettando i requisiti legali, [&hellip;]\" \/>\n<meta property=\"og:url\" content=\"https:\/\/vmisecurity.com\/our-values\/\" \/>\n<meta property=\"og:site_name\" content=\"VMI SECURITY\" \/>\n<meta property=\"article:modified_time\" content=\"2026-03-06T17:54:19+00:00\" \/>\n<meta name=\"twitter:card\" content=\"summary_large_image\" \/>\n<meta name=\"twitter:label1\" content=\"Tempo di lettura stimato\" \/>\n\t<meta name=\"twitter:data1\" content=\"1 minuto\" \/>\n<script type=\"application\/ld+json\" class=\"yoast-schema-graph\">{\"@context\":\"https:\\\/\\\/schema.org\",\"@graph\":[{\"@type\":\"WebPage\",\"@id\":\"https:\\\/\\\/vmisecurity.com\\\/our-values\\\/\",\"url\":\"https:\\\/\\\/vmisecurity.com\\\/our-values\\\/\",\"name\":\"I Nostri Valori - VMI SECURITY\",\"isPartOf\":{\"@id\":\"https:\\\/\\\/vmisecurity.com\\\/#website\"},\"datePublished\":\"2022-04-08T16:43:33+00:00\",\"dateModified\":\"2026-03-06T17:54:19+00:00\",\"breadcrumb\":{\"@id\":\"https:\\\/\\\/vmisecurity.com\\\/our-values\\\/#breadcrumb\"},\"inLanguage\":\"it-IT\",\"potentialAction\":[{\"@type\":\"ReadAction\",\"target\":[\"https:\\\/\\\/vmisecurity.com\\\/our-values\\\/\"]}]},{\"@type\":\"BreadcrumbList\",\"@id\":\"https:\\\/\\\/vmisecurity.com\\\/our-values\\\/#breadcrumb\",\"itemListElement\":[{\"@type\":\"ListItem\",\"position\":1,\"name\":\"Home\",\"item\":\"https:\\\/\\\/vmisecurity.com\\\/it\\\/\"},{\"@type\":\"ListItem\",\"position\":2,\"name\":\"I Nostri Valori\"}]},{\"@type\":\"WebSite\",\"@id\":\"https:\\\/\\\/vmisecurity.com\\\/#website\",\"url\":\"https:\\\/\\\/vmisecurity.com\\\/\",\"name\":\"VMI SECURITY\",\"description\":\"\",\"publisher\":{\"@id\":\"https:\\\/\\\/vmisecurity.com\\\/#organization\"},\"potentialAction\":[{\"@type\":\"SearchAction\",\"target\":{\"@type\":\"EntryPoint\",\"urlTemplate\":\"https:\\\/\\\/vmisecurity.com\\\/?s={search_term_string}\"},\"query-input\":{\"@type\":\"PropertyValueSpecification\",\"valueRequired\":true,\"valueName\":\"search_term_string\"}}],\"inLanguage\":\"it-IT\"},{\"@type\":\"Organization\",\"@id\":\"https:\\\/\\\/vmisecurity.com\\\/#organization\",\"name\":\"VMI SECURITY\",\"url\":\"https:\\\/\\\/vmisecurity.com\\\/\",\"logo\":{\"@type\":\"ImageObject\",\"inLanguage\":\"it-IT\",\"@id\":\"https:\\\/\\\/vmisecurity.com\\\/#\\\/schema\\\/logo\\\/image\\\/\",\"url\":\"https:\\\/\\\/vmisecurity.com\\\/wp-content\\\/uploads\\\/2021\\\/11\\\/logo-vmi-trademark.png\",\"contentUrl\":\"https:\\\/\\\/vmisecurity.com\\\/wp-content\\\/uploads\\\/2021\\\/11\\\/logo-vmi-trademark.png\",\"width\":255,\"height\":169,\"caption\":\"VMI SECURITY\"},\"image\":{\"@id\":\"https:\\\/\\\/vmisecurity.com\\\/#\\\/schema\\\/logo\\\/image\\\/\"}}]}<\/script>\n<!-- \/ Yoast SEO plugin. -->","yoast_head_json":{"title":"I Nostri Valori - VMI SECURITY","robots":{"index":"index","follow":"follow","max-snippet":"max-snippet:-1","max-image-preview":"max-image-preview:large","max-video-preview":"max-video-preview:-1"},"canonical":"https:\/\/vmisecurity.com\/our-values\/","og_locale":"it_IT","og_type":"article","og_title":"I Nostri Valori - VMI SECURITY","og_description":"La VMI Sistemi di Sicurezza ricerca continuamente la soddisfazione dei propri partner commerciali attraverso soluzioni innovative, un servizio agile e relazioni collaborative, operando con responsabilit\u00e0 ambientale, prevenendo l&#8217;inquinamento e contribuendo alla mitigazione degli effetti dei cambiamenti climatici. Garantiamo la sicurezza delle informazioni preservando la riservatezza, l&#8217;integrit\u00e0 e la disponibilit\u00e0 dei dati, rispettando i requisiti legali, [&hellip;]","og_url":"https:\/\/vmisecurity.com\/our-values\/","og_site_name":"VMI SECURITY","article_modified_time":"2026-03-06T17:54:19+00:00","twitter_card":"summary_large_image","twitter_misc":{"Tempo di lettura stimato":"1 minuto"},"schema":{"@context":"https:\/\/schema.org","@graph":[{"@type":"WebPage","@id":"https:\/\/vmisecurity.com\/our-values\/","url":"https:\/\/vmisecurity.com\/our-values\/","name":"I Nostri Valori - VMI SECURITY","isPartOf":{"@id":"https:\/\/vmisecurity.com\/#website"},"datePublished":"2022-04-08T16:43:33+00:00","dateModified":"2026-03-06T17:54:19+00:00","breadcrumb":{"@id":"https:\/\/vmisecurity.com\/our-values\/#breadcrumb"},"inLanguage":"it-IT","potentialAction":[{"@type":"ReadAction","target":["https:\/\/vmisecurity.com\/our-values\/"]}]},{"@type":"BreadcrumbList","@id":"https:\/\/vmisecurity.com\/our-values\/#breadcrumb","itemListElement":[{"@type":"ListItem","position":1,"name":"Home","item":"https:\/\/vmisecurity.com\/it\/"},{"@type":"ListItem","position":2,"name":"I Nostri Valori"}]},{"@type":"WebSite","@id":"https:\/\/vmisecurity.com\/#website","url":"https:\/\/vmisecurity.com\/","name":"VMI SECURITY","description":"","publisher":{"@id":"https:\/\/vmisecurity.com\/#organization"},"potentialAction":[{"@type":"SearchAction","target":{"@type":"EntryPoint","urlTemplate":"https:\/\/vmisecurity.com\/?s={search_term_string}"},"query-input":{"@type":"PropertyValueSpecification","valueRequired":true,"valueName":"search_term_string"}}],"inLanguage":"it-IT"},{"@type":"Organization","@id":"https:\/\/vmisecurity.com\/#organization","name":"VMI SECURITY","url":"https:\/\/vmisecurity.com\/","logo":{"@type":"ImageObject","inLanguage":"it-IT","@id":"https:\/\/vmisecurity.com\/#\/schema\/logo\/image\/","url":"https:\/\/vmisecurity.com\/wp-content\/uploads\/2021\/11\/logo-vmi-trademark.png","contentUrl":"https:\/\/vmisecurity.com\/wp-content\/uploads\/2021\/11\/logo-vmi-trademark.png","width":255,"height":169,"caption":"VMI SECURITY"},"image":{"@id":"https:\/\/vmisecurity.com\/#\/schema\/logo\/image\/"}}]}},"_links":{"self":[{"href":"https:\/\/vmisecurity.com\/it\/wp-json\/wp\/v2\/pages\/12144","targetHints":{"allow":["GET"]}}],"collection":[{"href":"https:\/\/vmisecurity.com\/it\/wp-json\/wp\/v2\/pages"}],"about":[{"href":"https:\/\/vmisecurity.com\/it\/wp-json\/wp\/v2\/types\/page"}],"author":[{"embeddable":true,"href":"https:\/\/vmisecurity.com\/it\/wp-json\/wp\/v2\/users\/1"}],"replies":[{"embeddable":true,"href":"https:\/\/vmisecurity.com\/it\/wp-json\/wp\/v2\/comments?post=12144"}],"version-history":[{"count":19,"href":"https:\/\/vmisecurity.com\/it\/wp-json\/wp\/v2\/pages\/12144\/revisions"}],"predecessor-version":[{"id":23038,"href":"https:\/\/vmisecurity.com\/it\/wp-json\/wp\/v2\/pages\/12144\/revisions\/23038"}],"wp:attachment":[{"href":"https:\/\/vmisecurity.com\/it\/wp-json\/wp\/v2\/media?parent=12144"}],"curies":[{"name":"wp","href":"https:\/\/api.w.org\/{rel}","templated":true}]}}