{"id":15448,"date":"2022-08-24T13:59:39","date_gmt":"2022-08-24T13:59:39","guid":{"rendered":"https:\/\/vmisecurity.com\/?page_id=15448"},"modified":"2023-02-15T13:52:28","modified_gmt":"2023-02-15T13:52:28","slug":"form-denuncia","status":"publish","type":"page","link":"https:\/\/vmisecurity.com\/pt-br\/form-denuncia\/","title":{"rendered":"form-denuncia"},"content":{"rendered":"\t\t<div data-elementor-type=\"wp-page\" data-elementor-id=\"15448\" class=\"elementor elementor-15448\" data-elementor-post-type=\"page\">\n\t\t\t\t\t\t<section class=\"elementor-section elementor-top-section elementor-element elementor-element-9d977da elementor-section-boxed elementor-section-height-default elementor-section-height-default\" data-id=\"9d977da\" data-element_type=\"section\" data-e-type=\"section\">\n\t\t\t\t\t\t<div class=\"elementor-container elementor-column-gap-default\">\n\t\t\t\t\t<div class=\"elementor-column elementor-col-100 elementor-top-column elementor-element elementor-element-bd534d8\" data-id=\"bd534d8\" data-element_type=\"column\" data-e-type=\"column\">\n\t\t\t<div class=\"elementor-widget-wrap elementor-element-populated\">\n\t\t\t\t\t\t<div class=\"elementor-element elementor-element-5e8550b elementor-widget elementor-widget-text-editor\" data-id=\"5e8550b\" data-element_type=\"widget\" data-e-type=\"widget\" data-widget_type=\"text-editor.default\">\n\t\t\t\t\t\t\t\t\t<p style=\"text-align: center;\"><span style=\"color: #333300;\">N\u00f3s encaramos com seriedade a nossa responsabilidade de criar um ambiente confort\u00e1vel e aberto a den\u00fancias referentes a quaisquer a\u00e7\u00f5es ou omiss\u00f5es que gerarem dist\u00farbios ou amea\u00e7arem a sa\u00fade do ambiente de trabalho da VMI Security.<\/span><\/p>\t\t\t\t\t\t\t\t<\/div>\n\t\t\t\t<div class=\"elementor-element elementor-element-82fa73f elementor-button-align-stretch elementor-widget elementor-widget-form\" data-id=\"82fa73f\" data-element_type=\"widget\" data-e-type=\"widget\" data-settings=\"{&quot;step_next_label&quot;:&quot;Pr\\u00f3ximo&quot;,&quot;step_previous_label&quot;:&quot;Anterior&quot;,&quot;button_width&quot;:&quot;100&quot;,&quot;step_type&quot;:&quot;number_text&quot;,&quot;step_icon_shape&quot;:&quot;circle&quot;}\" data-widget_type=\"form.default\">\n\t\t\t\t\t\t\t<form class=\"elementor-form\" method=\"post\" name=\"Novo formul\u00e1rio\" aria-label=\"Novo formul\u00e1rio\">\n\t\t\t<input type=\"hidden\" name=\"post_id\" value=\"15448\"\/>\n\t\t\t<input type=\"hidden\" name=\"form_id\" value=\"82fa73f\"\/>\n\t\t\t<input type=\"hidden\" name=\"referer_title\" value=\"VMI SECURITY\" \/>\n\n\t\t\t\n\t\t\t<div class=\"elementor-form-fields-wrapper elementor-labels-above\">\n\t\t\t\t\t\t\t\t<div class=\"elementor-field-type-text\">\n\t\t\t\t\t<input size=\"1\" type=\"text\" name=\"form_fields[field_5863260]\" id=\"form-field-field_5863260\" class=\"elementor-field elementor-size-sm \" style=\"display:none !important;\">\t\t\t\t<\/div>\n\t\t\t\t\t\t\t\t<div class=\"elementor-field-type-textarea elementor-field-group elementor-column elementor-field-group-message elementor-col-100\">\n\t\t\t\t\t\t\t\t\t\t\t\t<label for=\"form-field-message\" class=\"elementor-field-label\">\n\t\t\t\t\t\t\t\tMensagem\t\t\t\t\t\t\t<\/label>\n\t\t\t\t\t\t<textarea class=\"elementor-field-textual elementor-field  elementor-size-sm\" name=\"form_fields[message]\" id=\"form-field-message\" rows=\"4\" placeholder=\"Mensagem\"><\/textarea>\t\t\t\t<\/div>\n\t\t\t\t\t\t\t\t<div class=\"elementor-field-group elementor-column elementor-field-type-submit elementor-col-100 e-form__buttons\">\n\t\t\t\t\t<button class=\"elementor-button elementor-size-sm\" type=\"submit\">\n\t\t\t\t\t\t<span class=\"elementor-button-content-wrapper\">\n\t\t\t\t\t\t\t\t\t\t\t\t\t\t\t\t\t\t\t\t\t\t<span class=\"elementor-button-text\">Enviar<\/span>\n\t\t\t\t\t\t\t\t\t\t\t\t\t<\/span>\n\t\t\t\t\t<\/button>\n\t\t\t\t<\/div>\n\t\t\t<\/div>\n\t\t<\/form>\n\t\t\t\t\t\t<\/div>\n\t\t\t\t<div class=\"elementor-element elementor-element-cb8dbe1 elementor-widget elementor-widget-text-editor\" data-id=\"cb8dbe1\" data-element_type=\"widget\" data-e-type=\"widget\" data-widget_type=\"text-editor.default\">\n\t\t\t\t\t\t\t\t\t<p style=\"text-align: center;\"><span style=\"color: #333300;\">Respeitamos a sua privacidade e mantemos total sigilo dos dados fornecidos.<\/span><\/p>\t\t\t\t\t\t\t\t<\/div>\n\t\t\t\t\t<\/div>\n\t\t<\/div>\n\t\t\t\t\t<\/div>\n\t\t<\/section>\n\t\t\t\t<\/div>\n\t\t","protected":false},"excerpt":{"rendered":"<p>N\u00f3s encaramos com seriedade a nossa responsabilidade de criar um ambiente confort\u00e1vel e aberto a den\u00fancias referentes a quaisquer a\u00e7\u00f5es ou omiss\u00f5es que gerarem dist\u00farbios ou amea\u00e7arem a sa\u00fade do ambiente de trabalho da VMI Security. Respeitamos a sua privacidade e mantemos total sigilo dos dados fornecidos.<\/p>\n","protected":false},"author":2,"featured_media":0,"parent":0,"menu_order":0,"comment_status":"closed","ping_status":"closed","template":"","meta":{"footnotes":""},"class_list":["post-15448","page","type-page","status-publish","hentry"],"yoast_head":"<!-- This site is optimized with the Yoast SEO plugin v27.5 - https:\/\/yoast.com\/product\/yoast-seo-wordpress\/ -->\n<title>form-denuncia - VMI SECURITY<\/title>\n<meta name=\"robots\" content=\"index, follow, max-snippet:-1, max-image-preview:large, max-video-preview:-1\" \/>\n<link rel=\"canonical\" href=\"https:\/\/vmisecurity.com\/pt-br\/form-denuncia\/\" \/>\n<meta property=\"og:locale\" content=\"pt_BR\" \/>\n<meta property=\"og:type\" content=\"article\" \/>\n<meta property=\"og:title\" content=\"form-denuncia - VMI SECURITY\" \/>\n<meta property=\"og:description\" content=\"N\u00f3s encaramos com seriedade a nossa responsabilidade de criar um ambiente confort\u00e1vel e aberto a den\u00fancias referentes a quaisquer a\u00e7\u00f5es ou omiss\u00f5es que gerarem dist\u00farbios ou amea\u00e7arem a sa\u00fade do ambiente de trabalho da VMI Security. Respeitamos a sua privacidade e mantemos total sigilo dos dados fornecidos.\" \/>\n<meta property=\"og:url\" content=\"https:\/\/vmisecurity.com\/pt-br\/form-denuncia\/\" \/>\n<meta property=\"og:site_name\" content=\"VMI SECURITY\" \/>\n<meta property=\"article:modified_time\" content=\"2023-02-15T13:52:28+00:00\" \/>\n<meta name=\"twitter:card\" content=\"summary_large_image\" \/>\n<meta name=\"twitter:label1\" content=\"Est. tempo de leitura\" \/>\n\t<meta name=\"twitter:data1\" content=\"1 minuto\" \/>\n<script type=\"application\/ld+json\" class=\"yoast-schema-graph\">{\"@context\":\"https:\\\/\\\/schema.org\",\"@graph\":[{\"@type\":\"WebPage\",\"@id\":\"https:\\\/\\\/vmisecurity.com\\\/pt-br\\\/form-denuncia\\\/\",\"url\":\"https:\\\/\\\/vmisecurity.com\\\/pt-br\\\/form-denuncia\\\/\",\"name\":\"form-denuncia - VMI SECURITY\",\"isPartOf\":{\"@id\":\"https:\\\/\\\/vmisecurity.com\\\/#website\"},\"datePublished\":\"2022-08-24T13:59:39+00:00\",\"dateModified\":\"2023-02-15T13:52:28+00:00\",\"breadcrumb\":{\"@id\":\"https:\\\/\\\/vmisecurity.com\\\/pt-br\\\/form-denuncia\\\/#breadcrumb\"},\"inLanguage\":\"pt-BR\",\"potentialAction\":[{\"@type\":\"ReadAction\",\"target\":[\"https:\\\/\\\/vmisecurity.com\\\/pt-br\\\/form-denuncia\\\/\"]}]},{\"@type\":\"BreadcrumbList\",\"@id\":\"https:\\\/\\\/vmisecurity.com\\\/pt-br\\\/form-denuncia\\\/#breadcrumb\",\"itemListElement\":[{\"@type\":\"ListItem\",\"position\":1,\"name\":\"Home\",\"item\":\"https:\\\/\\\/vmisecurity.com\\\/pt-br\\\/\"},{\"@type\":\"ListItem\",\"position\":2,\"name\":\"form-denuncia\"}]},{\"@type\":\"WebSite\",\"@id\":\"https:\\\/\\\/vmisecurity.com\\\/#website\",\"url\":\"https:\\\/\\\/vmisecurity.com\\\/\",\"name\":\"VMI SECURITY\",\"description\":\"\",\"publisher\":{\"@id\":\"https:\\\/\\\/vmisecurity.com\\\/#organization\"},\"potentialAction\":[{\"@type\":\"SearchAction\",\"target\":{\"@type\":\"EntryPoint\",\"urlTemplate\":\"https:\\\/\\\/vmisecurity.com\\\/?s={search_term_string}\"},\"query-input\":{\"@type\":\"PropertyValueSpecification\",\"valueRequired\":true,\"valueName\":\"search_term_string\"}}],\"inLanguage\":\"pt-BR\"},{\"@type\":\"Organization\",\"@id\":\"https:\\\/\\\/vmisecurity.com\\\/#organization\",\"name\":\"VMI SECURITY\",\"url\":\"https:\\\/\\\/vmisecurity.com\\\/\",\"logo\":{\"@type\":\"ImageObject\",\"inLanguage\":\"pt-BR\",\"@id\":\"https:\\\/\\\/vmisecurity.com\\\/#\\\/schema\\\/logo\\\/image\\\/\",\"url\":\"https:\\\/\\\/vmisecurity.com\\\/wp-content\\\/uploads\\\/2021\\\/11\\\/logo-vmi-trademark.png\",\"contentUrl\":\"https:\\\/\\\/vmisecurity.com\\\/wp-content\\\/uploads\\\/2021\\\/11\\\/logo-vmi-trademark.png\",\"width\":255,\"height\":169,\"caption\":\"VMI SECURITY\"},\"image\":{\"@id\":\"https:\\\/\\\/vmisecurity.com\\\/#\\\/schema\\\/logo\\\/image\\\/\"}}]}<\/script>\n<!-- \/ Yoast SEO plugin. -->","yoast_head_json":{"title":"form-denuncia - VMI SECURITY","robots":{"index":"index","follow":"follow","max-snippet":"max-snippet:-1","max-image-preview":"max-image-preview:large","max-video-preview":"max-video-preview:-1"},"canonical":"https:\/\/vmisecurity.com\/pt-br\/form-denuncia\/","og_locale":"pt_BR","og_type":"article","og_title":"form-denuncia - VMI SECURITY","og_description":"N\u00f3s encaramos com seriedade a nossa responsabilidade de criar um ambiente confort\u00e1vel e aberto a den\u00fancias referentes a quaisquer a\u00e7\u00f5es ou omiss\u00f5es que gerarem dist\u00farbios ou amea\u00e7arem a sa\u00fade do ambiente de trabalho da VMI Security. Respeitamos a sua privacidade e mantemos total sigilo dos dados fornecidos.","og_url":"https:\/\/vmisecurity.com\/pt-br\/form-denuncia\/","og_site_name":"VMI SECURITY","article_modified_time":"2023-02-15T13:52:28+00:00","twitter_card":"summary_large_image","twitter_misc":{"Est. tempo de leitura":"1 minuto"},"schema":{"@context":"https:\/\/schema.org","@graph":[{"@type":"WebPage","@id":"https:\/\/vmisecurity.com\/pt-br\/form-denuncia\/","url":"https:\/\/vmisecurity.com\/pt-br\/form-denuncia\/","name":"form-denuncia - VMI SECURITY","isPartOf":{"@id":"https:\/\/vmisecurity.com\/#website"},"datePublished":"2022-08-24T13:59:39+00:00","dateModified":"2023-02-15T13:52:28+00:00","breadcrumb":{"@id":"https:\/\/vmisecurity.com\/pt-br\/form-denuncia\/#breadcrumb"},"inLanguage":"pt-BR","potentialAction":[{"@type":"ReadAction","target":["https:\/\/vmisecurity.com\/pt-br\/form-denuncia\/"]}]},{"@type":"BreadcrumbList","@id":"https:\/\/vmisecurity.com\/pt-br\/form-denuncia\/#breadcrumb","itemListElement":[{"@type":"ListItem","position":1,"name":"Home","item":"https:\/\/vmisecurity.com\/pt-br\/"},{"@type":"ListItem","position":2,"name":"form-denuncia"}]},{"@type":"WebSite","@id":"https:\/\/vmisecurity.com\/#website","url":"https:\/\/vmisecurity.com\/","name":"VMI SECURITY","description":"","publisher":{"@id":"https:\/\/vmisecurity.com\/#organization"},"potentialAction":[{"@type":"SearchAction","target":{"@type":"EntryPoint","urlTemplate":"https:\/\/vmisecurity.com\/?s={search_term_string}"},"query-input":{"@type":"PropertyValueSpecification","valueRequired":true,"valueName":"search_term_string"}}],"inLanguage":"pt-BR"},{"@type":"Organization","@id":"https:\/\/vmisecurity.com\/#organization","name":"VMI SECURITY","url":"https:\/\/vmisecurity.com\/","logo":{"@type":"ImageObject","inLanguage":"pt-BR","@id":"https:\/\/vmisecurity.com\/#\/schema\/logo\/image\/","url":"https:\/\/vmisecurity.com\/wp-content\/uploads\/2021\/11\/logo-vmi-trademark.png","contentUrl":"https:\/\/vmisecurity.com\/wp-content\/uploads\/2021\/11\/logo-vmi-trademark.png","width":255,"height":169,"caption":"VMI SECURITY"},"image":{"@id":"https:\/\/vmisecurity.com\/#\/schema\/logo\/image\/"}}]}},"_links":{"self":[{"href":"https:\/\/vmisecurity.com\/pt-br\/wp-json\/wp\/v2\/pages\/15448","targetHints":{"allow":["GET"]}}],"collection":[{"href":"https:\/\/vmisecurity.com\/pt-br\/wp-json\/wp\/v2\/pages"}],"about":[{"href":"https:\/\/vmisecurity.com\/pt-br\/wp-json\/wp\/v2\/types\/page"}],"author":[{"embeddable":true,"href":"https:\/\/vmisecurity.com\/pt-br\/wp-json\/wp\/v2\/users\/2"}],"replies":[{"embeddable":true,"href":"https:\/\/vmisecurity.com\/pt-br\/wp-json\/wp\/v2\/comments?post=15448"}],"version-history":[{"count":11,"href":"https:\/\/vmisecurity.com\/pt-br\/wp-json\/wp\/v2\/pages\/15448\/revisions"}],"predecessor-version":[{"id":16619,"href":"https:\/\/vmisecurity.com\/pt-br\/wp-json\/wp\/v2\/pages\/15448\/revisions\/16619"}],"wp:attachment":[{"href":"https:\/\/vmisecurity.com\/pt-br\/wp-json\/wp\/v2\/media?parent=15448"}],"curies":[{"name":"wp","href":"https:\/\/api.w.org\/{rel}","templated":true}]}}