{"id":17936,"date":"2023-05-18T18:36:14","date_gmt":"2023-05-18T18:36:14","guid":{"rendered":"https:\/\/vmisecurity.com\/termos-de-uso-e-politicas-de-privacidade\/"},"modified":"2025-08-07T14:59:07","modified_gmt":"2025-08-07T14:59:07","slug":"termos-de-uso-e-politicas-de-privacidade","status":"publish","type":"page","link":"https:\/\/vmisecurity.com\/pt-br\/termos-de-uso-e-politicas-de-privacidade\/","title":{"rendered":"Termos de uso e Pol\u00edticas de Privacidade"},"content":{"rendered":"<h2><b>AVISO DE PRIVACIDADE<\/b><\/h2>\n<p>A <b>VMI SECURITY<\/b>, doravante denominada \u201cCOMPANHIA\u201d respeita a privacidade de Clientes, Colaboradores e Usu\u00e1rios do seu <i>website<\/i>, garantindo sempre a seguran\u00e7a, integridade e liberdades individuais.<\/p>\n<p>Este Aviso de Privacidade foi elaborado em aten\u00e7\u00e3o \u00e0 Lei n\u00ba 13.709\/2018 (Lei Geral de Prote\u00e7\u00e3o de Dados Pessoais &#8211; LGPD), Lei Federal n\u00ba 12.965\/2014 (Marco Civil da Internet) e Lei Federal n\u00ba 8.078\/1990 (C\u00f3digo de Defesa do Consumidor), sem preju\u00edzo da observ\u00e2ncia das demais legisla\u00e7\u00f5es e normas aplic\u00e1veis \u00e0 <b>COMPANHIA.<\/b><\/p>\n<p>Quando o USU\u00c1RIO acessa e utiliza as Plataformas &#8211; <i>websites<\/i>, aplicativos e servi\u00e7os oferecidos pela <b>COMPANHIA<\/b> &#8211; aceita essa Pol\u00edtica, atestando sua livre e expressa concord\u00e2ncia com os termos aqui estipulados.<\/p>\n<p>\u00a0<\/p>\n<h4><b>COLETA, USO E ARMAZENAMENTO DE DADOS<\/b><\/h4>\n<p>Os dados s\u00e3o coletados quando inseridos ou submetidos voluntariamente pelos USU\u00c1RIOS ao utilizar o website da <b>COMPANHIA<\/b>.<\/p>\n<p>As informa\u00e7\u00f5es podem ser coletadas direta ou indiretamente e incluem, mas n\u00e3o se limitam a:<\/p>\n<ul>\n<li>Nome completo;<\/li>\n<li>Endere\u00e7o de e-mail;<\/li>\n<li>Telefone;<\/li>\n<li>Arquivo digital de curr\u00edculo contendo outras informa\u00e7\u00f5es livremente concedidas pelo USU\u00c1RIO;<\/li>\n<li>Endere\u00e7o de IP;<\/li>\n<li>P\u00e1ginas da Web visitadas;<\/li>\n<li>Links e bot\u00f5es clicados;<\/li>\n<\/ul>\n<p>\u00a0<\/p>\n<p>Informa\u00e7\u00f5es sobre navegador, dispositivo utilizado, sistema operacional.<\/p>\n<p><strong>Os dados coletados poder\u00e3o ser utilizados para as seguintes finalidades:<\/strong><\/p>\n<ul>\n<li>Envio de artigos, <i>Newsletters<\/i>, atualiza\u00e7\u00f5es, not\u00edcias e outros conte\u00fados relacionados aos servi\u00e7os oferecidos pela <b>COMPANHIA;<\/b><\/li>\n<li>Divulga\u00e7\u00e3o de eventos promovidos pela <b>COMPANHIA<\/b>;<\/li>\n<li>Recrutamento e sele\u00e7\u00e3o de profissionais;<\/li>\n<li>Atender de forma adequada suas d\u00favidas e solicita\u00e7\u00f5es;<\/li>\n<li>Envio de comunicados institucionais;<\/li>\n<li>A\u00e7\u00f5es de marketing, pesquisas e envio de question\u00e1rio de satisfa\u00e7\u00e3o do USU\u00c1RIO;<\/li>\n<li>Para o cumprimento pela <b>COMPANHIA<\/b> de obriga\u00e7\u00f5es legais e\/ou regulat\u00f3rias;<\/li>\n<li>Compartilhar dados utilizando tecnologia de cookies para uma maior performance de nosso website;<\/li>\n<li>Identificar o perfil de USU\u00c1RIOS que navegam em nosso website e aperfei\u00e7oar a experi\u00eancia interativa durante a navega\u00e7\u00e3o;<\/li>\n<li>Realiza\u00e7\u00e3o de den\u00fancias em nossos canais de \u00e9tica ou outras solicita\u00e7\u00f5es direcionadas ao Encarregado de Dados (DPO).<\/li>\n<\/ul>\n<p>\u00a0<\/p>\n<p>N\u00e3o ser\u00e3o coletados, intencionalmente, dados sens\u00edveis de nossos USU\u00c1RIOS, assim entendidos aqueles definidos nos arts. 11 e seguintes da Lei de Prote\u00e7\u00e3o de Dados Pessoais. Assim, n\u00e3o haver\u00e1 coleta de dados sobre origem racial, \u00e9tnica, convic\u00e7\u00e3o religiosa, opini\u00e3o pol\u00edtica, filia\u00e7\u00e3o a sindicato ou a organiza\u00e7\u00e3o de car\u00e1ter religioso, dado referente a sa\u00fade ou a vida sexual, dado gen\u00e9tico ou biom\u00e9trico quando vinculado a uma pessoa natural, salvo se o dado for compartilhado de forma espont\u00e2nea e consentida pelo USU\u00c1RIO atrav\u00e9s do envio de documentos por meio de nossos formul\u00e1rios, ciente ainda de que o compartilhamento de dados pessoais sens\u00edveis n\u00e3o possui car\u00e1ter obrigat\u00f3rio e ser\u00e1 imediatamente exclu\u00eddo por esta <b>COMPANHIA <\/b>\u00a0a partir da sua ci\u00eancia.<\/p>\n<p>Os dados coletados nas plataformas da <b>COMPANHIA<\/b> s\u00e3o de nossa inteira responsabilidade, sendo vedada qualquer comercializa\u00e7\u00e3o deste banco de dados. Eventuais compartilhamentos e acessos de terceiros, quando necess\u00e1rios, para a realiza\u00e7\u00e3o de servi\u00e7os t\u00e9cnicos e\/ou de suporte dizem respeito t\u00e3o somente \u00e0s finalidades elencadas no item \u201c1.3\u201d e, desde que obedecido ao disposto na presente Pol\u00edtica.<\/p>\n<p>Internamente, os dados dos USU\u00c1RIOS s\u00e3o acessados somente por profissionais devidamente autorizados, respeitando os princ\u00edpios da necessidade, proporcionalidade, finalidade, sempre em aten\u00e7\u00e3o ao nosso compromisso com a confidencialidade e preserva\u00e7\u00e3o da privacidade.<\/p>\n<p>Os dados coletados de nossos USU\u00c1RIOS s\u00e3o armazenados em servidores pr\u00f3prios ou de terceiros contratados exclusivamente para esta finalidade, f\u00edsicos ou em nuvem podendo estar alocados no Brasil ou no exterior, o qual o USU\u00c1RIO d\u00e1 o seu consentimento<\/p>\n<p>Os dados pessoais dos USU\u00c1RIOS s\u00e3o conservados pelo per\u00edodo estritamente necess\u00e1rio para cada uma das finalidades previstas nos termos de consentimento disponibilizados em cada ponto de coleta de dados do nosso website.\u00a0<\/p>\n<p>O armazenamento sempre observar\u00e1 as bases legais previstas na Lei Geral de Prote\u00e7\u00e3o de Dados (LGPD) e\/ou outras legisla\u00e7\u00f5es pertinentes e, ser\u00e3o automaticamente eliminados pela <b>COMPANHIA<\/b>, quando deixarem de ser \u00fateis para os fins que foram coletados e\/ou n\u00e3o forem mais necess\u00e1rios para cumprir qualquer obriga\u00e7\u00e3o legal direcionada \u00e0 esta Organiza\u00e7\u00e3o, ou, ainda, quando o USU\u00c1RIO solicitar a sua elimina\u00e7\u00e3o, exceto se a manuten\u00e7\u00e3o do dado for expressamente autorizada por lei.<\/p>\n<p>\u00a0<\/p>\n<h4><b>DIREITO DOS USU\u00c1RIOS ENQUANTO TITULARES DE DADOS<\/b><\/h4>\n<p>Os USU\u00c1RIOS, titular de dados pessoais, tem direito assegurado pela LGPD, a qualquer momento e, mediante requisi\u00e7\u00e3o por meio dos contados disponibilizados no item \u201c4\u201d, \u00e0:<\/p>\n<ul>\n<li><b>Confirma\u00e7\u00e3o<\/b> da exist\u00eancia do tratamento;<\/li>\n<li><b>Acesso<\/b> aos dados;<\/li>\n<li><b>Corre\u00e7\u00e3o<\/b> de dados incompletos, inexatos ou desatualizados;<\/li>\n<li><b>Anonimiza\u00e7\u00e3o<\/b>,\u00a0<b>bloqueio<\/b>\u00a0ou\u00a0<b>elimina\u00e7\u00e3o<\/b> de dados desnecess\u00e1rios, excessivos ou tratados em desconformidade com a Lei Geral de Prote\u00e7\u00e3o de Dados;<\/li>\n<li><b>Portabilidade<\/b> dos dados a outro fornecedor de servi\u00e7o ou produto, mediante requisi\u00e7\u00e3o expressa, de acordo com a regulamenta\u00e7\u00e3o da autoridade nacional, observados os segredos comercial e industrial;<\/li>\n<li><b>Elimina\u00e7\u00e3o<\/b> dos dados pessoais tratados com o consentimento do titular, exceto nas hip\u00f3teses de cumprimento de obriga\u00e7\u00e3o legal ou regulat\u00f3ria pelo controlador e estudo por \u00f3rg\u00e3o de pesquisa, garantindo a anonimiza\u00e7\u00e3o dos dados pessoais sempre que poss\u00edvel;<\/li>\n<li><b>Transfer\u00eancia<\/b> a terceiro, desde que respeitados os requisitos de tratamento de dados dispostos na Lei Geral de Prote\u00e7\u00e3o de Dados ou uso exclusivo do controlador, vedado seu acesso por terceiro, e desde que anonimizados os dados;<\/li>\n<li><b>Informa\u00e7\u00e3o<\/b> das entidades p\u00fablicas e privadas com as quais o controlador realizou\u00a0uso compartilhado de dados;<\/li>\n<li><b>Informa\u00e7\u00e3o<\/b> sobre a possibilidade de n\u00e3o fornecer consentimento e sobre as consequ\u00eancias da negativa; e<\/li>\n<li><b>Revoga\u00e7\u00e3o<\/b> <b>do consentimento<\/b>, por procedimento gratuito e facilitado, ratificados os tratamentos realizados sob o amparo do consentimento anteriormente manifestado<\/li>\n<\/ul>\n<p>\u00a0<\/p>\n<h4><b>COOKIES E REGISTRO DE ATIVIDADES<\/b><\/h4>\n<p>Os cookies s\u00e3o pequenos arquivos de texto que podem ser utilizados por websites para tornar a experi\u00eancia do utilizador mais eficiente.<\/p>\n<p>A <b>COMPANHIA<\/b> utiliza cookies para analisar o tr\u00e1fego no website, com o intuito de oferecer as melhores experi\u00eancias de navega\u00e7\u00e3o para seus USU\u00c1RIOS atrav\u00e9s de personaliza\u00e7\u00e3o de conte\u00fado e an\u00fancios, al\u00e9m de captar as informa\u00e7\u00f5es obtidas pelos curr\u00edculos encaminhados por interm\u00e9dio do site. Atrav\u00e9s dos cookies podemos analisar:<\/p>\n<ul>\n<li>P\u00e1ginas e telas acessadas pelo USU\u00c1RIO dentro do website;<\/li>\n<li>Data e hor\u00e1rio de cada a\u00e7\u00e3o dentro do website;<\/li>\n<li>Tempo de utiliza\u00e7\u00e3o da p\u00e1gina do website;<\/li>\n<li>Acesso que fizer \u00e0s p\u00e1ginas e telas das ferramentas, bem como as funcionalidades utilizadas no website;<\/li>\n<li>Endere\u00e7o de IP do Usu\u00e1rio;<\/li>\n<li>Informa\u00e7\u00e3o do dispositivo e navegador utilizado pelo USU\u00c1RIO;<\/li>\n<li>Informa\u00e7\u00e3o demogr\u00e1fica e localiza\u00e7\u00e3o do USU\u00c1RIO;<\/li>\n<li>Origem da navega\u00e7\u00e3o, ou seja, a forma como o USU\u00c1RIO chegou at\u00e9 o website;<\/li>\n<li>Gerenciamento de idiomas no website;<\/li>\n<\/ul>\n<p>O seu consentimento aplica-se exclusivamente ao seguinte dom\u00ednio: <a href=\"https:\/\/vmisecurity.com\/\">https:\/\/vmisecurity.com\/<\/a>, bem como os seus subdom\u00ednios.<\/p>\n<p>Podemos utilizar outras tecnologias para coletar dados de navega\u00e7\u00e3o de nossos USU\u00c1RIOS, o que inclui, mas n\u00e3o se limita a cookies, JavaScript, entre outros. Toda e qualquer tecnologia aplicada sempre respeitar\u00e1 os termos desse Aviso de Privacidade, bem como as op\u00e7\u00f5es de nossos USU\u00c1RIOS.<\/p>\n<p>Os USU\u00c1RIOS poder\u00e3o, a qualquer momento, alterar ou retirar o seu consentimento da Declara\u00e7\u00e3o de Cookies atrav\u00e9s das configura\u00e7\u00f5es de seguran\u00e7a do website.\u00a0<\/p>\n<p>Por usarmos apenas cookies anal\u00edticos, n\u00e3o recomendamos o bloqueio ou remo\u00e7\u00e3o deles, pois isso poder\u00e1 resultar na impossibilidade de acessar o website.<\/p>\n<p>\u00a0<\/p>\n<h4><b>D\u00daVIDAS, ESCLARECIMENTOS E SUGEST\u00d5ES<\/b><\/h4>\n<p>Em caso de d\u00favidas, esclarecimentos e\/ou sugest\u00f5es, suspeitas de viola\u00e7\u00e3o deste<br \/>C\u00f3digo ou outras preocupa\u00e7\u00f5es, denuncie o fato atrav\u00e9s dos canais abaixo:<br \/>\u25cf Site: www.wecomply.com.br\/eticavmis<br \/>\u25cf E-mail: eticavmis@wecomply.com.br ou lgpd@vmis.com.br<\/p>\n<p>\u00a0<\/p>\n<h4><b>DISPOSI\u00c7\u00d5ES GERAIS<\/b><\/h4>\n<p>A <b>COMPANHIA<\/b> se reserva ao direito de atualizar esta Pol\u00edtica a qualquer momento, conforme a finalidade e\/ou necessidade, bem como para adequa\u00e7\u00e3o e conformidade legal de disposi\u00e7\u00e3o de lei ou norma que tenha for\u00e7a jur\u00eddica equivalente, devendo o USU\u00c1RIO verific\u00e1-la sempre que poss\u00edvel.<\/p>\n<p>Caso ocorram atualiza\u00e7\u00f5es significativas nesta Pol\u00edtica, a <b>COMPANHIA<\/b> se reserva ao direito de notificar o USU\u00c1RIO mediante os meios de contato por ele fornecidos em nossas plataformas.<\/p>\n<p>Empresas Terceirizadas que eventualmente realizem o processamento de quaisquer Dados coletados pela <b>COMPANHIA<\/b>, dever\u00e3o respeitar, obrigatoriamente, as condi\u00e7\u00f5es aqui estipuladas, bem como as normas de Seguran\u00e7a da Informa\u00e7\u00e3o desta Organiza\u00e7\u00e3o.<\/p>\n<p>\u00a0Caso alguma disposi\u00e7\u00e3o desta Pol\u00edtica seja considerada ilegal ou ileg\u00edtima, as demais condi\u00e7\u00f5es permanecer\u00e3o em pleno vigor e efeito.<\/p>\n<p><br \/><\/p><!-- \/wp:post-content -->","protected":false},"excerpt":{"rendered":"<p>AVISO DE PRIVACIDADE A VMI SECURITY, doravante denominada \u201cCOMPANHIA\u201d respeita a privacidade de Clientes, Colaboradores e Usu\u00e1rios do seu website, garantindo sempre a seguran\u00e7a, integridade e liberdades individuais. Este Aviso de Privacidade foi elaborado em aten\u00e7\u00e3o \u00e0 Lei n\u00ba 13.709\/2018 (Lei Geral de Prote\u00e7\u00e3o de Dados Pessoais &#8211; LGPD), Lei Federal n\u00ba 12.965\/2014 (Marco Civil [&hellip;]<\/p>\n","protected":false},"author":1,"featured_media":0,"parent":0,"menu_order":0,"comment_status":"closed","ping_status":"closed","template":"","meta":{"footnotes":""},"class_list":["post-17936","page","type-page","status-publish","hentry"],"yoast_head":"<!-- This site is optimized with the Yoast SEO plugin v27.3 - https:\/\/yoast.com\/product\/yoast-seo-wordpress\/ -->\n<title>Termos de uso e Pol\u00edticas de Privacidade - VMI SECURITY<\/title>\n<meta name=\"robots\" content=\"index, follow, max-snippet:-1, max-image-preview:large, max-video-preview:-1\" \/>\n<link rel=\"canonical\" href=\"https:\/\/vmisecurity.com\/politica-de-uso-e-privacidade\/\" \/>\n<meta property=\"og:locale\" content=\"pt_BR\" \/>\n<meta property=\"og:type\" content=\"article\" \/>\n<meta property=\"og:title\" content=\"Termos de uso e Pol\u00edticas de Privacidade - VMI SECURITY\" \/>\n<meta property=\"og:description\" content=\"AVISO DE PRIVACIDADE A VMI SECURITY, doravante denominada \u201cCOMPANHIA\u201d respeita a privacidade de Clientes, Colaboradores e Usu\u00e1rios do seu website, garantindo sempre a seguran\u00e7a, integridade e liberdades individuais. Este Aviso de Privacidade foi elaborado em aten\u00e7\u00e3o \u00e0 Lei n\u00ba 13.709\/2018 (Lei Geral de Prote\u00e7\u00e3o de Dados Pessoais &#8211; LGPD), Lei Federal n\u00ba 12.965\/2014 (Marco Civil [&hellip;]\" \/>\n<meta property=\"og:url\" content=\"https:\/\/vmisecurity.com\/politica-de-uso-e-privacidade\/\" \/>\n<meta property=\"og:site_name\" content=\"VMI SECURITY\" \/>\n<meta property=\"article:modified_time\" content=\"2025-08-07T14:59:07+00:00\" \/>\n<meta name=\"twitter:card\" content=\"summary_large_image\" \/>\n<meta name=\"twitter:label1\" content=\"Est. tempo de leitura\" \/>\n\t<meta name=\"twitter:data1\" content=\"8 minutos\" \/>\n<script type=\"application\/ld+json\" class=\"yoast-schema-graph\">{\"@context\":\"https:\\\/\\\/schema.org\",\"@graph\":[{\"@type\":\"WebPage\",\"@id\":\"https:\\\/\\\/vmisecurity.com\\\/politica-de-uso-e-privacidade\\\/\",\"url\":\"https:\\\/\\\/vmisecurity.com\\\/politica-de-uso-e-privacidade\\\/\",\"name\":\"Termos de uso e Pol\u00edticas de Privacidade - VMI SECURITY\",\"isPartOf\":{\"@id\":\"https:\\\/\\\/vmisecurity.com\\\/#website\"},\"datePublished\":\"2023-05-18T18:36:14+00:00\",\"dateModified\":\"2025-08-07T14:59:07+00:00\",\"breadcrumb\":{\"@id\":\"https:\\\/\\\/vmisecurity.com\\\/politica-de-uso-e-privacidade\\\/#breadcrumb\"},\"inLanguage\":\"pt-BR\",\"potentialAction\":[{\"@type\":\"ReadAction\",\"target\":[\"https:\\\/\\\/vmisecurity.com\\\/politica-de-uso-e-privacidade\\\/\"]}]},{\"@type\":\"BreadcrumbList\",\"@id\":\"https:\\\/\\\/vmisecurity.com\\\/politica-de-uso-e-privacidade\\\/#breadcrumb\",\"itemListElement\":[{\"@type\":\"ListItem\",\"position\":1,\"name\":\"Home\",\"item\":\"https:\\\/\\\/vmisecurity.com\\\/pt-br\\\/\"},{\"@type\":\"ListItem\",\"position\":2,\"name\":\"Termos de uso e Pol\u00edticas de Privacidade\"}]},{\"@type\":\"WebSite\",\"@id\":\"https:\\\/\\\/vmisecurity.com\\\/#website\",\"url\":\"https:\\\/\\\/vmisecurity.com\\\/\",\"name\":\"VMI SECURITY\",\"description\":\"\",\"publisher\":{\"@id\":\"https:\\\/\\\/vmisecurity.com\\\/#organization\"},\"potentialAction\":[{\"@type\":\"SearchAction\",\"target\":{\"@type\":\"EntryPoint\",\"urlTemplate\":\"https:\\\/\\\/vmisecurity.com\\\/?s={search_term_string}\"},\"query-input\":{\"@type\":\"PropertyValueSpecification\",\"valueRequired\":true,\"valueName\":\"search_term_string\"}}],\"inLanguage\":\"pt-BR\"},{\"@type\":\"Organization\",\"@id\":\"https:\\\/\\\/vmisecurity.com\\\/#organization\",\"name\":\"VMI SECURITY\",\"url\":\"https:\\\/\\\/vmisecurity.com\\\/\",\"logo\":{\"@type\":\"ImageObject\",\"inLanguage\":\"pt-BR\",\"@id\":\"https:\\\/\\\/vmisecurity.com\\\/#\\\/schema\\\/logo\\\/image\\\/\",\"url\":\"https:\\\/\\\/vmisecurity.com\\\/wp-content\\\/uploads\\\/2021\\\/11\\\/logo-vmi-trademark.png\",\"contentUrl\":\"https:\\\/\\\/vmisecurity.com\\\/wp-content\\\/uploads\\\/2021\\\/11\\\/logo-vmi-trademark.png\",\"width\":255,\"height\":169,\"caption\":\"VMI SECURITY\"},\"image\":{\"@id\":\"https:\\\/\\\/vmisecurity.com\\\/#\\\/schema\\\/logo\\\/image\\\/\"}}]}<\/script>\n<!-- \/ Yoast SEO plugin. -->","yoast_head_json":{"title":"Termos de uso e Pol\u00edticas de Privacidade - VMI SECURITY","robots":{"index":"index","follow":"follow","max-snippet":"max-snippet:-1","max-image-preview":"max-image-preview:large","max-video-preview":"max-video-preview:-1"},"canonical":"https:\/\/vmisecurity.com\/politica-de-uso-e-privacidade\/","og_locale":"pt_BR","og_type":"article","og_title":"Termos de uso e Pol\u00edticas de Privacidade - VMI SECURITY","og_description":"AVISO DE PRIVACIDADE A VMI SECURITY, doravante denominada \u201cCOMPANHIA\u201d respeita a privacidade de Clientes, Colaboradores e Usu\u00e1rios do seu website, garantindo sempre a seguran\u00e7a, integridade e liberdades individuais. Este Aviso de Privacidade foi elaborado em aten\u00e7\u00e3o \u00e0 Lei n\u00ba 13.709\/2018 (Lei Geral de Prote\u00e7\u00e3o de Dados Pessoais &#8211; LGPD), Lei Federal n\u00ba 12.965\/2014 (Marco Civil [&hellip;]","og_url":"https:\/\/vmisecurity.com\/politica-de-uso-e-privacidade\/","og_site_name":"VMI SECURITY","article_modified_time":"2025-08-07T14:59:07+00:00","twitter_card":"summary_large_image","twitter_misc":{"Est. tempo de leitura":"8 minutos"},"schema":{"@context":"https:\/\/schema.org","@graph":[{"@type":"WebPage","@id":"https:\/\/vmisecurity.com\/politica-de-uso-e-privacidade\/","url":"https:\/\/vmisecurity.com\/politica-de-uso-e-privacidade\/","name":"Termos de uso e Pol\u00edticas de Privacidade - VMI SECURITY","isPartOf":{"@id":"https:\/\/vmisecurity.com\/#website"},"datePublished":"2023-05-18T18:36:14+00:00","dateModified":"2025-08-07T14:59:07+00:00","breadcrumb":{"@id":"https:\/\/vmisecurity.com\/politica-de-uso-e-privacidade\/#breadcrumb"},"inLanguage":"pt-BR","potentialAction":[{"@type":"ReadAction","target":["https:\/\/vmisecurity.com\/politica-de-uso-e-privacidade\/"]}]},{"@type":"BreadcrumbList","@id":"https:\/\/vmisecurity.com\/politica-de-uso-e-privacidade\/#breadcrumb","itemListElement":[{"@type":"ListItem","position":1,"name":"Home","item":"https:\/\/vmisecurity.com\/pt-br\/"},{"@type":"ListItem","position":2,"name":"Termos de uso e Pol\u00edticas de Privacidade"}]},{"@type":"WebSite","@id":"https:\/\/vmisecurity.com\/#website","url":"https:\/\/vmisecurity.com\/","name":"VMI SECURITY","description":"","publisher":{"@id":"https:\/\/vmisecurity.com\/#organization"},"potentialAction":[{"@type":"SearchAction","target":{"@type":"EntryPoint","urlTemplate":"https:\/\/vmisecurity.com\/?s={search_term_string}"},"query-input":{"@type":"PropertyValueSpecification","valueRequired":true,"valueName":"search_term_string"}}],"inLanguage":"pt-BR"},{"@type":"Organization","@id":"https:\/\/vmisecurity.com\/#organization","name":"VMI SECURITY","url":"https:\/\/vmisecurity.com\/","logo":{"@type":"ImageObject","inLanguage":"pt-BR","@id":"https:\/\/vmisecurity.com\/#\/schema\/logo\/image\/","url":"https:\/\/vmisecurity.com\/wp-content\/uploads\/2021\/11\/logo-vmi-trademark.png","contentUrl":"https:\/\/vmisecurity.com\/wp-content\/uploads\/2021\/11\/logo-vmi-trademark.png","width":255,"height":169,"caption":"VMI SECURITY"},"image":{"@id":"https:\/\/vmisecurity.com\/#\/schema\/logo\/image\/"}}]}},"_links":{"self":[{"href":"https:\/\/vmisecurity.com\/pt-br\/wp-json\/wp\/v2\/pages\/17936","targetHints":{"allow":["GET"]}}],"collection":[{"href":"https:\/\/vmisecurity.com\/pt-br\/wp-json\/wp\/v2\/pages"}],"about":[{"href":"https:\/\/vmisecurity.com\/pt-br\/wp-json\/wp\/v2\/types\/page"}],"author":[{"embeddable":true,"href":"https:\/\/vmisecurity.com\/pt-br\/wp-json\/wp\/v2\/users\/1"}],"replies":[{"embeddable":true,"href":"https:\/\/vmisecurity.com\/pt-br\/wp-json\/wp\/v2\/comments?post=17936"}],"version-history":[{"count":8,"href":"https:\/\/vmisecurity.com\/pt-br\/wp-json\/wp\/v2\/pages\/17936\/revisions"}],"predecessor-version":[{"id":22096,"href":"https:\/\/vmisecurity.com\/pt-br\/wp-json\/wp\/v2\/pages\/17936\/revisions\/22096"}],"wp:attachment":[{"href":"https:\/\/vmisecurity.com\/pt-br\/wp-json\/wp\/v2\/media?parent=17936"}],"curies":[{"name":"wp","href":"https:\/\/api.w.org\/{rel}","templated":true}]}}