{"id":20060,"date":"2023-11-27T18:43:28","date_gmt":"2023-11-27T18:43:28","guid":{"rendered":"https:\/\/vmisecurity.com\/duvidas-e-sugestoes\/"},"modified":"2025-09-02T19:43:12","modified_gmt":"2025-09-02T19:43:12","slug":"duvidas-e-sugestoes","status":"publish","type":"page","link":"https:\/\/vmisecurity.com\/pt-br\/duvidas-e-sugestoes\/","title":{"rendered":"D\u00favidas e Sugest\u00f5es"},"content":{"rendered":"\t\t<div data-elementor-type=\"wp-page\" data-elementor-id=\"20060\" class=\"elementor elementor-20060 elementor-20042\" data-elementor-post-type=\"page\">\n\t\t\t\t\t\t<section class=\"elementor-section elementor-top-section elementor-element elementor-element-d77b9c8 elementor-section-boxed elementor-section-height-default elementor-section-height-default\" data-id=\"d77b9c8\" data-element_type=\"section\" data-e-type=\"section\">\n\t\t\t\t\t\t<div class=\"elementor-container elementor-column-gap-default\">\n\t\t\t\t\t<div class=\"elementor-column elementor-col-100 elementor-top-column elementor-element elementor-element-f784859\" data-id=\"f784859\" data-element_type=\"column\" data-e-type=\"column\">\n\t\t\t<div class=\"elementor-widget-wrap elementor-element-populated\">\n\t\t\t\t\t\t<div class=\"elementor-element elementor-element-1a84cf3 elementor-widget elementor-widget-text-editor\" data-id=\"1a84cf3\" data-element_type=\"widget\" data-e-type=\"widget\" data-widget_type=\"text-editor.default\">\n\t\t\t\t\t\t\t\t\t<p>D\u00favidas e Sugest\u00f5es<\/p>\t\t\t\t\t\t\t\t<\/div>\n\t\t\t\t<div class=\"elementor-element elementor-element-86ab765 elementor-widget elementor-widget-spacer\" data-id=\"86ab765\" data-element_type=\"widget\" data-e-type=\"widget\" data-widget_type=\"spacer.default\">\n\t\t\t\t\t\t\t<div class=\"elementor-spacer\">\n\t\t\t<div class=\"elementor-spacer-inner\"><\/div>\n\t\t<\/div>\n\t\t\t\t\t\t<\/div>\n\t\t\t\t<div class=\"elementor-element elementor-element-6788652 elementor-button-align-start elementor-widget elementor-widget-form\" data-id=\"6788652\" data-element_type=\"widget\" data-e-type=\"widget\" data-settings=\"{&quot;step_next_label&quot;:&quot;Pr\\u00f3ximo&quot;,&quot;step_previous_label&quot;:&quot;Anterior&quot;,&quot;button_width&quot;:&quot;100&quot;,&quot;step_type&quot;:&quot;number_text&quot;,&quot;step_icon_shape&quot;:&quot;circle&quot;}\" data-widget_type=\"form.default\">\n\t\t\t\t\t\t\t<form class=\"elementor-form\" method=\"post\" name=\"Duvidas e sugestoes PT\" aria-label=\"Duvidas e sugestoes PT\">\n\t\t\t<input type=\"hidden\" name=\"post_id\" value=\"20060\"\/>\n\t\t\t<input type=\"hidden\" name=\"form_id\" value=\"6788652\"\/>\n\t\t\t<input type=\"hidden\" name=\"referer_title\" value=\"D\u00favidas e Sugest\u00f5es - VMI SECURITY\" \/>\n\n\t\t\t\t\t\t\t<input type=\"hidden\" name=\"queried_id\" value=\"20060\"\/>\n\t\t\t\n\t\t\t<div class=\"elementor-form-fields-wrapper elementor-labels-above\">\n\t\t\t\t\t\t\t\t<div class=\"elementor-field-type-text elementor-field-group elementor-column elementor-field-group-name elementor-col-50\">\n\t\t\t\t\t\t\t\t\t\t\t\t<label for=\"form-field-name\" class=\"elementor-field-label\">\n\t\t\t\t\t\t\t\tNome\t\t\t\t\t\t\t<\/label>\n\t\t\t\t\t\t\t\t\t\t\t\t\t\t<input size=\"1\" type=\"text\" name=\"form_fields[name]\" id=\"form-field-name\" class=\"elementor-field elementor-size-sm  elementor-field-textual\">\n\t\t\t\t\t\t\t\t\t\t\t<\/div>\n\t\t\t\t\t\t\t\t<div class=\"elementor-field-type-email elementor-field-group elementor-column elementor-field-group-email elementor-col-50 elementor-field-required\">\n\t\t\t\t\t\t\t\t\t\t\t\t<label for=\"form-field-email\" class=\"elementor-field-label\">\n\t\t\t\t\t\t\t\tEmail\t\t\t\t\t\t\t<\/label>\n\t\t\t\t\t\t\t\t\t\t\t\t\t\t<input size=\"1\" type=\"email\" name=\"form_fields[email]\" id=\"form-field-email\" class=\"elementor-field elementor-size-sm  elementor-field-textual\" required=\"required\">\n\t\t\t\t\t\t\t\t\t\t\t<\/div>\n\t\t\t\t\t\t\t\t<div class=\"elementor-field-type-tel elementor-field-group elementor-column elementor-field-group-field_5631914 elementor-col-50\">\n\t\t\t\t\t\t\t\t\t\t\t\t<label for=\"form-field-field_5631914\" class=\"elementor-field-label\">\n\t\t\t\t\t\t\t\tTelefone de contato:*\t\t\t\t\t\t\t<\/label>\n\t\t\t\t\t\t\t\t<input size=\"1\" type=\"tel\" name=\"form_fields[field_5631914]\" id=\"form-field-field_5631914\" class=\"elementor-field elementor-size-sm  elementor-field-textual\" pattern=\"[0-9()#&amp;+*-=.]+\" title=\"Apenas n\u00fameros e caracteres de telefone (#, -, *, etc.) s\u00e3o aceitos.\">\n\n\t\t\t\t\t\t<\/div>\n\t\t\t\t\t\t\t\t<div class=\"elementor-field-type-text elementor-field-group elementor-column elementor-field-group-field_1ab1d89 elementor-col-50\">\n\t\t\t\t\t\t\t\t\t\t\t\t<label for=\"form-field-field_1ab1d89\" class=\"elementor-field-label\">\n\t\t\t\t\t\t\t\tEmpresa\t\t\t\t\t\t\t<\/label>\n\t\t\t\t\t\t\t\t\t\t\t\t\t\t<input size=\"1\" type=\"text\" name=\"form_fields[field_1ab1d89]\" id=\"form-field-field_1ab1d89\" class=\"elementor-field elementor-size-sm  elementor-field-textual\">\n\t\t\t\t\t\t\t\t\t\t\t<\/div>\n\t\t\t\t\t\t\t\t<div class=\"elementor-field-type-text elementor-field-group elementor-column elementor-field-group-field_d1fa17b elementor-col-100\">\n\t\t\t\t\t\t\t\t\t\t\t\t<label for=\"form-field-field_d1fa17b\" class=\"elementor-field-label\">\n\t\t\t\t\t\t\t\tAssunto\t\t\t\t\t\t\t<\/label>\n\t\t\t\t\t\t\t\t\t\t\t\t\t\t<input size=\"1\" type=\"text\" name=\"form_fields[field_d1fa17b]\" id=\"form-field-field_d1fa17b\" class=\"elementor-field elementor-size-sm  elementor-field-textual\">\n\t\t\t\t\t\t\t\t\t\t\t<\/div>\n\t\t\t\t\t\t\t\t<div class=\"elementor-field-type-textarea elementor-field-group elementor-column elementor-field-group-message elementor-col-100\">\n\t\t\t\t\t\t\t\t\t\t\t\t<label for=\"form-field-message\" class=\"elementor-field-label\">\n\t\t\t\t\t\t\t\tDescri\u00e7\u00e3o\t\t\t\t\t\t\t<\/label>\n\t\t\t\t\t\t<textarea class=\"elementor-field-textual elementor-field  elementor-size-sm\" name=\"form_fields[message]\" id=\"form-field-message\" rows=\"4\"><\/textarea>\t\t\t\t<\/div>\n\t\t\t\t\t\t\t\t<div class=\"elementor-field-type-text\">\n\t\t\t\t\t<input size=\"1\" type=\"text\" name=\"form_fields[field_3644131]\" id=\"form-field-field_3644131\" class=\"elementor-field elementor-size-sm \" style=\"display:none !important;\">\t\t\t\t<\/div>\n\t\t\t\t\t\t\t\t<div class=\"elementor-field-group elementor-column elementor-field-type-submit elementor-col-100 e-form__buttons\">\n\t\t\t\t\t<button class=\"elementor-button elementor-size-md\" type=\"submit\">\n\t\t\t\t\t\t<span class=\"elementor-button-content-wrapper\">\n\t\t\t\t\t\t\t\t\t\t\t\t\t\t\t\t\t\t\t\t\t\t<span class=\"elementor-button-text\">Enviar<\/span>\n\t\t\t\t\t\t\t\t\t\t\t\t\t<\/span>\n\t\t\t\t\t<\/button>\n\t\t\t\t<\/div>\n\t\t\t<\/div>\n\t\t<\/form>\n\t\t\t\t\t\t<\/div>\n\t\t\t\t<div class=\"elementor-element elementor-element-906206e elementor-widget elementor-widget-spacer\" data-id=\"906206e\" data-element_type=\"widget\" data-e-type=\"widget\" data-widget_type=\"spacer.default\">\n\t\t\t\t\t\t\t<div class=\"elementor-spacer\">\n\t\t\t<div class=\"elementor-spacer-inner\"><\/div>\n\t\t<\/div>\n\t\t\t\t\t\t<\/div>\n\t\t\t\t<div class=\"elementor-element elementor-element-813744d elementor-widget elementor-widget-text-editor\" data-id=\"813744d\" data-element_type=\"widget\" data-e-type=\"widget\" data-widget_type=\"text-editor.default\">\n\t\t\t\t\t\t\t\t\t<p>Com esse texto abaixo: Ao fornecer os seguintes dados: empresa, nome e sobrenome, telefone, e-mail, Pa\u00eds, UF e\/ou outras informa\u00e7\u00f5es pessoais autorizo que a VMI Security entre em contato comigo por meio dos canais de contato fornecidos.<\/p><p>Tenho ci\u00eancia ainda de que meus dados pessoais ficar\u00e3o armazenados<\/p><p>Voc\u00ea poder\u00e1 revogar seu consentimento a qualquer momento: basta enviar um e-mail paraEm caso de d\u00favidas, esclarecimentos e\/ou sugest\u00f5es, suspeitas de viola\u00e7\u00e3o deste<br \/>C\u00f3digo ou outras preocupa\u00e7\u00f5es, denuncie o fato atrav\u00e9s dos canais abaixo:<br \/>\u25cf Site: www.wecomply.com.br\/eticavmis<br \/>\u25cf E-mail: eticavmis@wecomply.com.br\u00a0<\/p><p>Para maiores informa\u00e7\u00f5es acesse nosso <a href=\"https:\/\/vmisecurity.com\/pt-br\/termos-de-uso-e-politicas-de-privacidade\/\"><strong>Aviso de Privacidade<\/strong><\/a><\/p>\t\t\t\t\t\t\t\t<\/div>\n\t\t\t\t\t<\/div>\n\t\t<\/div>\n\t\t\t\t\t<\/div>\n\t\t<\/section>\n\t\t\t\t<\/div>\n\t\t","protected":false},"excerpt":{"rendered":"<p>D\u00favidas e Sugest\u00f5es Com esse texto abaixo: Ao fornecer os seguintes dados: empresa, nome e sobrenome, telefone, e-mail, Pa\u00eds, UF e\/ou outras informa\u00e7\u00f5es pessoais autorizo que a VMI Security entre em contato comigo por meio dos canais de contato fornecidos. Tenho ci\u00eancia ainda de que meus dados pessoais ficar\u00e3o armazenados Voc\u00ea poder\u00e1 revogar seu consentimento [&hellip;]<\/p>\n","protected":false},"author":1,"featured_media":0,"parent":0,"menu_order":0,"comment_status":"closed","ping_status":"closed","template":"","meta":{"footnotes":""},"class_list":["post-20060","page","type-page","status-publish","hentry"],"yoast_head":"<!-- This site is optimized with the Yoast SEO plugin v27.3 - https:\/\/yoast.com\/product\/yoast-seo-wordpress\/ -->\n<title>D\u00favidas e Sugest\u00f5es - VMI SECURITY<\/title>\n<meta name=\"robots\" content=\"index, follow, max-snippet:-1, max-image-preview:large, max-video-preview:-1\" \/>\n<link rel=\"canonical\" href=\"https:\/\/vmisecurity.com\/duvidas-e-sugestoes\/\" \/>\n<meta property=\"og:locale\" content=\"pt_BR\" \/>\n<meta property=\"og:type\" content=\"article\" \/>\n<meta property=\"og:title\" content=\"D\u00favidas e Sugest\u00f5es - VMI SECURITY\" \/>\n<meta property=\"og:description\" content=\"D\u00favidas e Sugest\u00f5es Com esse texto abaixo: Ao fornecer os seguintes dados: empresa, nome e sobrenome, telefone, e-mail, Pa\u00eds, UF e\/ou outras informa\u00e7\u00f5es pessoais autorizo que a VMI Security entre em contato comigo por meio dos canais de contato fornecidos. Tenho ci\u00eancia ainda de que meus dados pessoais ficar\u00e3o armazenados Voc\u00ea poder\u00e1 revogar seu consentimento [&hellip;]\" \/>\n<meta property=\"og:url\" content=\"https:\/\/vmisecurity.com\/duvidas-e-sugestoes\/\" \/>\n<meta property=\"og:site_name\" content=\"VMI SECURITY\" \/>\n<meta property=\"article:modified_time\" content=\"2025-09-02T19:43:12+00:00\" \/>\n<meta name=\"twitter:card\" content=\"summary_large_image\" \/>\n<meta name=\"twitter:label1\" content=\"Est. tempo de leitura\" \/>\n\t<meta name=\"twitter:data1\" content=\"1 minuto\" \/>\n<script type=\"application\/ld+json\" class=\"yoast-schema-graph\">{\"@context\":\"https:\\\/\\\/schema.org\",\"@graph\":[{\"@type\":\"WebPage\",\"@id\":\"https:\\\/\\\/vmisecurity.com\\\/duvidas-e-sugestoes\\\/\",\"url\":\"https:\\\/\\\/vmisecurity.com\\\/duvidas-e-sugestoes\\\/\",\"name\":\"D\u00favidas e Sugest\u00f5es - VMI SECURITY\",\"isPartOf\":{\"@id\":\"https:\\\/\\\/vmisecurity.com\\\/#website\"},\"datePublished\":\"2023-11-27T18:43:28+00:00\",\"dateModified\":\"2025-09-02T19:43:12+00:00\",\"breadcrumb\":{\"@id\":\"https:\\\/\\\/vmisecurity.com\\\/duvidas-e-sugestoes\\\/#breadcrumb\"},\"inLanguage\":\"pt-BR\",\"potentialAction\":[{\"@type\":\"ReadAction\",\"target\":[\"https:\\\/\\\/vmisecurity.com\\\/duvidas-e-sugestoes\\\/\"]}]},{\"@type\":\"BreadcrumbList\",\"@id\":\"https:\\\/\\\/vmisecurity.com\\\/duvidas-e-sugestoes\\\/#breadcrumb\",\"itemListElement\":[{\"@type\":\"ListItem\",\"position\":1,\"name\":\"Home\",\"item\":\"https:\\\/\\\/vmisecurity.com\\\/pt-br\\\/\"},{\"@type\":\"ListItem\",\"position\":2,\"name\":\"D\u00favidas e Sugest\u00f5es\"}]},{\"@type\":\"WebSite\",\"@id\":\"https:\\\/\\\/vmisecurity.com\\\/#website\",\"url\":\"https:\\\/\\\/vmisecurity.com\\\/\",\"name\":\"VMI SECURITY\",\"description\":\"\",\"publisher\":{\"@id\":\"https:\\\/\\\/vmisecurity.com\\\/#organization\"},\"potentialAction\":[{\"@type\":\"SearchAction\",\"target\":{\"@type\":\"EntryPoint\",\"urlTemplate\":\"https:\\\/\\\/vmisecurity.com\\\/?s={search_term_string}\"},\"query-input\":{\"@type\":\"PropertyValueSpecification\",\"valueRequired\":true,\"valueName\":\"search_term_string\"}}],\"inLanguage\":\"pt-BR\"},{\"@type\":\"Organization\",\"@id\":\"https:\\\/\\\/vmisecurity.com\\\/#organization\",\"name\":\"VMI SECURITY\",\"url\":\"https:\\\/\\\/vmisecurity.com\\\/\",\"logo\":{\"@type\":\"ImageObject\",\"inLanguage\":\"pt-BR\",\"@id\":\"https:\\\/\\\/vmisecurity.com\\\/#\\\/schema\\\/logo\\\/image\\\/\",\"url\":\"https:\\\/\\\/vmisecurity.com\\\/wp-content\\\/uploads\\\/2021\\\/11\\\/logo-vmi-trademark.png\",\"contentUrl\":\"https:\\\/\\\/vmisecurity.com\\\/wp-content\\\/uploads\\\/2021\\\/11\\\/logo-vmi-trademark.png\",\"width\":255,\"height\":169,\"caption\":\"VMI SECURITY\"},\"image\":{\"@id\":\"https:\\\/\\\/vmisecurity.com\\\/#\\\/schema\\\/logo\\\/image\\\/\"}}]}<\/script>\n<!-- \/ Yoast SEO plugin. -->","yoast_head_json":{"title":"D\u00favidas e Sugest\u00f5es - VMI SECURITY","robots":{"index":"index","follow":"follow","max-snippet":"max-snippet:-1","max-image-preview":"max-image-preview:large","max-video-preview":"max-video-preview:-1"},"canonical":"https:\/\/vmisecurity.com\/duvidas-e-sugestoes\/","og_locale":"pt_BR","og_type":"article","og_title":"D\u00favidas e Sugest\u00f5es - VMI SECURITY","og_description":"D\u00favidas e Sugest\u00f5es Com esse texto abaixo: Ao fornecer os seguintes dados: empresa, nome e sobrenome, telefone, e-mail, Pa\u00eds, UF e\/ou outras informa\u00e7\u00f5es pessoais autorizo que a VMI Security entre em contato comigo por meio dos canais de contato fornecidos. Tenho ci\u00eancia ainda de que meus dados pessoais ficar\u00e3o armazenados Voc\u00ea poder\u00e1 revogar seu consentimento [&hellip;]","og_url":"https:\/\/vmisecurity.com\/duvidas-e-sugestoes\/","og_site_name":"VMI SECURITY","article_modified_time":"2025-09-02T19:43:12+00:00","twitter_card":"summary_large_image","twitter_misc":{"Est. tempo de leitura":"1 minuto"},"schema":{"@context":"https:\/\/schema.org","@graph":[{"@type":"WebPage","@id":"https:\/\/vmisecurity.com\/duvidas-e-sugestoes\/","url":"https:\/\/vmisecurity.com\/duvidas-e-sugestoes\/","name":"D\u00favidas e Sugest\u00f5es - VMI SECURITY","isPartOf":{"@id":"https:\/\/vmisecurity.com\/#website"},"datePublished":"2023-11-27T18:43:28+00:00","dateModified":"2025-09-02T19:43:12+00:00","breadcrumb":{"@id":"https:\/\/vmisecurity.com\/duvidas-e-sugestoes\/#breadcrumb"},"inLanguage":"pt-BR","potentialAction":[{"@type":"ReadAction","target":["https:\/\/vmisecurity.com\/duvidas-e-sugestoes\/"]}]},{"@type":"BreadcrumbList","@id":"https:\/\/vmisecurity.com\/duvidas-e-sugestoes\/#breadcrumb","itemListElement":[{"@type":"ListItem","position":1,"name":"Home","item":"https:\/\/vmisecurity.com\/pt-br\/"},{"@type":"ListItem","position":2,"name":"D\u00favidas e Sugest\u00f5es"}]},{"@type":"WebSite","@id":"https:\/\/vmisecurity.com\/#website","url":"https:\/\/vmisecurity.com\/","name":"VMI SECURITY","description":"","publisher":{"@id":"https:\/\/vmisecurity.com\/#organization"},"potentialAction":[{"@type":"SearchAction","target":{"@type":"EntryPoint","urlTemplate":"https:\/\/vmisecurity.com\/?s={search_term_string}"},"query-input":{"@type":"PropertyValueSpecification","valueRequired":true,"valueName":"search_term_string"}}],"inLanguage":"pt-BR"},{"@type":"Organization","@id":"https:\/\/vmisecurity.com\/#organization","name":"VMI SECURITY","url":"https:\/\/vmisecurity.com\/","logo":{"@type":"ImageObject","inLanguage":"pt-BR","@id":"https:\/\/vmisecurity.com\/#\/schema\/logo\/image\/","url":"https:\/\/vmisecurity.com\/wp-content\/uploads\/2021\/11\/logo-vmi-trademark.png","contentUrl":"https:\/\/vmisecurity.com\/wp-content\/uploads\/2021\/11\/logo-vmi-trademark.png","width":255,"height":169,"caption":"VMI SECURITY"},"image":{"@id":"https:\/\/vmisecurity.com\/#\/schema\/logo\/image\/"}}]}},"_links":{"self":[{"href":"https:\/\/vmisecurity.com\/pt-br\/wp-json\/wp\/v2\/pages\/20060","targetHints":{"allow":["GET"]}}],"collection":[{"href":"https:\/\/vmisecurity.com\/pt-br\/wp-json\/wp\/v2\/pages"}],"about":[{"href":"https:\/\/vmisecurity.com\/pt-br\/wp-json\/wp\/v2\/types\/page"}],"author":[{"embeddable":true,"href":"https:\/\/vmisecurity.com\/pt-br\/wp-json\/wp\/v2\/users\/1"}],"replies":[{"embeddable":true,"href":"https:\/\/vmisecurity.com\/pt-br\/wp-json\/wp\/v2\/comments?post=20060"}],"version-history":[{"count":16,"href":"https:\/\/vmisecurity.com\/pt-br\/wp-json\/wp\/v2\/pages\/20060\/revisions"}],"predecessor-version":[{"id":22139,"href":"https:\/\/vmisecurity.com\/pt-br\/wp-json\/wp\/v2\/pages\/20060\/revisions\/22139"}],"wp:attachment":[{"href":"https:\/\/vmisecurity.com\/pt-br\/wp-json\/wp\/v2\/media?parent=20060"}],"curies":[{"name":"wp","href":"https:\/\/api.w.org\/{rel}","templated":true}]}}