{"id":273,"date":"2020-09-14T10:59:57","date_gmt":"2020-09-14T13:59:57","guid":{"rendered":"https:\/\/agenciabunny.com\/Cliente\/vmi\/?page_id=273"},"modified":"2026-03-06T17:51:41","modified_gmt":"2026-03-06T17:51:41","slug":"valores-principios-vmi","status":"publish","type":"page","link":"https:\/\/vmisecurity.com\/pt-br\/valores-principios-vmi\/","title":{"rendered":"Nossos valores"},"content":{"rendered":"\t\t<div data-elementor-type=\"wp-page\" data-elementor-id=\"273\" class=\"elementor elementor-273\" data-elementor-post-type=\"page\">\n\t\t\t\t\t\t<section class=\"elementor-section elementor-top-section elementor-element elementor-element-c688b19 elementor-section-stretched elementor-section-full_width elementor-section-height-default elementor-section-height-default\" data-id=\"c688b19\" data-element_type=\"section\" data-e-type=\"section\" data-settings=\"{&quot;stretch_section&quot;:&quot;section-stretched&quot;,&quot;background_background&quot;:&quot;slideshow&quot;,&quot;background_slideshow_gallery&quot;:[],&quot;background_slideshow_loop&quot;:&quot;yes&quot;,&quot;background_slideshow_slide_duration&quot;:5000,&quot;background_slideshow_slide_transition&quot;:&quot;fade&quot;,&quot;background_slideshow_transition_duration&quot;:500}\">\n\t\t\t\t\t\t<div class=\"elementor-container elementor-column-gap-wide\">\n\t\t\t\t\t<div class=\"elementor-column elementor-col-33 elementor-top-column elementor-element elementor-element-7aac6c5\" data-id=\"7aac6c5\" data-element_type=\"column\" data-e-type=\"column\" data-settings=\"{&quot;background_background&quot;:&quot;classic&quot;}\">\n\t\t\t<div class=\"elementor-widget-wrap elementor-element-populated\">\n\t\t\t\t\t\t<div class=\"elementor-element elementor-element-59d6d9c elementor-widget elementor-widget-spacer\" data-id=\"59d6d9c\" data-element_type=\"widget\" data-e-type=\"widget\" data-widget_type=\"spacer.default\">\n\t\t\t\t\t\t\t<div class=\"elementor-spacer\">\n\t\t\t<div class=\"elementor-spacer-inner\"><\/div>\n\t\t<\/div>\n\t\t\t\t\t\t<\/div>\n\t\t\t\t\t<\/div>\n\t\t<\/div>\n\t\t\t\t<div class=\"elementor-column elementor-col-33 elementor-top-column elementor-element elementor-element-d5bfc7e\" data-id=\"d5bfc7e\" data-element_type=\"column\" data-e-type=\"column\" data-settings=\"{&quot;background_background&quot;:&quot;classic&quot;}\">\n\t\t\t<div class=\"elementor-widget-wrap elementor-element-populated\">\n\t\t\t\t\t\t<div class=\"elementor-element elementor-element-1289e9d elementor-widget elementor-widget-text-editor\" data-id=\"1289e9d\" data-element_type=\"widget\" data-e-type=\"widget\" data-widget_type=\"text-editor.default\">\n\t\t\t\t\t\t\t\t\t<h4>A <strong>VMI Sistemas de Seguran\u00e7a<\/strong> busca continuamente a satisfa\u00e7\u00e3o de seus parceiros de neg\u00f3cio por meio de solu\u00e7\u00f5es inovadoras, atendimento \u00e1gil e relacionamento colaborativo, atuando com responsabilidade ambiental, prevenindo a polui\u00e7\u00e3o e contribuindo para a mitiga\u00e7\u00e3o dos efeitos das mudan\u00e7as clim\u00e1ticas. Garantimos a seguran\u00e7a da informa\u00e7\u00e3o preservando a confidencialidade, integridade e disponibilidade dos dados, atendendo aos requisitos legais, normativos e outros requisitos aplic\u00e1veis, bem como gerenciando riscos e oportunidades dos nossos processos e promovendo a melhoria cont\u00ednua do Sistema de Gest\u00e3o Integrado.<\/h4>\t\t\t\t\t\t\t\t<\/div>\n\t\t\t\t\t<\/div>\n\t\t<\/div>\n\t\t\t\t<div class=\"elementor-column elementor-col-33 elementor-top-column elementor-element elementor-element-d7046e4\" data-id=\"d7046e4\" data-element_type=\"column\" data-e-type=\"column\" data-settings=\"{&quot;background_background&quot;:&quot;classic&quot;}\">\n\t\t\t<div class=\"elementor-widget-wrap elementor-element-populated\">\n\t\t\t\t\t\t<div class=\"elementor-element elementor-element-9453967 elementor-widget elementor-widget-spacer\" data-id=\"9453967\" data-element_type=\"widget\" data-e-type=\"widget\" data-widget_type=\"spacer.default\">\n\t\t\t\t\t\t\t<div class=\"elementor-spacer\">\n\t\t\t<div class=\"elementor-spacer-inner\"><\/div>\n\t\t<\/div>\n\t\t\t\t\t\t<\/div>\n\t\t\t\t\t<\/div>\n\t\t<\/div>\n\t\t\t\t\t<\/div>\n\t\t<\/section>\n\t\t\t\t<section class=\"elementor-section elementor-top-section elementor-element elementor-element-7ec3b412 elementor-section-stretched elementor-section-full_width elementor-section-height-default elementor-section-height-default\" data-id=\"7ec3b412\" data-element_type=\"section\" data-e-type=\"section\" data-settings=\"{&quot;stretch_section&quot;:&quot;section-stretched&quot;,&quot;background_background&quot;:&quot;slideshow&quot;,&quot;background_slideshow_gallery&quot;:[{&quot;id&quot;:&quot;69&quot;,&quot;url&quot;:&quot;https:\\\/\\\/vmisecurity.com\\\/\\\/wp-content\\\/uploads\\\/2020\\\/09\\\/bg-vmi-inst_2-1-1.png&quot;}],&quot;background_slideshow_loop&quot;:&quot;yes&quot;,&quot;background_slideshow_slide_duration&quot;:5000,&quot;background_slideshow_slide_transition&quot;:&quot;fade&quot;,&quot;background_slideshow_transition_duration&quot;:500}\">\n\t\t\t\t\t\t<div class=\"elementor-container elementor-column-gap-wide\">\n\t\t\t\t\t<div class=\"elementor-column elementor-col-33 elementor-top-column elementor-element elementor-element-3c2c9c3f\" data-id=\"3c2c9c3f\" data-element_type=\"column\" data-e-type=\"column\" data-settings=\"{&quot;background_background&quot;:&quot;classic&quot;}\">\n\t\t\t<div class=\"elementor-widget-wrap elementor-element-populated\">\n\t\t\t\t\t\t<div class=\"elementor-element elementor-element-5c3cfe9f elementor-widget elementor-widget-spacer\" data-id=\"5c3cfe9f\" data-element_type=\"widget\" data-e-type=\"widget\" data-widget_type=\"spacer.default\">\n\t\t\t\t\t\t\t<div class=\"elementor-spacer\">\n\t\t\t<div class=\"elementor-spacer-inner\"><\/div>\n\t\t<\/div>\n\t\t\t\t\t\t<\/div>\n\t\t\t\t\t<\/div>\n\t\t<\/div>\n\t\t\t\t<div class=\"elementor-column elementor-col-33 elementor-top-column elementor-element elementor-element-e348024\" data-id=\"e348024\" data-element_type=\"column\" data-e-type=\"column\" data-settings=\"{&quot;background_background&quot;:&quot;classic&quot;}\">\n\t\t\t<div class=\"elementor-widget-wrap elementor-element-populated\">\n\t\t\t\t\t\t<div class=\"elementor-element elementor-element-7ae3e254 elementor-widget elementor-widget-spacer\" data-id=\"7ae3e254\" data-element_type=\"widget\" data-e-type=\"widget\" data-widget_type=\"spacer.default\">\n\t\t\t\t\t\t\t<div class=\"elementor-spacer\">\n\t\t\t<div class=\"elementor-spacer-inner\"><\/div>\n\t\t<\/div>\n\t\t\t\t\t\t<\/div>\n\t\t\t\t<div class=\"elementor-element elementor-element-66657712 elementor-widget elementor-widget-text-editor\" data-id=\"66657712\" data-element_type=\"widget\" data-e-type=\"widget\" data-widget_type=\"text-editor.default\">\n\t\t\t\t\t\t\t\t\t<h4><span style=\"color: #292929;\"><strong>Miss\u00e3o<\/strong><\/span><br \/><span style=\"word-spacing: normal; color: #292929;\">Contribuir significativamente para uma sociedade mais segura e eficiente, atrav\u00e9s de solu\u00e7\u00f5es tecnol\u00f3gicas e inovadoras.<\/span><\/h4><h4><span style=\"color: #292929;\"><strong>Vis\u00e3o <\/strong><\/span><br \/><span style=\"color: #292929;\">Ser o player global mais relevante e atrativo para parceiros de neg\u00f3cios.<\/span><\/h4><h4><span style=\"color: #292929;\"><strong>Valores<\/strong><\/span><br \/><span style=\"color: #292929;\">. Atitude \u00e9tica: respeito nas rela\u00e7\u00f5es interpessoais;<\/span><br \/><span style=\"color: #292929;\">. Desenvolvimento pessoal e profissional da equipe;<\/span><br \/><span style=\"color: #292929;\">. Atitude inovadora: fazendo diferen\u00e7a para o mercado;<\/span><br \/><span style=\"color: #292929;\">. Atitude de dono: nos comprometemos pessoalmente com o resultado da empresa.<\/span><\/h4>\t\t\t\t\t\t\t\t<\/div>\n\t\t\t\t<div class=\"elementor-element elementor-element-462748b7 elementor-widget elementor-widget-spacer\" data-id=\"462748b7\" data-element_type=\"widget\" data-e-type=\"widget\" data-widget_type=\"spacer.default\">\n\t\t\t\t\t\t\t<div class=\"elementor-spacer\">\n\t\t\t<div class=\"elementor-spacer-inner\"><\/div>\n\t\t<\/div>\n\t\t\t\t\t\t<\/div>\n\t\t\t\t<div class=\"elementor-element elementor-element-2f5cfb8 elementor-widget elementor-widget-text-editor\" data-id=\"2f5cfb8\" data-element_type=\"widget\" data-e-type=\"widget\" data-widget_type=\"text-editor.default\">\n\t\t\t\t\t\t\t\t\t<div class=\"x_elementToProof\" data-ogsc=\"rgb(0, 0, 0)\"><b>Escopo de certifica\u00e7\u00e3o ISO<\/b><\/div><div class=\"x_elementToProof\" data-ogsc=\"rgb(0, 0, 0)\">Projeto, fabrica\u00e7\u00e3o, comercializa\u00e7\u00e3o (venda e loca\u00e7\u00e3o), instala\u00e7\u00e3o e manuten\u00e7\u00e3o de equipamento de raios-X para inspe\u00e7\u00e3o, utilizados em seguran\u00e7a p\u00fablica, patrimonial e processos industriais, produzidos na VMI Security.<\/div>\t\t\t\t\t\t\t\t<\/div>\n\t\t\t\t\t<\/div>\n\t\t<\/div>\n\t\t\t\t<div class=\"elementor-column elementor-col-33 elementor-top-column elementor-element elementor-element-6698419e\" data-id=\"6698419e\" data-element_type=\"column\" data-e-type=\"column\">\n\t\t\t<div class=\"elementor-widget-wrap\">\n\t\t\t\t\t\t\t<\/div>\n\t\t<\/div>\n\t\t\t\t\t<\/div>\n\t\t<\/section>\n\t\t\t\t<\/div>\n\t\t","protected":false},"excerpt":{"rendered":"<p>A VMI Sistemas de Seguran\u00e7a busca continuamente a satisfa\u00e7\u00e3o de seus parceiros de neg\u00f3cio por meio de solu\u00e7\u00f5es inovadoras, atendimento \u00e1gil e relacionamento colaborativo, atuando com responsabilidade ambiental, prevenindo a polui\u00e7\u00e3o e contribuindo para a mitiga\u00e7\u00e3o dos efeitos das mudan\u00e7as clim\u00e1ticas. Garantimos a seguran\u00e7a da informa\u00e7\u00e3o preservando a confidencialidade, integridade e disponibilidade dos dados, atendendo [&hellip;]<\/p>\n","protected":false},"author":1,"featured_media":0,"parent":0,"menu_order":0,"comment_status":"closed","ping_status":"closed","template":"","meta":{"footnotes":""},"class_list":["post-273","page","type-page","status-publish","hentry"],"yoast_head":"<!-- This site is optimized with the Yoast SEO plugin v27.3 - https:\/\/yoast.com\/product\/yoast-seo-wordpress\/ -->\n<title>VMI | Conhe\u00e7a nossos princ\u00edpios e valores coorporativos<\/title>\n<meta name=\"description\" content=\"Conhe\u00e7a os princ\u00edpios e valores que norteiam a atua\u00e7\u00e3o da VMI Security e que fazem da empresa brasileira uma l\u00edder global no seu segmento.\" \/>\n<meta name=\"robots\" content=\"index, follow, max-snippet:-1, max-image-preview:large, max-video-preview:-1\" \/>\n<link rel=\"canonical\" href=\"https:\/\/vmisecurity.com\/our-values\/\" \/>\n<meta property=\"og:locale\" content=\"pt_BR\" \/>\n<meta property=\"og:type\" content=\"article\" \/>\n<meta property=\"og:title\" content=\"VMI | Conhe\u00e7a nossos princ\u00edpios e valores coorporativos\" \/>\n<meta property=\"og:description\" content=\"Conhe\u00e7a os princ\u00edpios e valores que norteiam a atua\u00e7\u00e3o da VMI Security e que fazem da empresa brasileira uma l\u00edder global no seu segmento.\" \/>\n<meta property=\"og:url\" content=\"https:\/\/vmisecurity.com\/our-values\/\" \/>\n<meta property=\"og:site_name\" content=\"VMI SECURITY\" \/>\n<meta property=\"article:modified_time\" content=\"2026-03-06T17:51:41+00:00\" \/>\n<meta name=\"twitter:card\" content=\"summary_large_image\" \/>\n<meta name=\"twitter:label1\" content=\"Est. tempo de leitura\" \/>\n\t<meta name=\"twitter:data1\" content=\"1 minuto\" \/>\n<script type=\"application\/ld+json\" class=\"yoast-schema-graph\">{\"@context\":\"https:\\\/\\\/schema.org\",\"@graph\":[{\"@type\":\"WebPage\",\"@id\":\"https:\\\/\\\/vmisecurity.com\\\/our-values\\\/\",\"url\":\"https:\\\/\\\/vmisecurity.com\\\/our-values\\\/\",\"name\":\"VMI | Conhe\u00e7a nossos princ\u00edpios e valores coorporativos\",\"isPartOf\":{\"@id\":\"https:\\\/\\\/vmisecurity.com\\\/#website\"},\"datePublished\":\"2020-09-14T13:59:57+00:00\",\"dateModified\":\"2026-03-06T17:51:41+00:00\",\"description\":\"Conhe\u00e7a os princ\u00edpios e valores que norteiam a atua\u00e7\u00e3o da VMI Security e que fazem da empresa brasileira uma l\u00edder global no seu segmento.\",\"breadcrumb\":{\"@id\":\"https:\\\/\\\/vmisecurity.com\\\/our-values\\\/#breadcrumb\"},\"inLanguage\":\"pt-BR\",\"potentialAction\":[{\"@type\":\"ReadAction\",\"target\":[\"https:\\\/\\\/vmisecurity.com\\\/our-values\\\/\"]}]},{\"@type\":\"BreadcrumbList\",\"@id\":\"https:\\\/\\\/vmisecurity.com\\\/our-values\\\/#breadcrumb\",\"itemListElement\":[{\"@type\":\"ListItem\",\"position\":1,\"name\":\"Home\",\"item\":\"https:\\\/\\\/vmisecurity.com\\\/pt-br\\\/\"},{\"@type\":\"ListItem\",\"position\":2,\"name\":\"Nossos valores\"}]},{\"@type\":\"WebSite\",\"@id\":\"https:\\\/\\\/vmisecurity.com\\\/#website\",\"url\":\"https:\\\/\\\/vmisecurity.com\\\/\",\"name\":\"VMI SECURITY\",\"description\":\"\",\"publisher\":{\"@id\":\"https:\\\/\\\/vmisecurity.com\\\/#organization\"},\"potentialAction\":[{\"@type\":\"SearchAction\",\"target\":{\"@type\":\"EntryPoint\",\"urlTemplate\":\"https:\\\/\\\/vmisecurity.com\\\/?s={search_term_string}\"},\"query-input\":{\"@type\":\"PropertyValueSpecification\",\"valueRequired\":true,\"valueName\":\"search_term_string\"}}],\"inLanguage\":\"pt-BR\"},{\"@type\":\"Organization\",\"@id\":\"https:\\\/\\\/vmisecurity.com\\\/#organization\",\"name\":\"VMI SECURITY\",\"url\":\"https:\\\/\\\/vmisecurity.com\\\/\",\"logo\":{\"@type\":\"ImageObject\",\"inLanguage\":\"pt-BR\",\"@id\":\"https:\\\/\\\/vmisecurity.com\\\/#\\\/schema\\\/logo\\\/image\\\/\",\"url\":\"https:\\\/\\\/vmisecurity.com\\\/wp-content\\\/uploads\\\/2021\\\/11\\\/logo-vmi-trademark.png\",\"contentUrl\":\"https:\\\/\\\/vmisecurity.com\\\/wp-content\\\/uploads\\\/2021\\\/11\\\/logo-vmi-trademark.png\",\"width\":255,\"height\":169,\"caption\":\"VMI SECURITY\"},\"image\":{\"@id\":\"https:\\\/\\\/vmisecurity.com\\\/#\\\/schema\\\/logo\\\/image\\\/\"}}]}<\/script>\n<!-- \/ Yoast SEO plugin. -->","yoast_head_json":{"title":"VMI | Conhe\u00e7a nossos princ\u00edpios e valores coorporativos","description":"Conhe\u00e7a os princ\u00edpios e valores que norteiam a atua\u00e7\u00e3o da VMI Security e que fazem da empresa brasileira uma l\u00edder global no seu segmento.","robots":{"index":"index","follow":"follow","max-snippet":"max-snippet:-1","max-image-preview":"max-image-preview:large","max-video-preview":"max-video-preview:-1"},"canonical":"https:\/\/vmisecurity.com\/our-values\/","og_locale":"pt_BR","og_type":"article","og_title":"VMI | Conhe\u00e7a nossos princ\u00edpios e valores coorporativos","og_description":"Conhe\u00e7a os princ\u00edpios e valores que norteiam a atua\u00e7\u00e3o da VMI Security e que fazem da empresa brasileira uma l\u00edder global no seu segmento.","og_url":"https:\/\/vmisecurity.com\/our-values\/","og_site_name":"VMI SECURITY","article_modified_time":"2026-03-06T17:51:41+00:00","twitter_card":"summary_large_image","twitter_misc":{"Est. tempo de leitura":"1 minuto"},"schema":{"@context":"https:\/\/schema.org","@graph":[{"@type":"WebPage","@id":"https:\/\/vmisecurity.com\/our-values\/","url":"https:\/\/vmisecurity.com\/our-values\/","name":"VMI | Conhe\u00e7a nossos princ\u00edpios e valores coorporativos","isPartOf":{"@id":"https:\/\/vmisecurity.com\/#website"},"datePublished":"2020-09-14T13:59:57+00:00","dateModified":"2026-03-06T17:51:41+00:00","description":"Conhe\u00e7a os princ\u00edpios e valores que norteiam a atua\u00e7\u00e3o da VMI Security e que fazem da empresa brasileira uma l\u00edder global no seu segmento.","breadcrumb":{"@id":"https:\/\/vmisecurity.com\/our-values\/#breadcrumb"},"inLanguage":"pt-BR","potentialAction":[{"@type":"ReadAction","target":["https:\/\/vmisecurity.com\/our-values\/"]}]},{"@type":"BreadcrumbList","@id":"https:\/\/vmisecurity.com\/our-values\/#breadcrumb","itemListElement":[{"@type":"ListItem","position":1,"name":"Home","item":"https:\/\/vmisecurity.com\/pt-br\/"},{"@type":"ListItem","position":2,"name":"Nossos valores"}]},{"@type":"WebSite","@id":"https:\/\/vmisecurity.com\/#website","url":"https:\/\/vmisecurity.com\/","name":"VMI SECURITY","description":"","publisher":{"@id":"https:\/\/vmisecurity.com\/#organization"},"potentialAction":[{"@type":"SearchAction","target":{"@type":"EntryPoint","urlTemplate":"https:\/\/vmisecurity.com\/?s={search_term_string}"},"query-input":{"@type":"PropertyValueSpecification","valueRequired":true,"valueName":"search_term_string"}}],"inLanguage":"pt-BR"},{"@type":"Organization","@id":"https:\/\/vmisecurity.com\/#organization","name":"VMI SECURITY","url":"https:\/\/vmisecurity.com\/","logo":{"@type":"ImageObject","inLanguage":"pt-BR","@id":"https:\/\/vmisecurity.com\/#\/schema\/logo\/image\/","url":"https:\/\/vmisecurity.com\/wp-content\/uploads\/2021\/11\/logo-vmi-trademark.png","contentUrl":"https:\/\/vmisecurity.com\/wp-content\/uploads\/2021\/11\/logo-vmi-trademark.png","width":255,"height":169,"caption":"VMI SECURITY"},"image":{"@id":"https:\/\/vmisecurity.com\/#\/schema\/logo\/image\/"}}]}},"_links":{"self":[{"href":"https:\/\/vmisecurity.com\/pt-br\/wp-json\/wp\/v2\/pages\/273","targetHints":{"allow":["GET"]}}],"collection":[{"href":"https:\/\/vmisecurity.com\/pt-br\/wp-json\/wp\/v2\/pages"}],"about":[{"href":"https:\/\/vmisecurity.com\/pt-br\/wp-json\/wp\/v2\/types\/page"}],"author":[{"embeddable":true,"href":"https:\/\/vmisecurity.com\/pt-br\/wp-json\/wp\/v2\/users\/1"}],"replies":[{"embeddable":true,"href":"https:\/\/vmisecurity.com\/pt-br\/wp-json\/wp\/v2\/comments?post=273"}],"version-history":[{"count":18,"href":"https:\/\/vmisecurity.com\/pt-br\/wp-json\/wp\/v2\/pages\/273\/revisions"}],"predecessor-version":[{"id":23032,"href":"https:\/\/vmisecurity.com\/pt-br\/wp-json\/wp\/v2\/pages\/273\/revisions\/23032"}],"wp:attachment":[{"href":"https:\/\/vmisecurity.com\/pt-br\/wp-json\/wp\/v2\/media?parent=273"}],"curies":[{"name":"wp","href":"https:\/\/api.w.org\/{rel}","templated":true}]}}