{"id":2736,"date":"2020-09-24T15:20:34","date_gmt":"2020-09-24T18:20:34","guid":{"rendered":"http:\/\/167.99.111.69\/?page_id=2736"},"modified":"2023-06-06T13:49:44","modified_gmt":"2023-06-06T13:49:44","slug":"vmi-nosso-blog-noticias-equipamentos-seguranca","status":"publish","type":"page","link":"https:\/\/vmisecurity.com\/pt-br\/vmi-nosso-blog-noticias-equipamentos-seguranca\/","title":{"rendered":"Blog"},"content":{"rendered":"\t\t<div data-elementor-type=\"wp-page\" data-elementor-id=\"2736\" class=\"elementor elementor-2736\" data-elementor-post-type=\"page\">\n\t\t\t\t\t\t<section class=\"elementor-section elementor-top-section elementor-element elementor-element-8353a11 elementor-section-boxed elementor-section-height-default elementor-section-height-default\" data-id=\"8353a11\" data-element_type=\"section\" data-e-type=\"section\">\n\t\t\t\t\t\t<div class=\"elementor-container elementor-column-gap-default\">\n\t\t\t\t\t<div class=\"elementor-column elementor-col-100 elementor-top-column elementor-element elementor-element-b703ec7\" data-id=\"b703ec7\" data-element_type=\"column\" data-e-type=\"column\">\n\t\t\t<div class=\"elementor-widget-wrap\">\n\t\t\t\t\t\t\t<\/div>\n\t\t<\/div>\n\t\t\t\t\t<\/div>\n\t\t<\/section>\n\t\t\t\t<\/div>\n\t\t","protected":false},"excerpt":{"rendered":"<p>Blog VMI Security apresenta suas solu\u00e7\u00f5es na LAAD 2023 VMI Security apresenta suas solu\u00e7\u00f5es na LAAD 2023 A VMI Security, empresa l\u00edder em tecnologias de inspe\u00e7\u00e3o n\u00e3o invasiva, tem o prazer de anunciar sua &#8230; Ler mais \u2192 Blog VMI Security anuncia novidades para o ano de 2023 VMI Security anuncia novidades para o ano [&hellip;]<\/p>\n","protected":false},"author":1,"featured_media":0,"parent":0,"menu_order":0,"comment_status":"closed","ping_status":"closed","template":"","meta":{"footnotes":""},"class_list":["post-2736","page","type-page","status-publish","hentry"],"yoast_head":"<!-- This site is optimized with the Yoast SEO plugin v27.3 - https:\/\/yoast.com\/product\/yoast-seo-wordpress\/ -->\n<title>VMI | Nosso blog - Not\u00edcias sobre equipamentos e solu\u00e7\u00f5es de seguran\u00e7a<\/title>\n<meta name=\"description\" content=\"No nosso blog, voc\u00ea encontra not\u00edcias para ficar por dentro das novidades sobre equipamentos e solu\u00e7\u00f5es de seguran\u00e7a em todo o mundo.\" \/>\n<meta name=\"robots\" content=\"index, follow, max-snippet:-1, max-image-preview:large, max-video-preview:-1\" \/>\n<link rel=\"canonical\" href=\"https:\/\/vmisecurity.com\/vmi-nosso-blog-noticias-equipamentos-seguranca\/\" \/>\n<meta property=\"og:locale\" content=\"pt_BR\" \/>\n<meta property=\"og:type\" content=\"article\" \/>\n<meta property=\"og:title\" content=\"VMI | Nosso blog - Not\u00edcias sobre equipamentos e solu\u00e7\u00f5es de seguran\u00e7a\" \/>\n<meta property=\"og:description\" content=\"No nosso blog, voc\u00ea encontra not\u00edcias para ficar por dentro das novidades sobre equipamentos e solu\u00e7\u00f5es de seguran\u00e7a em todo o mundo.\" \/>\n<meta property=\"og:url\" content=\"https:\/\/vmisecurity.com\/vmi-nosso-blog-noticias-equipamentos-seguranca\/\" \/>\n<meta property=\"og:site_name\" content=\"VMI SECURITY\" \/>\n<meta property=\"article:modified_time\" content=\"2023-06-06T13:49:44+00:00\" \/>\n<meta property=\"og:image\" content=\"https:\/\/vmisecurity.com\/wp-content\/uploads\/2023\/03\/convite-laad-2023-clientes.png\" \/>\n<meta name=\"twitter:card\" content=\"summary_large_image\" \/>\n<meta name=\"twitter:label1\" content=\"Est. tempo de leitura\" \/>\n\t<meta name=\"twitter:data1\" content=\"9 minutos\" \/>\n<script type=\"application\/ld+json\" class=\"yoast-schema-graph\">{\"@context\":\"https:\\\/\\\/schema.org\",\"@graph\":[{\"@type\":\"WebPage\",\"@id\":\"https:\\\/\\\/vmisecurity.com\\\/vmi-nosso-blog-noticias-equipamentos-seguranca\\\/\",\"url\":\"https:\\\/\\\/vmisecurity.com\\\/vmi-nosso-blog-noticias-equipamentos-seguranca\\\/\",\"name\":\"VMI | Nosso blog - Not\u00edcias sobre equipamentos e solu\u00e7\u00f5es de seguran\u00e7a\",\"isPartOf\":{\"@id\":\"https:\\\/\\\/vmisecurity.com\\\/#website\"},\"primaryImageOfPage\":{\"@id\":\"https:\\\/\\\/vmisecurity.com\\\/vmi-nosso-blog-noticias-equipamentos-seguranca\\\/#primaryimage\"},\"image\":{\"@id\":\"https:\\\/\\\/vmisecurity.com\\\/vmi-nosso-blog-noticias-equipamentos-seguranca\\\/#primaryimage\"},\"thumbnailUrl\":\"https:\\\/\\\/vmisecurity.com\\\/wp-content\\\/uploads\\\/2023\\\/03\\\/convite-laad-2023-clientes.png\",\"datePublished\":\"2020-09-24T18:20:34+00:00\",\"dateModified\":\"2023-06-06T13:49:44+00:00\",\"description\":\"No nosso blog, voc\u00ea encontra not\u00edcias para ficar por dentro das novidades sobre equipamentos e solu\u00e7\u00f5es de seguran\u00e7a em todo o mundo.\",\"breadcrumb\":{\"@id\":\"https:\\\/\\\/vmisecurity.com\\\/vmi-nosso-blog-noticias-equipamentos-seguranca\\\/#breadcrumb\"},\"inLanguage\":\"pt-BR\",\"potentialAction\":[{\"@type\":\"ReadAction\",\"target\":[\"https:\\\/\\\/vmisecurity.com\\\/vmi-nosso-blog-noticias-equipamentos-seguranca\\\/\"]}]},{\"@type\":\"ImageObject\",\"inLanguage\":\"pt-BR\",\"@id\":\"https:\\\/\\\/vmisecurity.com\\\/vmi-nosso-blog-noticias-equipamentos-seguranca\\\/#primaryimage\",\"url\":\"https:\\\/\\\/vmisecurity.com\\\/wp-content\\\/uploads\\\/2023\\\/03\\\/convite-laad-2023-clientes.png\",\"contentUrl\":\"https:\\\/\\\/vmisecurity.com\\\/wp-content\\\/uploads\\\/2023\\\/03\\\/convite-laad-2023-clientes.png\"},{\"@type\":\"BreadcrumbList\",\"@id\":\"https:\\\/\\\/vmisecurity.com\\\/vmi-nosso-blog-noticias-equipamentos-seguranca\\\/#breadcrumb\",\"itemListElement\":[{\"@type\":\"ListItem\",\"position\":1,\"name\":\"Home\",\"item\":\"https:\\\/\\\/vmisecurity.com\\\/pt-br\\\/\"},{\"@type\":\"ListItem\",\"position\":2,\"name\":\"Blog\"}]},{\"@type\":\"WebSite\",\"@id\":\"https:\\\/\\\/vmisecurity.com\\\/#website\",\"url\":\"https:\\\/\\\/vmisecurity.com\\\/\",\"name\":\"VMI SECURITY\",\"description\":\"\",\"publisher\":{\"@id\":\"https:\\\/\\\/vmisecurity.com\\\/#organization\"},\"potentialAction\":[{\"@type\":\"SearchAction\",\"target\":{\"@type\":\"EntryPoint\",\"urlTemplate\":\"https:\\\/\\\/vmisecurity.com\\\/?s={search_term_string}\"},\"query-input\":{\"@type\":\"PropertyValueSpecification\",\"valueRequired\":true,\"valueName\":\"search_term_string\"}}],\"inLanguage\":\"pt-BR\"},{\"@type\":\"Organization\",\"@id\":\"https:\\\/\\\/vmisecurity.com\\\/#organization\",\"name\":\"VMI SECURITY\",\"url\":\"https:\\\/\\\/vmisecurity.com\\\/\",\"logo\":{\"@type\":\"ImageObject\",\"inLanguage\":\"pt-BR\",\"@id\":\"https:\\\/\\\/vmisecurity.com\\\/#\\\/schema\\\/logo\\\/image\\\/\",\"url\":\"https:\\\/\\\/vmisecurity.com\\\/wp-content\\\/uploads\\\/2021\\\/11\\\/logo-vmi-trademark.png\",\"contentUrl\":\"https:\\\/\\\/vmisecurity.com\\\/wp-content\\\/uploads\\\/2021\\\/11\\\/logo-vmi-trademark.png\",\"width\":255,\"height\":169,\"caption\":\"VMI SECURITY\"},\"image\":{\"@id\":\"https:\\\/\\\/vmisecurity.com\\\/#\\\/schema\\\/logo\\\/image\\\/\"}}]}<\/script>\n<!-- \/ Yoast SEO plugin. -->","yoast_head_json":{"title":"VMI | Nosso blog - Not\u00edcias sobre equipamentos e solu\u00e7\u00f5es de seguran\u00e7a","description":"No nosso blog, voc\u00ea encontra not\u00edcias para ficar por dentro das novidades sobre equipamentos e solu\u00e7\u00f5es de seguran\u00e7a em todo o mundo.","robots":{"index":"index","follow":"follow","max-snippet":"max-snippet:-1","max-image-preview":"max-image-preview:large","max-video-preview":"max-video-preview:-1"},"canonical":"https:\/\/vmisecurity.com\/vmi-nosso-blog-noticias-equipamentos-seguranca\/","og_locale":"pt_BR","og_type":"article","og_title":"VMI | Nosso blog - Not\u00edcias sobre equipamentos e solu\u00e7\u00f5es de seguran\u00e7a","og_description":"No nosso blog, voc\u00ea encontra not\u00edcias para ficar por dentro das novidades sobre equipamentos e solu\u00e7\u00f5es de seguran\u00e7a em todo o mundo.","og_url":"https:\/\/vmisecurity.com\/vmi-nosso-blog-noticias-equipamentos-seguranca\/","og_site_name":"VMI SECURITY","article_modified_time":"2023-06-06T13:49:44+00:00","og_image":[{"url":"https:\/\/vmisecurity.com\/wp-content\/uploads\/2023\/03\/convite-laad-2023-clientes.png","type":"","width":"","height":""}],"twitter_card":"summary_large_image","twitter_misc":{"Est. tempo de leitura":"9 minutos"},"schema":{"@context":"https:\/\/schema.org","@graph":[{"@type":"WebPage","@id":"https:\/\/vmisecurity.com\/vmi-nosso-blog-noticias-equipamentos-seguranca\/","url":"https:\/\/vmisecurity.com\/vmi-nosso-blog-noticias-equipamentos-seguranca\/","name":"VMI | Nosso blog - Not\u00edcias sobre equipamentos e solu\u00e7\u00f5es de seguran\u00e7a","isPartOf":{"@id":"https:\/\/vmisecurity.com\/#website"},"primaryImageOfPage":{"@id":"https:\/\/vmisecurity.com\/vmi-nosso-blog-noticias-equipamentos-seguranca\/#primaryimage"},"image":{"@id":"https:\/\/vmisecurity.com\/vmi-nosso-blog-noticias-equipamentos-seguranca\/#primaryimage"},"thumbnailUrl":"https:\/\/vmisecurity.com\/wp-content\/uploads\/2023\/03\/convite-laad-2023-clientes.png","datePublished":"2020-09-24T18:20:34+00:00","dateModified":"2023-06-06T13:49:44+00:00","description":"No nosso blog, voc\u00ea encontra not\u00edcias para ficar por dentro das novidades sobre equipamentos e solu\u00e7\u00f5es de seguran\u00e7a em todo o mundo.","breadcrumb":{"@id":"https:\/\/vmisecurity.com\/vmi-nosso-blog-noticias-equipamentos-seguranca\/#breadcrumb"},"inLanguage":"pt-BR","potentialAction":[{"@type":"ReadAction","target":["https:\/\/vmisecurity.com\/vmi-nosso-blog-noticias-equipamentos-seguranca\/"]}]},{"@type":"ImageObject","inLanguage":"pt-BR","@id":"https:\/\/vmisecurity.com\/vmi-nosso-blog-noticias-equipamentos-seguranca\/#primaryimage","url":"https:\/\/vmisecurity.com\/wp-content\/uploads\/2023\/03\/convite-laad-2023-clientes.png","contentUrl":"https:\/\/vmisecurity.com\/wp-content\/uploads\/2023\/03\/convite-laad-2023-clientes.png"},{"@type":"BreadcrumbList","@id":"https:\/\/vmisecurity.com\/vmi-nosso-blog-noticias-equipamentos-seguranca\/#breadcrumb","itemListElement":[{"@type":"ListItem","position":1,"name":"Home","item":"https:\/\/vmisecurity.com\/pt-br\/"},{"@type":"ListItem","position":2,"name":"Blog"}]},{"@type":"WebSite","@id":"https:\/\/vmisecurity.com\/#website","url":"https:\/\/vmisecurity.com\/","name":"VMI SECURITY","description":"","publisher":{"@id":"https:\/\/vmisecurity.com\/#organization"},"potentialAction":[{"@type":"SearchAction","target":{"@type":"EntryPoint","urlTemplate":"https:\/\/vmisecurity.com\/?s={search_term_string}"},"query-input":{"@type":"PropertyValueSpecification","valueRequired":true,"valueName":"search_term_string"}}],"inLanguage":"pt-BR"},{"@type":"Organization","@id":"https:\/\/vmisecurity.com\/#organization","name":"VMI SECURITY","url":"https:\/\/vmisecurity.com\/","logo":{"@type":"ImageObject","inLanguage":"pt-BR","@id":"https:\/\/vmisecurity.com\/#\/schema\/logo\/image\/","url":"https:\/\/vmisecurity.com\/wp-content\/uploads\/2021\/11\/logo-vmi-trademark.png","contentUrl":"https:\/\/vmisecurity.com\/wp-content\/uploads\/2021\/11\/logo-vmi-trademark.png","width":255,"height":169,"caption":"VMI SECURITY"},"image":{"@id":"https:\/\/vmisecurity.com\/#\/schema\/logo\/image\/"}}]}},"_links":{"self":[{"href":"https:\/\/vmisecurity.com\/pt-br\/wp-json\/wp\/v2\/pages\/2736","targetHints":{"allow":["GET"]}}],"collection":[{"href":"https:\/\/vmisecurity.com\/pt-br\/wp-json\/wp\/v2\/pages"}],"about":[{"href":"https:\/\/vmisecurity.com\/pt-br\/wp-json\/wp\/v2\/types\/page"}],"author":[{"embeddable":true,"href":"https:\/\/vmisecurity.com\/pt-br\/wp-json\/wp\/v2\/users\/1"}],"replies":[{"embeddable":true,"href":"https:\/\/vmisecurity.com\/pt-br\/wp-json\/wp\/v2\/comments?post=2736"}],"version-history":[{"count":25,"href":"https:\/\/vmisecurity.com\/pt-br\/wp-json\/wp\/v2\/pages\/2736\/revisions"}],"predecessor-version":[{"id":18057,"href":"https:\/\/vmisecurity.com\/pt-br\/wp-json\/wp\/v2\/pages\/2736\/revisions\/18057"}],"wp:attachment":[{"href":"https:\/\/vmisecurity.com\/pt-br\/wp-json\/wp\/v2\/media?parent=2736"}],"curies":[{"name":"wp","href":"https:\/\/api.w.org\/{rel}","templated":true}]}}