{"id":280,"date":"2020-09-14T11:05:54","date_gmt":"2020-09-14T14:05:54","guid":{"rendered":"https:\/\/agenciabunny.com\/Cliente\/vmi\/?page_id=280"},"modified":"2020-09-14T11:05:54","modified_gmt":"2020-09-14T14:05:54","slug":"imprensa-noticias-destaque-vmi","status":"publish","type":"page","link":"https:\/\/vmisecurity.com\/pt-br\/imprensa-noticias-destaque-vmi\/","title":{"rendered":"Imprensa"},"content":{"rendered":"\t\t<div data-elementor-type=\"wp-page\" data-elementor-id=\"280\" class=\"elementor elementor-280\" data-elementor-post-type=\"page\">\n\t\t\t\t\t\t<section class=\"elementor-section elementor-top-section elementor-element elementor-element-4e360b6d elementor-section-stretched elementor-section-boxed elementor-section-height-default elementor-section-height-default\" data-id=\"4e360b6d\" data-element_type=\"section\" data-e-type=\"section\" data-settings=\"{&quot;stretch_section&quot;:&quot;section-stretched&quot;,&quot;background_background&quot;:&quot;classic&quot;}\">\n\t\t\t\t\t\t<div class=\"elementor-container elementor-column-gap-default\">\n\t\t\t\t\t<div class=\"elementor-column elementor-col-100 elementor-top-column elementor-element elementor-element-6c0530d0\" data-id=\"6c0530d0\" data-element_type=\"column\" data-e-type=\"column\">\n\t\t\t<div class=\"elementor-widget-wrap elementor-element-populated\">\n\t\t\t\t\t\t<section class=\"elementor-section elementor-inner-section elementor-element elementor-element-296b319 elementor-section-boxed elementor-section-height-default elementor-section-height-default\" data-id=\"296b319\" data-element_type=\"section\" data-e-type=\"section\">\n\t\t\t\t\t\t<div class=\"elementor-container elementor-column-gap-default\">\n\t\t\t\t\t<div class=\"elementor-column elementor-col-25 elementor-inner-column elementor-element elementor-element-71f5c919\" data-id=\"71f5c919\" data-element_type=\"column\" data-e-type=\"column\">\n\t\t\t<div class=\"elementor-widget-wrap\">\n\t\t\t\t\t\t\t<\/div>\n\t\t<\/div>\n\t\t\t\t<div class=\"elementor-column elementor-col-50 elementor-inner-column elementor-element elementor-element-253c2a8a\" data-id=\"253c2a8a\" data-element_type=\"column\" data-e-type=\"column\">\n\t\t\t<div class=\"elementor-widget-wrap elementor-element-populated\">\n\t\t\t\t\t\t<div class=\"elementor-element elementor-element-68cad5aa elementor-widget elementor-widget-text-editor\" data-id=\"68cad5aa\" data-element_type=\"widget\" data-e-type=\"widget\" data-widget_type=\"text-editor.default\">\n\t\t\t\t\t\t\t\t\t<p>VMI Security \u00e9 destaque na imprensa nacional e internacional.\u00a0<\/p>\t\t\t\t\t\t\t\t<\/div>\n\t\t\t\t\t<\/div>\n\t\t<\/div>\n\t\t\t\t<div class=\"elementor-column elementor-col-25 elementor-inner-column elementor-element elementor-element-395917db\" data-id=\"395917db\" data-element_type=\"column\" data-e-type=\"column\">\n\t\t\t<div class=\"elementor-widget-wrap\">\n\t\t\t\t\t\t\t<\/div>\n\t\t<\/div>\n\t\t\t\t\t<\/div>\n\t\t<\/section>\n\t\t\t\t\t<\/div>\n\t\t<\/div>\n\t\t\t\t\t<\/div>\n\t\t<\/section>\n\t\t\t\t<section class=\"elementor-section elementor-top-section elementor-element elementor-element-6379c8aa elementor-section-boxed elementor-section-height-default elementor-section-height-default\" data-id=\"6379c8aa\" data-element_type=\"section\" data-e-type=\"section\">\n\t\t\t\t\t\t<div class=\"elementor-container elementor-column-gap-default\">\n\t\t\t\t\t<div class=\"elementor-column elementor-col-100 elementor-top-column elementor-element elementor-element-1e9f7a63\" data-id=\"1e9f7a63\" data-element_type=\"column\" data-e-type=\"column\" data-settings=\"{&quot;background_background&quot;:&quot;classic&quot;}\">\n\t\t\t<div class=\"elementor-widget-wrap\">\n\t\t\t\t\t\t\t<\/div>\n\t\t<\/div>\n\t\t\t\t\t<\/div>\n\t\t<\/section>\n\t\t\t\t<\/div>\n\t\t","protected":false},"excerpt":{"rendered":"<p>VMI Security \u00e9 destaque na imprensa nacional e internacional.&nbsp; FIEMG Industrial do Ano, Ot\u00e1vio Viegas se destaca por inova\u00e7\u00f5es no diagn\u00f3stico por imagem Idealizador, fundador e presidente da VMI Tecnologias, Ot\u00e1vio Viegas concluiu um sonho \u2026 Leia Mais \u2192 M\u00eddia Max Ap\u00f3s MPF fechar portas, MPMS instala at\u00e9 detector de metais na fronteira Depois do [&hellip;]<\/p>\n","protected":false},"author":1,"featured_media":0,"parent":0,"menu_order":0,"comment_status":"closed","ping_status":"closed","template":"","meta":{"footnotes":""},"class_list":["post-280","page","type-page","status-publish","hentry"],"yoast_head":"<!-- This site is optimized with the Yoast SEO plugin v27.3 - https:\/\/yoast.com\/product\/yoast-seo-wordpress\/ -->\n<title>VMI | Not\u00edcias e inova\u00e7\u00f5es que s\u00e3o destaque na imprensa internacional<\/title>\n<meta name=\"description\" content=\"Conhe\u00e7a as inova\u00e7\u00f5es e tecnologias em scanners e raios-x que tornam a VMI Security destaque na imprensa nacional e internacional.\" \/>\n<meta name=\"robots\" content=\"index, follow, max-snippet:-1, max-image-preview:large, max-video-preview:-1\" \/>\n<link rel=\"canonical\" href=\"https:\/\/vmisecurity.com\/pt-br\/imprensa-noticias-destaque-vmi\/\" \/>\n<meta property=\"og:locale\" content=\"pt_BR\" \/>\n<meta property=\"og:type\" content=\"article\" \/>\n<meta property=\"og:title\" content=\"VMI | Not\u00edcias e inova\u00e7\u00f5es que s\u00e3o destaque na imprensa internacional\" \/>\n<meta property=\"og:description\" content=\"Conhe\u00e7a as inova\u00e7\u00f5es e tecnologias em scanners e raios-x que tornam a VMI Security destaque na imprensa nacional e internacional.\" \/>\n<meta property=\"og:url\" content=\"https:\/\/vmisecurity.com\/pt-br\/imprensa-noticias-destaque-vmi\/\" \/>\n<meta property=\"og:site_name\" content=\"VMI SECURITY\" \/>\n<meta name=\"twitter:card\" content=\"summary_large_image\" \/>\n<meta name=\"twitter:label1\" content=\"Est. tempo de leitura\" \/>\n\t<meta name=\"twitter:data1\" content=\"1 minuto\" \/>\n<script type=\"application\/ld+json\" class=\"yoast-schema-graph\">{\"@context\":\"https:\\\/\\\/schema.org\",\"@graph\":[{\"@type\":\"WebPage\",\"@id\":\"https:\\\/\\\/vmisecurity.com\\\/pt-br\\\/imprensa-noticias-destaque-vmi\\\/\",\"url\":\"https:\\\/\\\/vmisecurity.com\\\/pt-br\\\/imprensa-noticias-destaque-vmi\\\/\",\"name\":\"VMI | Not\u00edcias e inova\u00e7\u00f5es que s\u00e3o destaque na imprensa internacional\",\"isPartOf\":{\"@id\":\"https:\\\/\\\/vmisecurity.com\\\/#website\"},\"datePublished\":\"2020-09-14T14:05:54+00:00\",\"description\":\"Conhe\u00e7a as inova\u00e7\u00f5es e tecnologias em scanners e raios-x que tornam a VMI Security destaque na imprensa nacional e internacional.\",\"breadcrumb\":{\"@id\":\"https:\\\/\\\/vmisecurity.com\\\/pt-br\\\/imprensa-noticias-destaque-vmi\\\/#breadcrumb\"},\"inLanguage\":\"pt-BR\",\"potentialAction\":[{\"@type\":\"ReadAction\",\"target\":[\"https:\\\/\\\/vmisecurity.com\\\/pt-br\\\/imprensa-noticias-destaque-vmi\\\/\"]}]},{\"@type\":\"BreadcrumbList\",\"@id\":\"https:\\\/\\\/vmisecurity.com\\\/pt-br\\\/imprensa-noticias-destaque-vmi\\\/#breadcrumb\",\"itemListElement\":[{\"@type\":\"ListItem\",\"position\":1,\"name\":\"Home\",\"item\":\"https:\\\/\\\/vmisecurity.com\\\/pt-br\\\/\"},{\"@type\":\"ListItem\",\"position\":2,\"name\":\"Imprensa\"}]},{\"@type\":\"WebSite\",\"@id\":\"https:\\\/\\\/vmisecurity.com\\\/#website\",\"url\":\"https:\\\/\\\/vmisecurity.com\\\/\",\"name\":\"VMI SECURITY\",\"description\":\"\",\"publisher\":{\"@id\":\"https:\\\/\\\/vmisecurity.com\\\/#organization\"},\"potentialAction\":[{\"@type\":\"SearchAction\",\"target\":{\"@type\":\"EntryPoint\",\"urlTemplate\":\"https:\\\/\\\/vmisecurity.com\\\/?s={search_term_string}\"},\"query-input\":{\"@type\":\"PropertyValueSpecification\",\"valueRequired\":true,\"valueName\":\"search_term_string\"}}],\"inLanguage\":\"pt-BR\"},{\"@type\":\"Organization\",\"@id\":\"https:\\\/\\\/vmisecurity.com\\\/#organization\",\"name\":\"VMI SECURITY\",\"url\":\"https:\\\/\\\/vmisecurity.com\\\/\",\"logo\":{\"@type\":\"ImageObject\",\"inLanguage\":\"pt-BR\",\"@id\":\"https:\\\/\\\/vmisecurity.com\\\/#\\\/schema\\\/logo\\\/image\\\/\",\"url\":\"https:\\\/\\\/vmisecurity.com\\\/wp-content\\\/uploads\\\/2021\\\/11\\\/logo-vmi-trademark.png\",\"contentUrl\":\"https:\\\/\\\/vmisecurity.com\\\/wp-content\\\/uploads\\\/2021\\\/11\\\/logo-vmi-trademark.png\",\"width\":255,\"height\":169,\"caption\":\"VMI SECURITY\"},\"image\":{\"@id\":\"https:\\\/\\\/vmisecurity.com\\\/#\\\/schema\\\/logo\\\/image\\\/\"}}]}<\/script>\n<!-- \/ Yoast SEO plugin. -->","yoast_head_json":{"title":"VMI | Not\u00edcias e inova\u00e7\u00f5es que s\u00e3o destaque na imprensa internacional","description":"Conhe\u00e7a as inova\u00e7\u00f5es e tecnologias em scanners e raios-x que tornam a VMI Security destaque na imprensa nacional e internacional.","robots":{"index":"index","follow":"follow","max-snippet":"max-snippet:-1","max-image-preview":"max-image-preview:large","max-video-preview":"max-video-preview:-1"},"canonical":"https:\/\/vmisecurity.com\/pt-br\/imprensa-noticias-destaque-vmi\/","og_locale":"pt_BR","og_type":"article","og_title":"VMI | Not\u00edcias e inova\u00e7\u00f5es que s\u00e3o destaque na imprensa internacional","og_description":"Conhe\u00e7a as inova\u00e7\u00f5es e tecnologias em scanners e raios-x que tornam a VMI Security destaque na imprensa nacional e internacional.","og_url":"https:\/\/vmisecurity.com\/pt-br\/imprensa-noticias-destaque-vmi\/","og_site_name":"VMI SECURITY","twitter_card":"summary_large_image","twitter_misc":{"Est. tempo de leitura":"1 minuto"},"schema":{"@context":"https:\/\/schema.org","@graph":[{"@type":"WebPage","@id":"https:\/\/vmisecurity.com\/pt-br\/imprensa-noticias-destaque-vmi\/","url":"https:\/\/vmisecurity.com\/pt-br\/imprensa-noticias-destaque-vmi\/","name":"VMI | Not\u00edcias e inova\u00e7\u00f5es que s\u00e3o destaque na imprensa internacional","isPartOf":{"@id":"https:\/\/vmisecurity.com\/#website"},"datePublished":"2020-09-14T14:05:54+00:00","description":"Conhe\u00e7a as inova\u00e7\u00f5es e tecnologias em scanners e raios-x que tornam a VMI Security destaque na imprensa nacional e internacional.","breadcrumb":{"@id":"https:\/\/vmisecurity.com\/pt-br\/imprensa-noticias-destaque-vmi\/#breadcrumb"},"inLanguage":"pt-BR","potentialAction":[{"@type":"ReadAction","target":["https:\/\/vmisecurity.com\/pt-br\/imprensa-noticias-destaque-vmi\/"]}]},{"@type":"BreadcrumbList","@id":"https:\/\/vmisecurity.com\/pt-br\/imprensa-noticias-destaque-vmi\/#breadcrumb","itemListElement":[{"@type":"ListItem","position":1,"name":"Home","item":"https:\/\/vmisecurity.com\/pt-br\/"},{"@type":"ListItem","position":2,"name":"Imprensa"}]},{"@type":"WebSite","@id":"https:\/\/vmisecurity.com\/#website","url":"https:\/\/vmisecurity.com\/","name":"VMI SECURITY","description":"","publisher":{"@id":"https:\/\/vmisecurity.com\/#organization"},"potentialAction":[{"@type":"SearchAction","target":{"@type":"EntryPoint","urlTemplate":"https:\/\/vmisecurity.com\/?s={search_term_string}"},"query-input":{"@type":"PropertyValueSpecification","valueRequired":true,"valueName":"search_term_string"}}],"inLanguage":"pt-BR"},{"@type":"Organization","@id":"https:\/\/vmisecurity.com\/#organization","name":"VMI SECURITY","url":"https:\/\/vmisecurity.com\/","logo":{"@type":"ImageObject","inLanguage":"pt-BR","@id":"https:\/\/vmisecurity.com\/#\/schema\/logo\/image\/","url":"https:\/\/vmisecurity.com\/wp-content\/uploads\/2021\/11\/logo-vmi-trademark.png","contentUrl":"https:\/\/vmisecurity.com\/wp-content\/uploads\/2021\/11\/logo-vmi-trademark.png","width":255,"height":169,"caption":"VMI SECURITY"},"image":{"@id":"https:\/\/vmisecurity.com\/#\/schema\/logo\/image\/"}}]}},"_links":{"self":[{"href":"https:\/\/vmisecurity.com\/pt-br\/wp-json\/wp\/v2\/pages\/280","targetHints":{"allow":["GET"]}}],"collection":[{"href":"https:\/\/vmisecurity.com\/pt-br\/wp-json\/wp\/v2\/pages"}],"about":[{"href":"https:\/\/vmisecurity.com\/pt-br\/wp-json\/wp\/v2\/types\/page"}],"author":[{"embeddable":true,"href":"https:\/\/vmisecurity.com\/pt-br\/wp-json\/wp\/v2\/users\/1"}],"replies":[{"embeddable":true,"href":"https:\/\/vmisecurity.com\/pt-br\/wp-json\/wp\/v2\/comments?post=280"}],"version-history":[{"count":0,"href":"https:\/\/vmisecurity.com\/pt-br\/wp-json\/wp\/v2\/pages\/280\/revisions"}],"wp:attachment":[{"href":"https:\/\/vmisecurity.com\/pt-br\/wp-json\/wp\/v2\/media?parent=280"}],"curies":[{"name":"wp","href":"https:\/\/api.w.org\/{rel}","templated":true}]}}